{"id":8313,"date":"2025-07-03T15:29:13","date_gmt":"2025-07-03T18:29:13","guid":{"rendered":"https:\/\/hospitalariars.com.br\/?post_type=product&#038;p=8313"},"modified":"2026-03-27T16:03:35","modified_gmt":"2026-03-27T19:03:35","slug":"cola-cirurgica-derma-flex-dbi-med","status":"publish","type":"product","link":"https:\/\/hospitalariars.com.br\/index.php\/produto\/cola-cirurgica-derma-flex-dbi-med\/","title":{"rendered":"Cola Cir\u00fargica Derma + Flex &#8211; Dbi Med"},"content":{"rendered":"<p>Derma+flex\u00ae \u00e9 uma cola cir\u00fargica<br \/>\nadesiva, indicada para fechamento<br \/>\nde pele em procedimentos<br \/>\ncir\u00fargicos.<\/p>\n<p>14 dias de barreira microbiana (desde que<\/p>\n<p>o filme adesivo esteja intacto)<\/p>\n<p>F\u00f3rmula amig\u00e1vel para banho<\/p>\n<p>Volume: 0.7 ml.<\/p>\n","protected":false},"excerpt":{"rendered":"Derma+flex\u00ae \u00e9 uma cola cir\u00fargica adesiva, indicada para fechamento de pele em procedimentos cir\u00fargicos. 14 dias de barreira&hellip;","protected":false},"featured_media":8315,"comment_status":"open","ping_status":"closed","template":"","meta":{"slim_seo":{"title":"Cola Cir\u00fargica Derma + Flex - Dbi Med - Hospitalaria RS","description":"Derma+flex\u00ae \u00e9 uma cola cir\u00fargica adesiva, indicada para fechamento de pele em procedimentos cir\u00fargicos. 14 dias de barreira microbiana (desde que o filme adesiv"}},"product_brand":[973],"product_cat":[36],"product_tag":[1022,1018,1020,1015,1019,1016,1017,1021],"class_list":{"0":"post-8313","1":"product","2":"type-product","3":"status-publish","4":"has-post-thumbnail","6":"product_brand-dbi-med","7":"product_cat-materiais-de-consumo","8":"product_tag-0-7ml","9":"product_tag-adesivo-cirurgico","10":"product_tag-barreira-microbiana","11":"product_tag-cola-cirurgica","12":"product_tag-cola-medica","13":"product_tag-dermaflex","14":"product_tag-fechamento-de-pele","15":"product_tag-procedimentos-cirurgicos","16":"mbf-entry","18":"first","19":"outofstock","20":"shipping-taxable","21":"product-type-variable"},"_links":{"self":[{"href":"https:\/\/hospitalariars.com.br\/index.php\/wp-json\/wp\/v2\/product\/8313","targetHints":{"allow":["GET"]}}],"collection":[{"href":"https:\/\/hospitalariars.com.br\/index.php\/wp-json\/wp\/v2\/product"}],"about":[{"href":"https:\/\/hospitalariars.com.br\/index.php\/wp-json\/wp\/v2\/types\/product"}],"replies":[{"embeddable":true,"href":"https:\/\/hospitalariars.com.br\/index.php\/wp-json\/wp\/v2\/comments?post=8313"}],"wp:featuredmedia":[{"embeddable":true,"href":"https:\/\/hospitalariars.com.br\/index.php\/wp-json\/wp\/v2\/media\/8315"}],"wp:attachment":[{"href":"https:\/\/hospitalariars.com.br\/index.php\/wp-json\/wp\/v2\/media?parent=8313"}],"wp:term":[{"taxonomy":"product_brand","embeddable":true,"href":"https:\/\/hospitalariars.com.br\/index.php\/wp-json\/wp\/v2\/product_brand?post=8313"},{"taxonomy":"product_cat","embeddable":true,"href":"https:\/\/hospitalariars.com.br\/index.php\/wp-json\/wp\/v2\/product_cat?post=8313"},{"taxonomy":"product_tag","embeddable":true,"href":"https:\/\/hospitalariars.com.br\/index.php\/wp-json\/wp\/v2\/product_tag?post=8313"}],"curies":[{"name":"wp","href":"https:\/\/api.w.org\/{rel}","templated":true}]}}