{"id":8327,"date":"2025-07-03T15:51:48","date_gmt":"2025-07-03T18:51:48","guid":{"rendered":"https:\/\/hospitalariars.com.br\/?post_type=product&#038;p=8327"},"modified":"2026-03-27T16:03:34","modified_gmt":"2026-03-27T19:03:34","slug":"eletrodo-para-monitoramento-dbi-med","status":"publish","type":"product","link":"https:\/\/hospitalariars.com.br\/index.php\/produto\/eletrodo-para-monitoramento-dbi-med\/","title":{"rendered":"Eletrodo para Monitoramento &#8211; Dbi Med"},"content":{"rendered":"<p>Maior \u00e1rea de gel s\u00f3lido, hipoalerg\u00eanico e de consist\u00eancia<\/p>\n<p>viscosa para qualidade uniforme no sinal<\/p>\n<p>Sensor de alta performance, garantindo baixos n\u00edveis de imped\u00e2ncia<\/p>\n<p>Fixa\u00e7\u00e3o instant\u00e2nea, seu adesivo superior impede o descolamento<\/p>\n<p>Dorso em espuma de PE, resistente, confort\u00e1vel e f\u00e1cil manuseio<\/p>\n<p>Sensor em Ag\/AgCI (exceto o modelo MP43C).<\/p>\n","protected":false},"excerpt":{"rendered":"Maior \u00e1rea de gel s\u00f3lido, hipoalerg\u00eanico e de consist\u00eancia viscosa para qualidade uniforme no sinal Sensor de alta&hellip;","protected":false},"featured_media":8328,"comment_status":"open","ping_status":"closed","template":"","meta":{"slim_seo":{"title":"Eletrodo para Monitoramento - Dbi Med - Hospitalaria RS","description":"Maior \u00e1rea de gel s\u00f3lido, hipoalerg\u00eanico e de consist\u00eancia viscosa para qualidade uniforme no sinal Sensor de alta performance, garantindo baixos n\u00edveis de impe"}},"product_brand":[973],"product_cat":[975],"product_tag":[1033,1029,617,1032,1035,1034,1030,1036,1037,1031],"class_list":{"0":"post-8327","1":"product","2":"type-product","3":"status-publish","4":"has-post-thumbnail","6":"product_brand-dbi-med","7":"product_cat-acessorios","8":"product_tag-baixa-impedancia","9":"product_tag-eletrodo-adesivo","10":"product_tag-eletrodo-descartavel","11":"product_tag-eletrodo-hipoalergenico","12":"product_tag-espuma-pe","13":"product_tag-fixacao-instantanea","14":"product_tag-gel-solido","15":"product_tag-monitoramento-cardiaco","16":"product_tag-procedimentos-hospitalares","17":"product_tag-sensor-ag-agcl","18":"mbf-entry","20":"first","21":"outofstock","22":"shipping-taxable","23":"product-type-variable"},"_links":{"self":[{"href":"https:\/\/hospitalariars.com.br\/index.php\/wp-json\/wp\/v2\/product\/8327","targetHints":{"allow":["GET"]}}],"collection":[{"href":"https:\/\/hospitalariars.com.br\/index.php\/wp-json\/wp\/v2\/product"}],"about":[{"href":"https:\/\/hospitalariars.com.br\/index.php\/wp-json\/wp\/v2\/types\/product"}],"replies":[{"embeddable":true,"href":"https:\/\/hospitalariars.com.br\/index.php\/wp-json\/wp\/v2\/comments?post=8327"}],"wp:featuredmedia":[{"embeddable":true,"href":"https:\/\/hospitalariars.com.br\/index.php\/wp-json\/wp\/v2\/media\/8328"}],"wp:attachment":[{"href":"https:\/\/hospitalariars.com.br\/index.php\/wp-json\/wp\/v2\/media?parent=8327"}],"wp:term":[{"taxonomy":"product_brand","embeddable":true,"href":"https:\/\/hospitalariars.com.br\/index.php\/wp-json\/wp\/v2\/product_brand?post=8327"},{"taxonomy":"product_cat","embeddable":true,"href":"https:\/\/hospitalariars.com.br\/index.php\/wp-json\/wp\/v2\/product_cat?post=8327"},{"taxonomy":"product_tag","embeddable":true,"href":"https:\/\/hospitalariars.com.br\/index.php\/wp-json\/wp\/v2\/product_tag?post=8327"}],"curies":[{"name":"wp","href":"https:\/\/api.w.org\/{rel}","templated":true}]}}