{"id":8336,"date":"2025-07-03T15:57:01","date_gmt":"2025-07-03T18:57:01","guid":{"rendered":"https:\/\/hospitalariars.com.br\/?post_type=product&#038;p=8336"},"modified":"2026-03-27T16:03:34","modified_gmt":"2026-03-27T19:03:34","slug":"eletrodo-tipo-bis-dbi-med","status":"publish","type":"product","link":"https:\/\/hospitalariars.com.br\/index.php\/produto\/eletrodo-tipo-bis-dbi-med\/","title":{"rendered":"Eletrodo tipo BIS &#8211; Dbi Med"},"content":{"rendered":"<p>O Eletrodo tipo BIS (Bispectral Index) \u00e9 utilizado para monitorar a profundidade da<br \/>\nanestesia, ou seja, o n\u00edvel de consci\u00eancia do paciente durante a anestesia geral.<\/p>\n<p>O \u00cdndice Bispectral \u00e9 um par\u00e2metro que realiza a monitoriza\u00e7\u00e3o cerebral e faz<br \/>\numa avalia\u00e7\u00e3o direta dos efeitos de uma anestesia no paciente, indicando seu<br \/>\nn\u00edvel de consci\u00eancia. A leitura \u00e9 feita analisando as atividades cerebrais no c\u00f3rtex<br \/>\nfrontal, por um sinal de EEG.<\/p>\n<p>Uso em um \u00fanico paciente<\/p>\n<p>Pode reduzir a dosagem dos principais narc\u00f3ticos<\/p>\n<p>L\u00e1tex free<\/p>\n<p>Pode encurtar o tempo de despertar e recupera\u00e7\u00e3o<\/p>\n<p>Embalagem individual<\/p>\n<p>Melhora o grau de conforto do paciente<\/p>\n<p>Caixa com 25 unidades<\/p>\n<p>Mede a atividade cerebral em pacientes adultos submetidos a<br \/>\nanestesia geral ou seda\u00e7\u00e3o<\/p>\n<p>Reduz a incid\u00eancia de consci\u00eancia intraoperat\u00f3ria e recorda\u00e7\u00e3o<br \/>\np\u00f3s-operat\u00f3ria<\/p>\n","protected":false},"excerpt":{"rendered":"O Eletrodo tipo BIS (Bispectral Index) \u00e9 utilizado para monitorar a profundidade da anestesia, ou seja, o n\u00edvel&hellip;","protected":false},"featured_media":8337,"comment_status":"open","ping_status":"closed","template":"","meta":{"slim_seo":{"title":"Eletrodo tipo BIS - Dbi Med - Hospitalaria RS","description":"O Eletrodo tipo BIS (Bispectral Index) \u00e9 utilizado para monitorar a profundidade da anestesia, ou seja, o n\u00edvel de consci\u00eancia do paciente durante a anestesia g"}},"product_brand":[973],"product_cat":[34],"product_tag":[1045,1043,1041,1038,617,1040,1042,1039,1046,1044],"class_list":{"0":"post-8336","1":"product","2":"type-product","3":"status-publish","4":"has-post-thumbnail","6":"product_brand-dbi-med","7":"product_cat-equipamentos","8":"product_tag-anestesia-geral","9":"product_tag-consciencia-intraoperatoria","10":"product_tag-eeg","11":"product_tag-eletrodo-bis","12":"product_tag-eletrodo-descartavel","13":"product_tag-indice-bispectral","14":"product_tag-latex-free","15":"product_tag-monitoramento-anestesico","16":"product_tag-monitoramento-cerebral","17":"product_tag-sedacao","18":"mbf-entry","20":"first","21":"outofstock","22":"shipping-taxable","23":"product-type-variable"},"_links":{"self":[{"href":"https:\/\/hospitalariars.com.br\/index.php\/wp-json\/wp\/v2\/product\/8336","targetHints":{"allow":["GET"]}}],"collection":[{"href":"https:\/\/hospitalariars.com.br\/index.php\/wp-json\/wp\/v2\/product"}],"about":[{"href":"https:\/\/hospitalariars.com.br\/index.php\/wp-json\/wp\/v2\/types\/product"}],"replies":[{"embeddable":true,"href":"https:\/\/hospitalariars.com.br\/index.php\/wp-json\/wp\/v2\/comments?post=8336"}],"wp:featuredmedia":[{"embeddable":true,"href":"https:\/\/hospitalariars.com.br\/index.php\/wp-json\/wp\/v2\/media\/8337"}],"wp:attachment":[{"href":"https:\/\/hospitalariars.com.br\/index.php\/wp-json\/wp\/v2\/media?parent=8336"}],"wp:term":[{"taxonomy":"product_brand","embeddable":true,"href":"https:\/\/hospitalariars.com.br\/index.php\/wp-json\/wp\/v2\/product_brand?post=8336"},{"taxonomy":"product_cat","embeddable":true,"href":"https:\/\/hospitalariars.com.br\/index.php\/wp-json\/wp\/v2\/product_cat?post=8336"},{"taxonomy":"product_tag","embeddable":true,"href":"https:\/\/hospitalariars.com.br\/index.php\/wp-json\/wp\/v2\/product_tag?post=8336"}],"curies":[{"name":"wp","href":"https:\/\/api.w.org\/{rel}","templated":true}]}}