{"id":8354,"date":"2025-07-04T10:27:54","date_gmt":"2025-07-04T13:27:54","guid":{"rendered":"https:\/\/hospitalariars.com.br\/?post_type=product&#038;p=8354"},"modified":"2026-03-27T16:03:34","modified_gmt":"2026-03-27T19:03:34","slug":"umidificador-o2-c-frasco-plastico-250-ml-haoxi","status":"publish","type":"product","link":"https:\/\/hospitalariars.com.br\/index.php\/produto\/umidificador-o2-c-frasco-plastico-250-ml-haoxi\/","title":{"rendered":"Umidificador o2 c\/ frasco  pl\u00e1stico 250 ml &#8211; Haoxi"},"content":{"rendered":"<p data-start=\"267\" data-end=\"522\"><strong data-start=\"267\" data-end=\"281\">Descri\u00e7\u00e3o:<\/strong><br data-start=\"281\" data-end=\"284\" \/>O Umidificador de Oxig\u00eanio Haoxi com frasco pl\u00e1stico de 250 ml \u00e9 utilizado em conjunto com cilindros ou flux\u00f4metros para fornecer oxig\u00eanio umidificado ao paciente, prevenindo o ressecamento das vias respirat\u00f3rias durante a oxigenoterapia.<\/p>\n<p data-start=\"524\" data-end=\"715\">Desenvolvido em material resistente e de f\u00e1cil manuseio, possui <strong data-start=\"588\" data-end=\"611\">frasco transparente<\/strong> que facilita a visualiza\u00e7\u00e3o do n\u00edvel de \u00e1gua e \u00e9 ideal para uso hospitalar, ambulatorial ou domiciliar.<\/p>\n<ul data-start=\"717\" data-end=\"923\">\n<li data-start=\"717\" data-end=\"753\">\n<p data-start=\"719\" data-end=\"753\"><strong data-start=\"719\" data-end=\"744\">Capacidade do frasco:<\/strong> 250 ml<\/p>\n<\/li>\n<li data-start=\"754\" data-end=\"801\">\n<p data-start=\"756\" data-end=\"801\"><strong data-start=\"756\" data-end=\"779\">Material do frasco:<\/strong> Pl\u00e1stico resistente<\/p>\n<\/li>\n<li data-start=\"802\" data-end=\"834\">\n<p data-start=\"804\" data-end=\"834\"><strong data-start=\"804\" data-end=\"832\">Conex\u00e3o padr\u00e3o universal<\/strong><\/p>\n<\/li>\n<li data-start=\"835\" data-end=\"904\">\n<p data-start=\"837\" data-end=\"904\"><strong data-start=\"837\" data-end=\"902\">Uso individual e reutiliz\u00e1vel (conforme recomenda\u00e7\u00e3o t\u00e9cnica)<\/strong><\/p>\n<\/li>\n<li data-start=\"905\" data-end=\"923\">\n<p data-start=\"907\" data-end=\"923\">Marca: <strong data-start=\"914\" data-end=\"923\">Haoxi<\/strong><\/p>\n<\/li>\n<\/ul>\n","protected":false},"excerpt":{"rendered":"Descri\u00e7\u00e3o:O Umidificador de Oxig\u00eanio Haoxi com frasco pl\u00e1stico de 250 ml \u00e9 utilizado em conjunto com cilindros ou&hellip;","protected":false},"featured_media":8355,"comment_status":"open","ping_status":"closed","template":"","meta":{"slim_seo":{"title":"Umidificador o2 c\/ frasco pl\u00e1stico 250 ml - Haoxi - Hospitalaria RS","description":"Descri\u00e7\u00e3o: O Umidificador de Oxig\u00eanio Haoxi com frasco pl\u00e1stico de 250 ml \u00e9 utilizado em conjunto com cilindros ou flux\u00f4metros para fornecer oxig\u00eanio umidificad"}},"product_brand":[1065],"product_cat":[38],"product_tag":[1072,1071,1068,1073,1069,1070,1066,1067],"class_list":{"0":"post-8354","1":"product","2":"type-product","3":"status-publish","4":"has-post-thumbnail","6":"product_brand-haoxi","7":"product_cat-oxigenoterapia","8":"product_tag-acessorio-para-fluxometro","9":"product_tag-equipamento-hospitalar","10":"product_tag-frasco-250ml","11":"product_tag-haoxi","12":"product_tag-oxigenoterapia","13":"product_tag-umidificador-com-frasco","14":"product_tag-umidificador-de-oxigenio","15":"product_tag-umidificador-haoxi","16":"mbf-entry","18":"first","19":"outofstock","20":"shipping-taxable","21":"purchasable","22":"product-type-simple"},"_links":{"self":[{"href":"https:\/\/hospitalariars.com.br\/index.php\/wp-json\/wp\/v2\/product\/8354","targetHints":{"allow":["GET"]}}],"collection":[{"href":"https:\/\/hospitalariars.com.br\/index.php\/wp-json\/wp\/v2\/product"}],"about":[{"href":"https:\/\/hospitalariars.com.br\/index.php\/wp-json\/wp\/v2\/types\/product"}],"replies":[{"embeddable":true,"href":"https:\/\/hospitalariars.com.br\/index.php\/wp-json\/wp\/v2\/comments?post=8354"}],"wp:featuredmedia":[{"embeddable":true,"href":"https:\/\/hospitalariars.com.br\/index.php\/wp-json\/wp\/v2\/media\/8355"}],"wp:attachment":[{"href":"https:\/\/hospitalariars.com.br\/index.php\/wp-json\/wp\/v2\/media?parent=8354"}],"wp:term":[{"taxonomy":"product_brand","embeddable":true,"href":"https:\/\/hospitalariars.com.br\/index.php\/wp-json\/wp\/v2\/product_brand?post=8354"},{"taxonomy":"product_cat","embeddable":true,"href":"https:\/\/hospitalariars.com.br\/index.php\/wp-json\/wp\/v2\/product_cat?post=8354"},{"taxonomy":"product_tag","embeddable":true,"href":"https:\/\/hospitalariars.com.br\/index.php\/wp-json\/wp\/v2\/product_tag?post=8354"}],"curies":[{"name":"wp","href":"https:\/\/api.w.org\/{rel}","templated":true}]}}