{"id":8356,"date":"2025-07-04T10:32:04","date_gmt":"2025-07-04T13:32:04","guid":{"rendered":"https:\/\/hospitalariars.com.br\/?post_type=product&#038;p=8356"},"modified":"2026-03-27T16:03:34","modified_gmt":"2026-03-27T19:03:34","slug":"umidificador-para-ar-comprimido-com-frasco-plastico-250-ml-haoxi","status":"publish","type":"product","link":"https:\/\/hospitalariars.com.br\/index.php\/produto\/umidificador-para-ar-comprimido-com-frasco-plastico-250-ml-haoxi\/","title":{"rendered":"Umidificador para Ar Comprimido com Frasco Pl\u00e1stico 250 ml \u2013 Haoxi"},"content":{"rendered":"<p data-start=\"290\" data-end=\"304\"><strong data-start=\"290\" data-end=\"304\">Descri\u00e7\u00e3o:<\/strong><\/p>\n<p data-start=\"306\" data-end=\"380\"><span class=\"relative -mx-px my-[-0.2rem] rounded px-px py-[0.2rem] transition-colors duration-100 ease-in-out\">O Umidificador Haoxi \u00e9 projetado para ser utilizado em sistemas de ar comprimido hospitalar, com a finalidade de umidificar o ar fornecido ao paciente, prevenindo o ressecamento das vias respirat\u00f3rias durante tratamentos respirat\u00f3rios.<\/span><\/p>\n<p data-start=\"382\" data-end=\"456\"><span class=\"relative -mx-px my-[-0.2rem] rounded px-px py-[0.2rem] transition-colors duration-100 ease-in-out\">Frasco pl\u00e1stico de 250 ml possui um difusor que permite ajustar o fluxo de ar com a ajuda do flux\u00f4metro. Durante o processo de inala\u00e7\u00e3o, a \u00e1gua no frasco borbulha, e a umidade se mistura ao ar comprimido, oferecendo o n\u00edvel necess\u00e1rio de umidade ao paciente.<\/span><\/p>\n<p data-start=\"458\" data-end=\"486\"><strong data-start=\"458\" data-end=\"486\">Especifica\u00e7\u00f5es T\u00e9cnicas:<\/strong><\/p>\n<ul data-start=\"488\" data-end=\"837\">\n<li data-start=\"488\" data-end=\"559\">\n<p data-start=\"490\" data-end=\"559\"><strong data-start=\"490\" data-end=\"521\">Capacidade do reservat\u00f3rio:<\/strong> <span class=\"relative -mx-px my-[-0.2rem] rounded px-px py-[0.2rem] transition-colors duration-100 ease-in-out\">250 ml<\/span><\/p>\n<\/li>\n<li data-start=\"560\" data-end=\"625\">\n<p data-start=\"562\" data-end=\"625\"><strong data-start=\"562\" data-end=\"585\">Material do frasco:<\/strong> <span class=\"relative -mx-px my-[-0.2rem] rounded px-px py-[0.2rem] transition-colors duration-100 ease-in-out\">Pl\u00e1stico resistente<\/span><\/p>\n<\/li>\n<li data-start=\"626\" data-end=\"680\">\n<p data-start=\"628\" data-end=\"680\"><strong data-start=\"628\" data-end=\"640\">Difusor:<\/strong> <span class=\"relative -mx-px my-[-0.2rem] rounded px-px py-[0.2rem] transition-colors duration-100 ease-in-out\">Permite ajuste de fluxo com flux\u00f4metro<\/span><\/p>\n<\/li>\n<li data-start=\"681\" data-end=\"735\">\n<p data-start=\"683\" data-end=\"735\"><strong data-start=\"683\" data-end=\"695\">Conex\u00e3o:<\/strong> <span class=\"relative -mx-px my-[-0.2rem] rounded px-px py-[0.2rem] transition-colors duration-100 ease-in-out\">Rosca padr\u00e3o em pl\u00e1stico<\/span><\/p>\n<\/li>\n<\/ul>\n","protected":false},"excerpt":{"rendered":"Descri\u00e7\u00e3o: O Umidificador Haoxi \u00e9 projetado para ser utilizado em sistemas de ar comprimido hospitalar, com a finalidade&hellip;","protected":false},"featured_media":8357,"comment_status":"open","ping_status":"closed","template":"","meta":{"slim_seo":{"title":"Umidificador para Ar Comprimido com Frasco Pl\u00e1stico 250 ml \u2013 Haoxi - Hospitalaria RS","description":"Descri\u00e7\u00e3o: O Umidificador Haoxi \u00e9 projetado para ser utilizado em sistemas de ar comprimido hospitalar, com a finalidade de umidificar o ar fornecido ao pacient"}},"product_brand":[1065],"product_cat":[38],"product_tag":[1071,1068,1073,1075,1074,1070,1067],"class_list":{"0":"post-8356","1":"product","2":"type-product","3":"status-publish","4":"has-post-thumbnail","6":"product_brand-haoxi","7":"product_cat-oxigenoterapia","8":"product_tag-equipamento-hospitalar","9":"product_tag-frasco-250ml","10":"product_tag-haoxi","11":"product_tag-terapia-respiratoria","12":"product_tag-umidificador-ar-comprimido","13":"product_tag-umidificador-com-frasco","14":"product_tag-umidificador-haoxi","15":"mbf-entry","17":"first","18":"outofstock","19":"shipping-taxable","20":"purchasable","21":"product-type-simple"},"_links":{"self":[{"href":"https:\/\/hospitalariars.com.br\/index.php\/wp-json\/wp\/v2\/product\/8356","targetHints":{"allow":["GET"]}}],"collection":[{"href":"https:\/\/hospitalariars.com.br\/index.php\/wp-json\/wp\/v2\/product"}],"about":[{"href":"https:\/\/hospitalariars.com.br\/index.php\/wp-json\/wp\/v2\/types\/product"}],"replies":[{"embeddable":true,"href":"https:\/\/hospitalariars.com.br\/index.php\/wp-json\/wp\/v2\/comments?post=8356"}],"wp:featuredmedia":[{"embeddable":true,"href":"https:\/\/hospitalariars.com.br\/index.php\/wp-json\/wp\/v2\/media\/8357"}],"wp:attachment":[{"href":"https:\/\/hospitalariars.com.br\/index.php\/wp-json\/wp\/v2\/media?parent=8356"}],"wp:term":[{"taxonomy":"product_brand","embeddable":true,"href":"https:\/\/hospitalariars.com.br\/index.php\/wp-json\/wp\/v2\/product_brand?post=8356"},{"taxonomy":"product_cat","embeddable":true,"href":"https:\/\/hospitalariars.com.br\/index.php\/wp-json\/wp\/v2\/product_cat?post=8356"},{"taxonomy":"product_tag","embeddable":true,"href":"https:\/\/hospitalariars.com.br\/index.php\/wp-json\/wp\/v2\/product_tag?post=8356"}],"curies":[{"name":"wp","href":"https:\/\/api.w.org\/{rel}","templated":true}]}}