{"id":8358,"date":"2025-07-04T10:35:15","date_gmt":"2025-07-04T13:35:15","guid":{"rendered":"https:\/\/hospitalariars.com.br\/?post_type=product&#038;p=8358"},"modified":"2026-03-27T16:03:34","modified_gmt":"2026-03-27T19:03:34","slug":"umidificador-para-oxigenio-com-frasco-plastico-250-ml-extensao-e-mascara-adulto-haoxi","status":"publish","type":"product","link":"https:\/\/hospitalariars.com.br\/index.php\/produto\/umidificador-para-oxigenio-com-frasco-plastico-250-ml-extensao-e-mascara-adulto-haoxi\/","title":{"rendered":"Umidificador para Oxig\u00eanio com Frasco Pl\u00e1stico 250 ml, Extens\u00e3o e M\u00e1scara Adulto \u2013 Haoxi"},"content":{"rendered":"<p data-start=\"231\" data-end=\"245\"><strong data-start=\"231\" data-end=\"245\">Descri\u00e7\u00e3o:<\/strong><\/p>\n<p data-start=\"247\" data-end=\"359\"><span class=\"relative -mx-px my-[-0.2rem] rounded px-px py-[0.2rem] transition-colors duration-100 ease-in-out\">O Umidificador Haoxi com frasco pl\u00e1stico de 250 ml, acompanhado de extens\u00e3o e m\u00e1scara adulto, \u00e9 projetado para umidificar o oxig\u00eanio administrado ao paciente, evitando o ressecamento das vias a\u00e9reas durante a oxigenoterapia.<\/span> <span class=\"relative -mx-px my-[-0.2rem] rounded px-px py-[0.2rem] transition-colors duration-100 ease-in-out\">O conjunto \u00e9 ideal para uso hospitalar, ambulatorial ou domiciliar.<\/span><\/p>\n<p data-start=\"361\" data-end=\"389\"><strong data-start=\"361\" data-end=\"389\">Especifica\u00e7\u00f5es T\u00e9cnicas:<\/strong><\/p>\n<ul data-start=\"391\" data-end=\"844\">\n<li data-start=\"391\" data-end=\"456\">\n<p data-start=\"393\" data-end=\"456\"><strong data-start=\"393\" data-end=\"418\">Capacidade do frasco:<\/strong> <span class=\"relative -mx-px my-[-0.2rem] rounded px-px py-[0.2rem] transition-colors duration-100 ease-in-out\">250 ml<\/span><\/p>\n<\/li>\n<li data-start=\"457\" data-end=\"522\">\n<p data-start=\"459\" data-end=\"522\"><strong data-start=\"459\" data-end=\"482\">Material do frasco:<\/strong> <span class=\"relative -mx-px my-[-0.2rem] rounded px-px py-[0.2rem] transition-colors duration-100 ease-in-out\">Polietileno de Baixa Densidade (PEBD)<\/span><\/p>\n<\/li>\n<li data-start=\"523\" data-end=\"575\">\n<p data-start=\"525\" data-end=\"575\"><strong data-start=\"525\" data-end=\"535\">Tampa:<\/strong> <span class=\"relative -mx-px my-[-0.2rem] rounded px-px py-[0.2rem] transition-colors duration-100 ease-in-out\">Nylon<\/span><\/p>\n<\/li>\n<li data-start=\"576\" data-end=\"631\">\n<p data-start=\"578\" data-end=\"631\"><strong data-start=\"578\" data-end=\"591\">Extens\u00e3o:<\/strong> <span class=\"relative -mx-px my-[-0.2rem] rounded px-px py-[0.2rem] transition-colors duration-100 ease-in-out\">1,2 metros, confeccionada em PVC<\/span><\/p>\n<\/li>\n<li data-start=\"632\" data-end=\"686\">\n<p data-start=\"634\" data-end=\"686\"><strong data-start=\"634\" data-end=\"646\">M\u00e1scara:<\/strong> <span class=\"relative -mx-px my-[-0.2rem] rounded px-px py-[0.2rem] transition-colors duration-100 ease-in-out\">Tamanho adulto, em PEBD<\/span><\/p>\n<\/li>\n<li data-start=\"687\" data-end=\"742\">\n<p data-start=\"689\" data-end=\"742\"><strong data-start=\"689\" data-end=\"702\">Conex\u00f5es:<\/strong> <span class=\"relative -mx-px my-[-0.2rem] rounded px-px py-[0.2rem] transition-colors duration-100 ease-in-out\">Compat\u00edveis com flux\u00f4metros padr\u00e3o<\/span><\/p>\n<\/li>\n<\/ul>\n","protected":false},"excerpt":{"rendered":"Descri\u00e7\u00e3o: O Umidificador Haoxi com frasco pl\u00e1stico de 250 ml, acompanhado de extens\u00e3o e m\u00e1scara adulto, \u00e9 projetado&hellip;","protected":false},"featured_media":8359,"comment_status":"open","ping_status":"closed","template":"","meta":{"slim_seo":{"title":"Umidificador para Oxig\u00eanio com Frasco Pl\u00e1stico 250 ml, Extens\u00e3o e M\u00e1scara Adulto \u2013 Haoxi - Hospitalaria RS","description":"Descri\u00e7\u00e3o: O Umidificador Haoxi com frasco pl\u00e1stico de 250 ml, acompanhado de extens\u00e3o e m\u00e1scara adulto, \u00e9 projetado para umidificar o oxig\u00eanio administrado ao"}},"product_brand":[1065],"product_cat":[38],"product_tag":[1072,1071,1077,1068,1073,1076,1069,1070,1066],"class_list":{"0":"post-8358","1":"product","2":"type-product","3":"status-publish","4":"has-post-thumbnail","6":"product_brand-haoxi","7":"product_cat-oxigenoterapia","8":"product_tag-acessorio-para-fluxometro","9":"product_tag-equipamento-hospitalar","10":"product_tag-extensao-1","11":"product_tag-frasco-250ml","12":"product_tag-haoxi","13":"product_tag-mascara-adulto","14":"product_tag-oxigenoterapia","15":"product_tag-umidificador-com-frasco","16":"product_tag-umidificador-de-oxigenio","17":"mbf-entry","19":"first","20":"outofstock","21":"shipping-taxable","22":"purchasable","23":"product-type-simple"},"_links":{"self":[{"href":"https:\/\/hospitalariars.com.br\/index.php\/wp-json\/wp\/v2\/product\/8358","targetHints":{"allow":["GET"]}}],"collection":[{"href":"https:\/\/hospitalariars.com.br\/index.php\/wp-json\/wp\/v2\/product"}],"about":[{"href":"https:\/\/hospitalariars.com.br\/index.php\/wp-json\/wp\/v2\/types\/product"}],"replies":[{"embeddable":true,"href":"https:\/\/hospitalariars.com.br\/index.php\/wp-json\/wp\/v2\/comments?post=8358"}],"wp:featuredmedia":[{"embeddable":true,"href":"https:\/\/hospitalariars.com.br\/index.php\/wp-json\/wp\/v2\/media\/8359"}],"wp:attachment":[{"href":"https:\/\/hospitalariars.com.br\/index.php\/wp-json\/wp\/v2\/media?parent=8358"}],"wp:term":[{"taxonomy":"product_brand","embeddable":true,"href":"https:\/\/hospitalariars.com.br\/index.php\/wp-json\/wp\/v2\/product_brand?post=8358"},{"taxonomy":"product_cat","embeddable":true,"href":"https:\/\/hospitalariars.com.br\/index.php\/wp-json\/wp\/v2\/product_cat?post=8358"},{"taxonomy":"product_tag","embeddable":true,"href":"https:\/\/hospitalariars.com.br\/index.php\/wp-json\/wp\/v2\/product_tag?post=8358"}],"curies":[{"name":"wp","href":"https:\/\/api.w.org\/{rel}","templated":true}]}}