{"id":8360,"date":"2025-07-04T10:48:00","date_gmt":"2025-07-04T13:48:00","guid":{"rendered":"https:\/\/hospitalariars.com.br\/?post_type=product&#038;p=8360"},"modified":"2026-03-27T16:03:34","modified_gmt":"2026-03-27T19:03:34","slug":"umidificador-para-ar-comprimido-com-frasco-plastico-250-ml-extensao-e-mascara-adulto-haoxi","status":"publish","type":"product","link":"https:\/\/hospitalariars.com.br\/index.php\/produto\/umidificador-para-ar-comprimido-com-frasco-plastico-250-ml-extensao-e-mascara-adulto-haoxi\/","title":{"rendered":"Umidificador para Ar Comprimido com Frasco Pl\u00e1stico 250 ml, Extens\u00e3o e M\u00e1scara Adulto \u2013 Haoxi"},"content":{"rendered":"<p data-start=\"202\" data-end=\"599\"><strong data-start=\"202\" data-end=\"216\">Descri\u00e7\u00e3o:<\/strong><br data-start=\"216\" data-end=\"219\" \/>O Umidificador para Ar Comprimido Haoxi, com frasco pl\u00e1stico de 250 ml, acompanha <strong data-start=\"301\" data-end=\"342\">extens\u00e3o de oxig\u00eanio e m\u00e1scara adulto<\/strong>, sendo ideal para administrar ar umidificado ao paciente durante tratamentos respirat\u00f3rios. O conjunto garante maior conforto, prevenindo o ressecamento das vias a\u00e9reas, e \u00e9 amplamente utilizado em ambientes <strong data-start=\"551\" data-end=\"598\">hospitalares, ambulatoriais ou domiciliares<\/strong>.<\/p>\n<p data-start=\"601\" data-end=\"629\"><strong data-start=\"601\" data-end=\"629\">Especifica\u00e7\u00f5es T\u00e9cnicas:<\/strong><\/p>\n<ul data-start=\"631\" data-end=\"991\">\n<li data-start=\"631\" data-end=\"667\">\n<p data-start=\"633\" data-end=\"667\"><strong data-start=\"633\" data-end=\"658\">Capacidade do frasco:<\/strong> 250 ml<\/p>\n<\/li>\n<li data-start=\"668\" data-end=\"733\">\n<p data-start=\"670\" data-end=\"733\"><strong data-start=\"670\" data-end=\"693\">Material do frasco:<\/strong> Polietileno de Baixa Densidade (PEBD)<\/p>\n<\/li>\n<li data-start=\"734\" data-end=\"776\">\n<p data-start=\"736\" data-end=\"776\"><strong data-start=\"736\" data-end=\"774\">Tampa em nylon com difusor interno<\/strong><\/p>\n<\/li>\n<li data-start=\"777\" data-end=\"818\">\n<p data-start=\"779\" data-end=\"818\"><strong data-start=\"779\" data-end=\"798\">M\u00e1scara Adulto:<\/strong> fabricada em PEBD<\/p>\n<\/li>\n<li data-start=\"819\" data-end=\"889\">\n<p data-start=\"821\" data-end=\"889\"><strong data-start=\"821\" data-end=\"853\">Extens\u00e3o (tubo de oxig\u00eanio):<\/strong> aproximadamente 1,2 metro, em PVC<\/p>\n<\/li>\n<li data-start=\"890\" data-end=\"939\">\n<p data-start=\"892\" data-end=\"939\"><strong data-start=\"892\" data-end=\"937\">Conex\u00e3o compat\u00edvel com flux\u00f4metros padr\u00e3o<\/strong><\/p>\n<\/li>\n<li data-start=\"977\" data-end=\"991\">\n<p data-start=\"979\" data-end=\"991\">Marca: Haoxi<\/p>\n<\/li>\n<\/ul>\n","protected":false},"excerpt":{"rendered":"Descri\u00e7\u00e3o:O Umidificador para Ar Comprimido Haoxi, com frasco pl\u00e1stico de 250 ml, acompanha extens\u00e3o de oxig\u00eanio e m\u00e1scara&hellip;","protected":false},"featured_media":8361,"comment_status":"open","ping_status":"closed","template":"","meta":{"slim_seo":{"title":"Umidificador para Ar Comprimido com Frasco Pl\u00e1stico 250 ml, Extens\u00e3o e M\u00e1scara Adulto \u2013 Haoxi - Hospitalaria RS","description":"Descri\u00e7\u00e3o: O Umidificador para Ar Comprimido Haoxi, com frasco pl\u00e1stico de 250 ml, acompanha extens\u00e3o de oxig\u00eanio e m\u00e1scara adulto , sendo ideal para administra"}},"product_brand":[1065],"product_cat":[38],"product_tag":[1078,1068,1073,1081,1076,1079,1080,1075,1074],"class_list":{"0":"post-8360","1":"product","2":"type-product","3":"status-publish","4":"has-post-thumbnail","6":"product_brand-haoxi","7":"product_cat-oxigenoterapia","8":"product_tag-equipamento-respiratorio","9":"product_tag-frasco-250ml","10":"product_tag-haoxi","11":"product_tag-kit-umidificador-haoxi","12":"product_tag-mascara-adulto","13":"product_tag-pebd","14":"product_tag-pvc","15":"product_tag-terapia-respiratoria","16":"product_tag-umidificador-ar-comprimido","17":"mbf-entry","19":"first","20":"outofstock","21":"shipping-taxable","22":"purchasable","23":"product-type-simple"},"_links":{"self":[{"href":"https:\/\/hospitalariars.com.br\/index.php\/wp-json\/wp\/v2\/product\/8360","targetHints":{"allow":["GET"]}}],"collection":[{"href":"https:\/\/hospitalariars.com.br\/index.php\/wp-json\/wp\/v2\/product"}],"about":[{"href":"https:\/\/hospitalariars.com.br\/index.php\/wp-json\/wp\/v2\/types\/product"}],"replies":[{"embeddable":true,"href":"https:\/\/hospitalariars.com.br\/index.php\/wp-json\/wp\/v2\/comments?post=8360"}],"wp:featuredmedia":[{"embeddable":true,"href":"https:\/\/hospitalariars.com.br\/index.php\/wp-json\/wp\/v2\/media\/8361"}],"wp:attachment":[{"href":"https:\/\/hospitalariars.com.br\/index.php\/wp-json\/wp\/v2\/media?parent=8360"}],"wp:term":[{"taxonomy":"product_brand","embeddable":true,"href":"https:\/\/hospitalariars.com.br\/index.php\/wp-json\/wp\/v2\/product_brand?post=8360"},{"taxonomy":"product_cat","embeddable":true,"href":"https:\/\/hospitalariars.com.br\/index.php\/wp-json\/wp\/v2\/product_cat?post=8360"},{"taxonomy":"product_tag","embeddable":true,"href":"https:\/\/hospitalariars.com.br\/index.php\/wp-json\/wp\/v2\/product_tag?post=8360"}],"curies":[{"name":"wp","href":"https:\/\/api.w.org\/{rel}","templated":true}]}}