{"id":8362,"date":"2025-07-04T10:50:47","date_gmt":"2025-07-04T13:50:47","guid":{"rendered":"https:\/\/hospitalariars.com.br\/?post_type=product&#038;p=8362"},"modified":"2026-03-27T16:03:34","modified_gmt":"2026-03-27T19:03:34","slug":"umidificador-de-oxigenio-com-rosca-de-metal-e-frasco-plastico-250-ml-haoxi","status":"publish","type":"product","link":"https:\/\/hospitalariars.com.br\/index.php\/produto\/umidificador-de-oxigenio-com-rosca-de-metal-e-frasco-plastico-250-ml-haoxi\/","title":{"rendered":"Umidificador de Oxig\u00eanio com Rosca de Metal e Frasco Pl\u00e1stico 250 ml \u2013 Haoxi"},"content":{"rendered":"<p data-start=\"261\" data-end=\"477\"><strong data-start=\"261\" data-end=\"275\">Descri\u00e7\u00e3o:<\/strong><br data-start=\"275\" data-end=\"278\" \/>O Umidificador Haoxi com rosca de metal e frasco pl\u00e1stico de 250 ml \u00e9 utilizado para umidificar o oxig\u00eanio fornecido ao paciente durante a oxigenoterapia, prevenindo o ressecamento das vias a\u00e9reas.<\/p>\n<p data-start=\"479\" data-end=\"645\">Este modelo possui <strong data-start=\"498\" data-end=\"516\">rosca met\u00e1lica<\/strong>, que oferece maior resist\u00eancia mec\u00e2nica, seguran\u00e7a e durabilidade, ideal para uso cont\u00ednuo em ambientes cl\u00ednicos e hospitalares.<\/p>\n<p data-start=\"647\" data-end=\"675\"><strong data-start=\"647\" data-end=\"675\">Especifica\u00e7\u00f5es T\u00e9cnicas:<\/strong><\/p>\n<ul data-start=\"677\" data-end=\"953\">\n<li data-start=\"677\" data-end=\"713\">\n<p data-start=\"679\" data-end=\"713\"><strong data-start=\"679\" data-end=\"704\">Capacidade do frasco:<\/strong> 250 ml<\/p>\n<\/li>\n<li data-start=\"714\" data-end=\"769\">\n<p data-start=\"716\" data-end=\"769\"><strong data-start=\"716\" data-end=\"767\">Frasco em PEBD (Polietileno de Baixa Densidade)<\/strong><\/p>\n<\/li>\n<li data-start=\"770\" data-end=\"834\">\n<p data-start=\"772\" data-end=\"834\"><strong data-start=\"772\" data-end=\"832\">Rosca met\u00e1lica (rosca padr\u00e3o compat\u00edvel com flux\u00f4metros)<\/strong><\/p>\n<\/li>\n<li data-start=\"835\" data-end=\"868\">\n<p data-start=\"837\" data-end=\"868\"><strong data-start=\"837\" data-end=\"866\">Tampa com difusor interno<\/strong><\/p>\n<\/li>\n<li data-start=\"869\" data-end=\"901\">\n<p data-start=\"871\" data-end=\"901\"><strong data-start=\"871\" data-end=\"899\">Conex\u00e3o segura e dur\u00e1vel<\/strong><\/p>\n<\/li>\n<li data-start=\"902\" data-end=\"938\">Marca: Haoxi<\/li>\n<\/ul>\n","protected":false},"excerpt":{"rendered":"Descri\u00e7\u00e3o:O Umidificador Haoxi com rosca de metal e frasco pl\u00e1stico de 250 ml \u00e9 utilizado para umidificar o&hellip;","protected":false},"featured_media":8363,"comment_status":"open","ping_status":"closed","template":"","meta":{"slim_seo":{"title":"Umidificador de Oxig\u00eanio com Rosca de Metal e Frasco Pl\u00e1stico 250 ml \u2013 Haoxi - Hospitalaria RS","description":"Descri\u00e7\u00e3o: O Umidificador Haoxi com rosca de metal e frasco pl\u00e1stico de 250 ml \u00e9 utilizado para umidificar o oxig\u00eanio fornecido ao paciente durante a oxigenoter"}},"product_brand":[1065],"product_cat":[38],"product_tag":[1078,1068,1073,1069,1079,1082,1084,1083,1070,1066],"class_list":{"0":"post-8362","1":"product","2":"type-product","3":"status-publish","4":"has-post-thumbnail","6":"product_brand-haoxi","7":"product_cat-oxigenoterapia","8":"product_tag-equipamento-respiratorio","9":"product_tag-frasco-250ml","10":"product_tag-haoxi","11":"product_tag-oxigenoterapia","12":"product_tag-pebd","13":"product_tag-rosca-de-metal","14":"product_tag-rosca-metalica","15":"product_tag-tampa-com-difusor","16":"product_tag-umidificador-com-frasco","17":"product_tag-umidificador-de-oxigenio","18":"mbf-entry","20":"first","21":"outofstock","22":"shipping-taxable","23":"purchasable","24":"product-type-simple"},"_links":{"self":[{"href":"https:\/\/hospitalariars.com.br\/index.php\/wp-json\/wp\/v2\/product\/8362","targetHints":{"allow":["GET"]}}],"collection":[{"href":"https:\/\/hospitalariars.com.br\/index.php\/wp-json\/wp\/v2\/product"}],"about":[{"href":"https:\/\/hospitalariars.com.br\/index.php\/wp-json\/wp\/v2\/types\/product"}],"replies":[{"embeddable":true,"href":"https:\/\/hospitalariars.com.br\/index.php\/wp-json\/wp\/v2\/comments?post=8362"}],"wp:featuredmedia":[{"embeddable":true,"href":"https:\/\/hospitalariars.com.br\/index.php\/wp-json\/wp\/v2\/media\/8363"}],"wp:attachment":[{"href":"https:\/\/hospitalariars.com.br\/index.php\/wp-json\/wp\/v2\/media?parent=8362"}],"wp:term":[{"taxonomy":"product_brand","embeddable":true,"href":"https:\/\/hospitalariars.com.br\/index.php\/wp-json\/wp\/v2\/product_brand?post=8362"},{"taxonomy":"product_cat","embeddable":true,"href":"https:\/\/hospitalariars.com.br\/index.php\/wp-json\/wp\/v2\/product_cat?post=8362"},{"taxonomy":"product_tag","embeddable":true,"href":"https:\/\/hospitalariars.com.br\/index.php\/wp-json\/wp\/v2\/product_tag?post=8362"}],"curies":[{"name":"wp","href":"https:\/\/api.w.org\/{rel}","templated":true}]}}