{"id":8364,"date":"2025-07-04T10:55:53","date_gmt":"2025-07-04T13:55:53","guid":{"rendered":"https:\/\/hospitalariars.com.br\/?post_type=product&#038;p=8364"},"modified":"2026-03-27T16:03:34","modified_gmt":"2026-03-27T19:03:34","slug":"umidificador-de-ar-comprimido-com-rosca-de-metal-e-frasco-plastico-250-ml-haoxi","status":"publish","type":"product","link":"https:\/\/hospitalariars.com.br\/index.php\/produto\/umidificador-de-ar-comprimido-com-rosca-de-metal-e-frasco-plastico-250-ml-haoxi\/","title":{"rendered":"Umidificador de Ar Comprimido com Rosca de Metal e Frasco Pl\u00e1stico 250 ml \u2013 Haoxi"},"content":{"rendered":"<p data-start=\"231\" data-end=\"470\"><strong data-start=\"231\" data-end=\"245\">Descri\u00e7\u00e3o:<\/strong><br data-start=\"245\" data-end=\"248\" \/>O Umidificador para Ar Comprimido Haoxi, com frasco pl\u00e1stico de 250 ml e rosca met\u00e1lica, \u00e9 utilizado para umidificar o ar fornecido aos pacientes durante a terapia respirat\u00f3ria, prevenindo o ressecamento das vias a\u00e9reas.<\/p>\n<p data-start=\"472\" data-end=\"583\">A rosca met\u00e1lica proporciona maior durabilidade e seguran\u00e7a na conex\u00e3o com flux\u00f4metros e sistemas hospitalares.<\/p>\n<p data-start=\"585\" data-end=\"613\"><strong data-start=\"585\" data-end=\"613\">Especifica\u00e7\u00f5es T\u00e9cnicas:<\/strong><\/p>\n<ul data-start=\"615\" data-end=\"912\">\n<li data-start=\"615\" data-end=\"651\">\n<p data-start=\"617\" data-end=\"651\"><strong data-start=\"617\" data-end=\"642\">Capacidade do frasco:<\/strong> 250 ml<\/p>\n<\/li>\n<li data-start=\"652\" data-end=\"707\">\n<p data-start=\"654\" data-end=\"707\"><strong data-start=\"654\" data-end=\"705\">Frasco em polietileno de baixa densidade (PEBD)<\/strong><\/p>\n<\/li>\n<li data-start=\"708\" data-end=\"751\">\n<p data-start=\"710\" data-end=\"751\"><strong data-start=\"710\" data-end=\"749\">Rosca met\u00e1lica resistente e dur\u00e1vel<\/strong><\/p>\n<\/li>\n<li data-start=\"752\" data-end=\"810\">\n<p data-start=\"754\" data-end=\"810\"><strong data-start=\"754\" data-end=\"808\">Tampa com difusor interno para melhor umidifica\u00e7\u00e3o<\/strong><\/p>\n<\/li>\n<li data-start=\"811\" data-end=\"860\">\n<p data-start=\"813\" data-end=\"860\"><strong data-start=\"813\" data-end=\"858\">Conex\u00e3o padr\u00e3o compat\u00edvel com flux\u00f4metros<\/strong><\/p>\n<\/li>\n<li data-start=\"898\" data-end=\"912\">\n<p data-start=\"900\" data-end=\"912\">Marca: Haoxi<\/p>\n<\/li>\n<\/ul>\n","protected":false},"excerpt":{"rendered":"Descri\u00e7\u00e3o:O Umidificador para Ar Comprimido Haoxi, com frasco pl\u00e1stico de 250 ml e rosca met\u00e1lica, \u00e9 utilizado para&hellip;","protected":false},"featured_media":8366,"comment_status":"open","ping_status":"closed","template":"","meta":{"slim_seo":{"title":"Umidificador de Ar Comprimido com Rosca de Metal e Frasco Pl\u00e1stico 250 ml \u2013 Haoxi - Hospitalaria RS","description":"Descri\u00e7\u00e3o: O Umidificador para Ar Comprimido Haoxi, com frasco pl\u00e1stico de 250 ml e rosca met\u00e1lica, \u00e9 utilizado para umidificar o ar fornecido aos pacientes dur"}},"product_brand":[1065],"product_cat":[38],"product_tag":[1085,1078,1068,1073,1079,1084,1083,1075,1074],"class_list":{"0":"post-8364","1":"product","2":"type-product","3":"status-publish","4":"has-post-thumbnail","6":"product_brand-haoxi","7":"product_cat-oxigenoterapia","8":"product_tag-conexao-segura","9":"product_tag-equipamento-respiratorio","10":"product_tag-frasco-250ml","11":"product_tag-haoxi","12":"product_tag-pebd","13":"product_tag-rosca-metalica","14":"product_tag-tampa-com-difusor","15":"product_tag-terapia-respiratoria","16":"product_tag-umidificador-ar-comprimido","17":"mbf-entry","19":"first","20":"outofstock","21":"shipping-taxable","22":"purchasable","23":"product-type-simple"},"_links":{"self":[{"href":"https:\/\/hospitalariars.com.br\/index.php\/wp-json\/wp\/v2\/product\/8364","targetHints":{"allow":["GET"]}}],"collection":[{"href":"https:\/\/hospitalariars.com.br\/index.php\/wp-json\/wp\/v2\/product"}],"about":[{"href":"https:\/\/hospitalariars.com.br\/index.php\/wp-json\/wp\/v2\/types\/product"}],"replies":[{"embeddable":true,"href":"https:\/\/hospitalariars.com.br\/index.php\/wp-json\/wp\/v2\/comments?post=8364"}],"wp:featuredmedia":[{"embeddable":true,"href":"https:\/\/hospitalariars.com.br\/index.php\/wp-json\/wp\/v2\/media\/8366"}],"wp:attachment":[{"href":"https:\/\/hospitalariars.com.br\/index.php\/wp-json\/wp\/v2\/media?parent=8364"}],"wp:term":[{"taxonomy":"product_brand","embeddable":true,"href":"https:\/\/hospitalariars.com.br\/index.php\/wp-json\/wp\/v2\/product_brand?post=8364"},{"taxonomy":"product_cat","embeddable":true,"href":"https:\/\/hospitalariars.com.br\/index.php\/wp-json\/wp\/v2\/product_cat?post=8364"},{"taxonomy":"product_tag","embeddable":true,"href":"https:\/\/hospitalariars.com.br\/index.php\/wp-json\/wp\/v2\/product_tag?post=8364"}],"curies":[{"name":"wp","href":"https:\/\/api.w.org\/{rel}","templated":true}]}}