{"id":8368,"date":"2025-07-04T11:02:25","date_gmt":"2025-07-04T14:02:25","guid":{"rendered":"https:\/\/hospitalariars.com.br\/?post_type=product&#038;p=8368"},"modified":"2026-03-27T16:03:34","modified_gmt":"2026-03-27T19:03:34","slug":"fluxometro-haoxi-0-15-lpm-para-oxigenio","status":"publish","type":"product","link":"https:\/\/hospitalariars.com.br\/index.php\/produto\/fluxometro-haoxi-0-15-lpm-para-oxigenio\/","title":{"rendered":"Flux\u00f4metro 0-15 LPM para Oxig\u00eanio  &#8211; Haoxi"},"content":{"rendered":"<p data-start=\"184\" data-end=\"368\"><strong data-start=\"184\" data-end=\"198\">Descri\u00e7\u00e3o:<\/strong><br data-start=\"198\" data-end=\"201\" \/>O Flux\u00f4metro Haoxi \u00e9 um equipamento essencial para o controle preciso do fluxo de oxig\u00eanio administrado ao paciente, com regulagem de 0 a 15 litros por minuto (LPM).<\/p>\n<p data-start=\"370\" data-end=\"549\">Fabricado com materiais de alta qualidade, proporciona seguran\u00e7a, confiabilidade e facilidade na regulagem do fluxo, sendo indicado para uso hospitalar, ambulatorial e domiciliar.<\/p>\n<p data-start=\"551\" data-end=\"579\"><strong data-start=\"551\" data-end=\"579\">Especifica\u00e7\u00f5es T\u00e9cnicas:<\/strong><\/p>\n<ul data-start=\"581\" data-end=\"863\">\n<li data-start=\"581\" data-end=\"615\">\n<p data-start=\"583\" data-end=\"615\"><strong data-start=\"583\" data-end=\"602\">Faixa de fluxo:<\/strong> 0 a 15 LPM<\/p>\n<\/li>\n<li data-start=\"616\" data-end=\"684\">\n<p data-start=\"618\" data-end=\"684\"><strong data-start=\"618\" data-end=\"631\">Material:<\/strong> Corpo em metal e componentes pl\u00e1sticos resistentes<\/p>\n<\/li>\n<li data-start=\"685\" data-end=\"756\">\n<p data-start=\"687\" data-end=\"756\"><strong data-start=\"687\" data-end=\"699\">Conex\u00e3o:<\/strong> Compat\u00edvel com cilindros e sistemas de oxig\u00eanio padr\u00e3o<\/p>\n<\/li>\n<li data-start=\"757\" data-end=\"790\">\n<p data-start=\"759\" data-end=\"790\"><strong data-start=\"759\" data-end=\"788\">Regulagem f\u00e1cil e precisa<\/strong><\/p>\n<\/li>\n<li data-start=\"791\" data-end=\"811\">\n<p data-start=\"793\" data-end=\"811\"><strong data-start=\"793\" data-end=\"803\">Marca:<\/strong> Haoxi<\/p>\n<\/li>\n<li data-start=\"812\" data-end=\"863\">\n<p data-start=\"814\" data-end=\"863\"><strong data-start=\"814\" data-end=\"834\">Registro ANVISA:<\/strong> Presente no cat\u00e1logo oficial<\/p>\n<\/li>\n<\/ul>\n","protected":false},"excerpt":{"rendered":"Descri\u00e7\u00e3o:O Flux\u00f4metro Haoxi \u00e9 um equipamento essencial para o controle preciso do fluxo de oxig\u00eanio administrado ao paciente,&hellip;","protected":false},"featured_media":8369,"comment_status":"open","ping_status":"closed","template":"","meta":{"slim_seo":{"title":"Flux\u00f4metro 0-15 LPM para Oxig\u00eanio - Haoxi - Hospitalaria RS","description":"Descri\u00e7\u00e3o: O Flux\u00f4metro Haoxi \u00e9 um equipamento essencial para o controle preciso do fluxo de oxig\u00eanio administrado ao paciente, com regulagem de 0 a 15 litros p"}},"product_brand":[1065],"product_cat":[38],"product_tag":[1088,1071,1078,1087,1086,1073,1069,1089,1075],"class_list":{"0":"post-8368","1":"product","2":"type-product","3":"status-publish","4":"has-post-thumbnail","6":"product_brand-haoxi","7":"product_cat-oxigenoterapia","8":"product_tag-controle-de-oxigenio","9":"product_tag-equipamento-hospitalar","10":"product_tag-equipamento-respiratorio","11":"product_tag-fluxometro-0-15-lpm","12":"product_tag-fluxometro-haoxi","13":"product_tag-haoxi","14":"product_tag-oxigenoterapia","15":"product_tag-regulador-de-fluxo","16":"product_tag-terapia-respiratoria","17":"mbf-entry","19":"first","20":"outofstock","21":"shipping-taxable","22":"purchasable","23":"product-type-simple"},"_links":{"self":[{"href":"https:\/\/hospitalariars.com.br\/index.php\/wp-json\/wp\/v2\/product\/8368","targetHints":{"allow":["GET"]}}],"collection":[{"href":"https:\/\/hospitalariars.com.br\/index.php\/wp-json\/wp\/v2\/product"}],"about":[{"href":"https:\/\/hospitalariars.com.br\/index.php\/wp-json\/wp\/v2\/types\/product"}],"replies":[{"embeddable":true,"href":"https:\/\/hospitalariars.com.br\/index.php\/wp-json\/wp\/v2\/comments?post=8368"}],"wp:featuredmedia":[{"embeddable":true,"href":"https:\/\/hospitalariars.com.br\/index.php\/wp-json\/wp\/v2\/media\/8369"}],"wp:attachment":[{"href":"https:\/\/hospitalariars.com.br\/index.php\/wp-json\/wp\/v2\/media?parent=8368"}],"wp:term":[{"taxonomy":"product_brand","embeddable":true,"href":"https:\/\/hospitalariars.com.br\/index.php\/wp-json\/wp\/v2\/product_brand?post=8368"},{"taxonomy":"product_cat","embeddable":true,"href":"https:\/\/hospitalariars.com.br\/index.php\/wp-json\/wp\/v2\/product_cat?post=8368"},{"taxonomy":"product_tag","embeddable":true,"href":"https:\/\/hospitalariars.com.br\/index.php\/wp-json\/wp\/v2\/product_tag?post=8368"}],"curies":[{"name":"wp","href":"https:\/\/api.w.org\/{rel}","templated":true}]}}