{"id":8373,"date":"2025-07-04T11:09:54","date_gmt":"2025-07-04T14:09:54","guid":{"rendered":"https:\/\/hospitalariars.com.br\/?post_type=product&#038;p=8373"},"modified":"2026-03-27T16:03:34","modified_gmt":"2026-03-27T19:03:34","slug":"valvula-reguladora-de-pressao-haoxi-fixa-para-cilindro-de-oxigenio-haoxi","status":"publish","type":"product","link":"https:\/\/hospitalariars.com.br\/index.php\/produto\/valvula-reguladora-de-pressao-haoxi-fixa-para-cilindro-de-oxigenio-haoxi\/","title":{"rendered":"V\u00e1lvula Reguladora de Press\u00e3o Fixa para Cilindro de Oxig\u00eanio &#8211; Haoxi"},"content":{"rendered":"<p data-start=\"256\" data-end=\"487\"><strong data-start=\"256\" data-end=\"270\">Descri\u00e7\u00e3o:<\/strong><br data-start=\"270\" data-end=\"273\" \/>A V\u00e1lvula Reguladora de Press\u00e3o Haoxi \u00e9 um equipamento essencial para controlar e manter a press\u00e3o constante do oxig\u00eanio que sai do cilindro, garantindo seguran\u00e7a e efici\u00eancia na administra\u00e7\u00e3o do g\u00e1s ao paciente.<\/p>\n<p data-start=\"489\" data-end=\"626\">Modelo fixo, desenvolvido com materiais resistentes e dur\u00e1veis, ideal para uso em ambientes hospitalares, cl\u00ednicas e emerg\u00eancias m\u00e9dicas.<\/p>\n<p data-start=\"628\" data-end=\"656\"><strong data-start=\"628\" data-end=\"656\">Especifica\u00e7\u00f5es T\u00e9cnicas:<\/strong><\/p>\n<ul data-start=\"658\" data-end=\"896\">\n<li data-start=\"658\" data-end=\"698\">\n<p data-start=\"660\" data-end=\"698\"><strong data-start=\"660\" data-end=\"669\">Tipo:<\/strong> Reguladora de press\u00e3o fixa<\/p>\n<\/li>\n<li data-start=\"699\" data-end=\"739\">\n<p data-start=\"701\" data-end=\"739\"><strong data-start=\"701\" data-end=\"715\">Aplica\u00e7\u00e3o:<\/strong> Cilindros de oxig\u00eanio<\/p>\n<\/li>\n<li data-start=\"740\" data-end=\"777\">\n<p data-start=\"742\" data-end=\"777\"><strong data-start=\"742\" data-end=\"755\">Material:<\/strong> Met\u00e1lico resistente<\/p>\n<\/li>\n<li data-start=\"778\" data-end=\"826\">\n<p data-start=\"780\" data-end=\"826\"><strong data-start=\"780\" data-end=\"792\">Conex\u00e3o:<\/strong> Compat\u00edvel com cilindros padr\u00e3o<\/p>\n<\/li>\n<li data-start=\"827\" data-end=\"847\">\n<p data-start=\"829\" data-end=\"847\"><strong data-start=\"829\" data-end=\"839\">Marca:<\/strong> Haoxi<\/p>\n<\/li>\n<\/ul>\n","protected":false},"excerpt":{"rendered":"Descri\u00e7\u00e3o:A V\u00e1lvula Reguladora de Press\u00e3o Haoxi \u00e9 um equipamento essencial para controlar e manter a press\u00e3o constante do&hellip;","protected":false},"featured_media":8374,"comment_status":"open","ping_status":"closed","template":"","meta":{"slim_seo":{"title":"V\u00e1lvula Reguladora de Press\u00e3o Fixa para Cilindro de Oxig\u00eanio - Haoxi - Hospitalaria RS","description":"Descri\u00e7\u00e3o: A V\u00e1lvula Reguladora de Press\u00e3o Haoxi \u00e9 um equipamento essencial para controlar e manter a press\u00e3o constante do oxig\u00eanio que sai do cilindro, garanti"}},"product_brand":[1065],"product_cat":[38],"product_tag":[1094,1071,1078,1073,1092,1075,1093,1091],"class_list":{"0":"post-8373","1":"product","2":"type-product","3":"status-publish","4":"has-post-thumbnail","6":"product_brand-haoxi","7":"product_cat-oxigenoterapia","8":"product_tag-controle-de-pressao","9":"product_tag-equipamento-hospitalar","10":"product_tag-equipamento-respiratorio","11":"product_tag-haoxi","12":"product_tag-regulador-de-pressao-oxigenio","13":"product_tag-terapia-respiratoria","14":"product_tag-valvula-para-cilindro","15":"product_tag-valvula-reguladora-haoxi","16":"mbf-entry","18":"first","19":"outofstock","20":"shipping-taxable","21":"purchasable","22":"product-type-simple"},"_links":{"self":[{"href":"https:\/\/hospitalariars.com.br\/index.php\/wp-json\/wp\/v2\/product\/8373","targetHints":{"allow":["GET"]}}],"collection":[{"href":"https:\/\/hospitalariars.com.br\/index.php\/wp-json\/wp\/v2\/product"}],"about":[{"href":"https:\/\/hospitalariars.com.br\/index.php\/wp-json\/wp\/v2\/types\/product"}],"replies":[{"embeddable":true,"href":"https:\/\/hospitalariars.com.br\/index.php\/wp-json\/wp\/v2\/comments?post=8373"}],"wp:featuredmedia":[{"embeddable":true,"href":"https:\/\/hospitalariars.com.br\/index.php\/wp-json\/wp\/v2\/media\/8374"}],"wp:attachment":[{"href":"https:\/\/hospitalariars.com.br\/index.php\/wp-json\/wp\/v2\/media?parent=8373"}],"wp:term":[{"taxonomy":"product_brand","embeddable":true,"href":"https:\/\/hospitalariars.com.br\/index.php\/wp-json\/wp\/v2\/product_brand?post=8373"},{"taxonomy":"product_cat","embeddable":true,"href":"https:\/\/hospitalariars.com.br\/index.php\/wp-json\/wp\/v2\/product_cat?post=8373"},{"taxonomy":"product_tag","embeddable":true,"href":"https:\/\/hospitalariars.com.br\/index.php\/wp-json\/wp\/v2\/product_tag?post=8373"}],"curies":[{"name":"wp","href":"https:\/\/api.w.org\/{rel}","templated":true}]}}