{"id":8375,"date":"2025-07-04T11:20:49","date_gmt":"2025-07-04T14:20:49","guid":{"rendered":"https:\/\/hospitalariars.com.br\/?post_type=product&#038;p=8375"},"modified":"2026-03-27T16:03:34","modified_gmt":"2026-03-27T19:03:34","slug":"valvula-reguladora-de-pressao-haoxi-fixa-para-cilindro-de-oxigenio-com-fluxometro-0-15-lpm-haoxi","status":"publish","type":"product","link":"https:\/\/hospitalariars.com.br\/index.php\/produto\/valvula-reguladora-de-pressao-haoxi-fixa-para-cilindro-de-oxigenio-com-fluxometro-0-15-lpm-haoxi\/","title":{"rendered":"V\u00e1lvula Reguladora de Press\u00e3o Fixa para Cilindro de Oxig\u00eanio com Flux\u00f4metro 0-15 LPM &#8211; Haoxi"},"content":{"rendered":"<p data-start=\"265\" data-end=\"487\"><strong data-start=\"265\" data-end=\"279\">Descri\u00e7\u00e3o:<\/strong><br data-start=\"279\" data-end=\"282\" \/>A V\u00e1lvula Reguladora de Press\u00e3o Haoxi fixa para cilindros de oxig\u00eanio, equipada com flux\u00f4metro de 0 a 15 litros por minuto (LPM), permite o controle preciso do fluxo de oxig\u00eanio administrado ao paciente.<\/p>\n<p data-start=\"489\" data-end=\"663\">Ideal para uso hospitalar e ambulatorial, esta v\u00e1lvula \u00e9 fabricada com materiais dur\u00e1veis e possui regulagem f\u00e1cil, garantindo seguran\u00e7a e efici\u00eancia na terapia respirat\u00f3ria.<\/p>\n<p data-start=\"665\" data-end=\"693\"><strong data-start=\"665\" data-end=\"693\">Especifica\u00e7\u00f5es T\u00e9cnicas:<\/strong><\/p>\n<ul data-start=\"695\" data-end=\"993\">\n<li data-start=\"695\" data-end=\"760\">\n<p data-start=\"697\" data-end=\"760\"><strong data-start=\"697\" data-end=\"706\">Tipo:<\/strong> Reguladora de press\u00e3o fixa com flux\u00f4metro integrado<\/p>\n<\/li>\n<li data-start=\"761\" data-end=\"795\">\n<p data-start=\"763\" data-end=\"795\"><strong data-start=\"763\" data-end=\"782\">Faixa de fluxo:<\/strong> 0 a 15 LPM<\/p>\n<\/li>\n<li data-start=\"796\" data-end=\"836\">\n<p data-start=\"798\" data-end=\"836\"><strong data-start=\"798\" data-end=\"812\">Aplica\u00e7\u00e3o:<\/strong> Cilindros de oxig\u00eanio<\/p>\n<\/li>\n<li data-start=\"837\" data-end=\"874\">\n<p data-start=\"839\" data-end=\"874\"><strong data-start=\"839\" data-end=\"852\">Material:<\/strong> Met\u00e1lico resistente<\/p>\n<\/li>\n<li data-start=\"875\" data-end=\"923\">\n<p data-start=\"877\" data-end=\"923\"><strong data-start=\"877\" data-end=\"889\">Conex\u00e3o:<\/strong> Compat\u00edvel com cilindros padr\u00e3o<\/p>\n<\/li>\n<li data-start=\"924\" data-end=\"944\">\n<p data-start=\"926\" data-end=\"944\"><strong data-start=\"926\" data-end=\"936\">Marca:<\/strong> Haoxi<\/p>\n<\/li>\n<\/ul>\n","protected":false},"excerpt":{"rendered":"Descri\u00e7\u00e3o:A V\u00e1lvula Reguladora de Press\u00e3o Haoxi fixa para cilindros de oxig\u00eanio, equipada com flux\u00f4metro de 0 a 15&hellip;","protected":false},"featured_media":8376,"comment_status":"open","ping_status":"closed","template":"","meta":{"slim_seo":{"title":"V\u00e1lvula Reguladora de Press\u00e3o Fixa para Cilindro de Oxig\u00eanio com Flux\u00f4metro 0-15 LPM - Haoxi - Hospitalaria RS","description":"Descri\u00e7\u00e3o: A V\u00e1lvula Reguladora de Press\u00e3o Haoxi fixa para cilindros de oxig\u00eanio, equipada com flux\u00f4metro de 0 a 15 litros por minuto (LPM), permite o controle"}},"product_brand":[1065],"product_cat":[38],"product_tag":[1071,1078,1087,1073,1092,1075,1095,1091],"class_list":{"0":"post-8375","1":"product","2":"type-product","3":"status-publish","4":"has-post-thumbnail","6":"product_brand-haoxi","7":"product_cat-oxigenoterapia","8":"product_tag-equipamento-hospitalar","9":"product_tag-equipamento-respiratorio","10":"product_tag-fluxometro-0-15-lpm","11":"product_tag-haoxi","12":"product_tag-regulador-de-pressao-oxigenio","13":"product_tag-terapia-respiratoria","14":"product_tag-valvula-com-fluxometro","15":"product_tag-valvula-reguladora-haoxi","16":"mbf-entry","18":"first","19":"outofstock","20":"shipping-taxable","21":"purchasable","22":"product-type-simple"},"_links":{"self":[{"href":"https:\/\/hospitalariars.com.br\/index.php\/wp-json\/wp\/v2\/product\/8375","targetHints":{"allow":["GET"]}}],"collection":[{"href":"https:\/\/hospitalariars.com.br\/index.php\/wp-json\/wp\/v2\/product"}],"about":[{"href":"https:\/\/hospitalariars.com.br\/index.php\/wp-json\/wp\/v2\/types\/product"}],"replies":[{"embeddable":true,"href":"https:\/\/hospitalariars.com.br\/index.php\/wp-json\/wp\/v2\/comments?post=8375"}],"wp:featuredmedia":[{"embeddable":true,"href":"https:\/\/hospitalariars.com.br\/index.php\/wp-json\/wp\/v2\/media\/8376"}],"wp:attachment":[{"href":"https:\/\/hospitalariars.com.br\/index.php\/wp-json\/wp\/v2\/media?parent=8375"}],"wp:term":[{"taxonomy":"product_brand","embeddable":true,"href":"https:\/\/hospitalariars.com.br\/index.php\/wp-json\/wp\/v2\/product_brand?post=8375"},{"taxonomy":"product_cat","embeddable":true,"href":"https:\/\/hospitalariars.com.br\/index.php\/wp-json\/wp\/v2\/product_cat?post=8375"},{"taxonomy":"product_tag","embeddable":true,"href":"https:\/\/hospitalariars.com.br\/index.php\/wp-json\/wp\/v2\/product_tag?post=8375"}],"curies":[{"name":"wp","href":"https:\/\/api.w.org\/{rel}","templated":true}]}}