{"id":8377,"date":"2025-07-04T11:26:07","date_gmt":"2025-07-04T14:26:07","guid":{"rendered":"https:\/\/hospitalariars.com.br\/?post_type=product&#038;p=8377"},"modified":"2026-03-27T16:03:33","modified_gmt":"2026-03-27T19:03:33","slug":"valvula-reguladora-de-pressao-haoxi-fixa-para-cilindro-de-ar-comprimido-com-fluxometro-0-15-lpm-haoxi","status":"publish","type":"product","link":"https:\/\/hospitalariars.com.br\/index.php\/produto\/valvula-reguladora-de-pressao-haoxi-fixa-para-cilindro-de-ar-comprimido-com-fluxometro-0-15-lpm-haoxi\/","title":{"rendered":"V\u00e1lvula Reguladora de Press\u00e3o Fixa para Cilindro de Ar Comprimido com Flux\u00f4metro 0-15 LPM &#8211; Haoxi"},"content":{"rendered":"<p data-start=\"351\" data-end=\"559\"><strong data-start=\"351\" data-end=\"365\">Descri\u00e7\u00e3o:<\/strong><br data-start=\"365\" data-end=\"368\" \/>A V\u00e1lvula Reguladora de Press\u00e3o Haoxi modelo novo, com flux\u00f4metro integrado de 0 a 15 litros por minuto (LPM), \u00e9 indicada para o controle do fluxo de ar comprimido proveniente de cilindros.<\/p>\n<p data-start=\"561\" data-end=\"737\">Com conex\u00e3o moderna e compat\u00edvel com os padr\u00f5es mais atuais, o conjunto permite ajuste preciso e seguro do fluxo, sendo ideal para uso hospitalar, ambulatorial ou em home care.<\/p>\n<p data-start=\"739\" data-end=\"767\"><strong data-start=\"739\" data-end=\"767\">Especifica\u00e7\u00f5es T\u00e9cnicas:<\/strong><\/p>\n<ul data-start=\"769\" data-end=\"1063\">\n<li data-start=\"769\" data-end=\"824\">\n<p data-start=\"771\" data-end=\"824\"><strong data-start=\"771\" data-end=\"780\">Tipo:<\/strong> Reguladora de press\u00e3o fixa com flux\u00f4metro<\/p>\n<\/li>\n<li data-start=\"825\" data-end=\"859\">\n<p data-start=\"827\" data-end=\"859\"><strong data-start=\"827\" data-end=\"846\">Faixa de fluxo:<\/strong> 0 a 15 LPM<\/p>\n<\/li>\n<li data-start=\"860\" data-end=\"905\">\n<p data-start=\"862\" data-end=\"905\"><strong data-start=\"862\" data-end=\"876\">Aplica\u00e7\u00e3o:<\/strong> Cilindros de ar comprimido<\/p>\n<\/li>\n<li data-start=\"906\" data-end=\"949\">\n<p data-start=\"908\" data-end=\"949\"><strong data-start=\"908\" data-end=\"920\">Conex\u00e3o:<\/strong> Modelo novo (padr\u00e3o atual)<\/p>\n<\/li>\n<li data-start=\"950\" data-end=\"993\">\n<p data-start=\"952\" data-end=\"993\"><strong data-start=\"952\" data-end=\"965\">Material:<\/strong> Corpo met\u00e1lico resistente<\/p>\n<\/li>\n<li data-start=\"994\" data-end=\"1014\">\n<p data-start=\"996\" data-end=\"1014\"><strong data-start=\"996\" data-end=\"1006\">Marca:<\/strong> Haoxi<\/p>\n<\/li>\n<\/ul>\n","protected":false},"excerpt":{"rendered":"Descri\u00e7\u00e3o:A V\u00e1lvula Reguladora de Press\u00e3o Haoxi modelo novo, com flux\u00f4metro integrado de 0 a 15 litros por minuto&hellip;","protected":false},"featured_media":8378,"comment_status":"open","ping_status":"closed","template":"","meta":{"slim_seo":{"title":"V\u00e1lvula Reguladora de Press\u00e3o Fixa para Cilindro de Ar Comprimido com Flux\u00f4metro 0-15 LPM - Haoxi - Hospitalaria RS","description":"Descri\u00e7\u00e3o: A V\u00e1lvula Reguladora de Press\u00e3o Haoxi modelo novo, com flux\u00f4metro integrado de 0 a 15 litros por minuto (LPM), \u00e9 indicada para o controle do fluxo de"}},"product_brand":[1065],"product_cat":[38],"product_tag":[1078,1087,1073,1097,1096,1098,1095,1091],"class_list":{"0":"post-8377","1":"product","2":"type-product","3":"status-publish","4":"has-post-thumbnail","6":"product_brand-haoxi","7":"product_cat-oxigenoterapia","8":"product_tag-equipamento-respiratorio","9":"product_tag-fluxometro-0-15-lpm","10":"product_tag-haoxi","11":"product_tag-modelo-novo","12":"product_tag-regulador-de-pressao-ar-comprimido","13":"product_tag-terapia-com-ar-medicinal","14":"product_tag-valvula-com-fluxometro","15":"product_tag-valvula-reguladora-haoxi","16":"mbf-entry","18":"first","19":"outofstock","20":"shipping-taxable","21":"purchasable","22":"product-type-simple"},"_links":{"self":[{"href":"https:\/\/hospitalariars.com.br\/index.php\/wp-json\/wp\/v2\/product\/8377","targetHints":{"allow":["GET"]}}],"collection":[{"href":"https:\/\/hospitalariars.com.br\/index.php\/wp-json\/wp\/v2\/product"}],"about":[{"href":"https:\/\/hospitalariars.com.br\/index.php\/wp-json\/wp\/v2\/types\/product"}],"replies":[{"embeddable":true,"href":"https:\/\/hospitalariars.com.br\/index.php\/wp-json\/wp\/v2\/comments?post=8377"}],"wp:featuredmedia":[{"embeddable":true,"href":"https:\/\/hospitalariars.com.br\/index.php\/wp-json\/wp\/v2\/media\/8378"}],"wp:attachment":[{"href":"https:\/\/hospitalariars.com.br\/index.php\/wp-json\/wp\/v2\/media?parent=8377"}],"wp:term":[{"taxonomy":"product_brand","embeddable":true,"href":"https:\/\/hospitalariars.com.br\/index.php\/wp-json\/wp\/v2\/product_brand?post=8377"},{"taxonomy":"product_cat","embeddable":true,"href":"https:\/\/hospitalariars.com.br\/index.php\/wp-json\/wp\/v2\/product_cat?post=8377"},{"taxonomy":"product_tag","embeddable":true,"href":"https:\/\/hospitalariars.com.br\/index.php\/wp-json\/wp\/v2\/product_tag?post=8377"}],"curies":[{"name":"wp","href":"https:\/\/api.w.org\/{rel}","templated":true}]}}