{"id":8383,"date":"2025-07-04T14:04:57","date_gmt":"2025-07-04T17:04:57","guid":{"rendered":"https:\/\/hospitalariars.com.br\/?post_type=product&#038;p=8383"},"modified":"2026-03-27T16:03:33","modified_gmt":"2026-03-27T19:03:33","slug":"valvula-reguladora-de-pressao-para-rede-de-posto-haoxi","status":"publish","type":"product","link":"https:\/\/hospitalariars.com.br\/index.php\/produto\/valvula-reguladora-de-pressao-para-rede-de-posto-haoxi\/","title":{"rendered":"V\u00e1lvula Reguladora de Press\u00e3o para Rede de Posto N20 \u2013 Haoxi"},"content":{"rendered":"<p data-start=\"312\" data-end=\"611\"><strong data-start=\"312\" data-end=\"326\">Descri\u00e7\u00e3o:<\/strong><br data-start=\"326\" data-end=\"329\" \/>A V\u00e1lvula Reguladora de Press\u00e3o Haoxi para rede de posto de N\u2082O (\u00f3xido nitroso) \u00e9 projetada para controlar a press\u00e3o do g\u00e1s proveniente da rede canalizada hospitalar, garantindo seguran\u00e7a e estabilidade no uso de gases medicinais durante procedimentos anest\u00e9sicos e odontol\u00f3gicos.<\/p>\n<p data-start=\"613\" data-end=\"805\">Indicada para uso em centros cir\u00fargicos, cl\u00ednicas odontol\u00f3gicas e hospitais, a v\u00e1lvula possui conex\u00e3o padr\u00e3o e corpo met\u00e1lico resistente, assegurando longa durabilidade e excelente desempenho.<\/p>\n<p data-start=\"807\" data-end=\"835\"><strong data-start=\"807\" data-end=\"835\">Especifica\u00e7\u00f5es T\u00e9cnicas:<\/strong><\/p>\n<ul data-start=\"837\" data-end=\"1109\">\n<li data-start=\"837\" data-end=\"893\">\n<p data-start=\"839\" data-end=\"893\"><strong data-start=\"839\" data-end=\"848\">Tipo:<\/strong> Reguladora de press\u00e3o para rede canalizada<\/p>\n<\/li>\n<li data-start=\"894\" data-end=\"937\">\n<p data-start=\"896\" data-end=\"937\"><strong data-start=\"896\" data-end=\"915\">G\u00e1s compat\u00edvel:<\/strong> N\u2082O (\u00f3xido nitroso)<\/p>\n<\/li>\n<li data-start=\"938\" data-end=\"986\">\n<p data-start=\"940\" data-end=\"986\"><strong data-start=\"940\" data-end=\"952\">Conex\u00e3o:<\/strong> Rede de posto padr\u00e3o hospitalar<\/p>\n<\/li>\n<li data-start=\"987\" data-end=\"1039\">\n<p data-start=\"989\" data-end=\"1039\"><strong data-start=\"989\" data-end=\"1002\">Material:<\/strong> Corpo met\u00e1lico de alta resist\u00eancia<\/p>\n<\/li>\n<li data-start=\"1040\" data-end=\"1060\">\n<p data-start=\"1042\" data-end=\"1060\"><strong data-start=\"1042\" data-end=\"1052\">Marca:<\/strong> Haoxi<\/p>\n<\/li>\n<\/ul>\n","protected":false},"excerpt":{"rendered":"Descri\u00e7\u00e3o:A V\u00e1lvula Reguladora de Press\u00e3o Haoxi para rede de posto de N\u2082O (\u00f3xido nitroso) \u00e9 projetada para controlar&hellip;","protected":false},"featured_media":8385,"comment_status":"open","ping_status":"closed","template":"","meta":{"slim_seo":{"title":"V\u00e1lvula Reguladora de Press\u00e3o para Rede de Posto N20 \u2013 Haoxi - Hospitalaria RS","description":"Descri\u00e7\u00e3o: A V\u00e1lvula Reguladora de Press\u00e3o Haoxi para rede de posto de N\u2082O (\u00f3xido nitroso) \u00e9 projetada para controlar a press\u00e3o do g\u00e1s proveniente da rede canal"}},"product_brand":[1065],"product_cat":[38],"product_tag":[1112,1071,1111,1073,1110,1108,1107,1109],"class_list":{"0":"post-8383","1":"product","2":"type-product","3":"status-publish","4":"has-post-thumbnail","6":"product_brand-haoxi","7":"product_cat-oxigenoterapia","8":"product_tag-anestesia","9":"product_tag-equipamento-hospitalar","10":"product_tag-gas-medicinal","11":"product_tag-haoxi","12":"product_tag-rede-canalizada-n2o","13":"product_tag-regulador-de-pressao-oxido-nitroso","14":"product_tag-valvula-haoxi-n2o","15":"product_tag-valvula-para-rede-de-posto","16":"mbf-entry","18":"first","19":"outofstock","20":"shipping-taxable","21":"purchasable","22":"product-type-simple"},"_links":{"self":[{"href":"https:\/\/hospitalariars.com.br\/index.php\/wp-json\/wp\/v2\/product\/8383","targetHints":{"allow":["GET"]}}],"collection":[{"href":"https:\/\/hospitalariars.com.br\/index.php\/wp-json\/wp\/v2\/product"}],"about":[{"href":"https:\/\/hospitalariars.com.br\/index.php\/wp-json\/wp\/v2\/types\/product"}],"replies":[{"embeddable":true,"href":"https:\/\/hospitalariars.com.br\/index.php\/wp-json\/wp\/v2\/comments?post=8383"}],"wp:featuredmedia":[{"embeddable":true,"href":"https:\/\/hospitalariars.com.br\/index.php\/wp-json\/wp\/v2\/media\/8385"}],"wp:attachment":[{"href":"https:\/\/hospitalariars.com.br\/index.php\/wp-json\/wp\/v2\/media?parent=8383"}],"wp:term":[{"taxonomy":"product_brand","embeddable":true,"href":"https:\/\/hospitalariars.com.br\/index.php\/wp-json\/wp\/v2\/product_brand?post=8383"},{"taxonomy":"product_cat","embeddable":true,"href":"https:\/\/hospitalariars.com.br\/index.php\/wp-json\/wp\/v2\/product_cat?post=8383"},{"taxonomy":"product_tag","embeddable":true,"href":"https:\/\/hospitalariars.com.br\/index.php\/wp-json\/wp\/v2\/product_tag?post=8383"}],"curies":[{"name":"wp","href":"https:\/\/api.w.org\/{rel}","templated":true}]}}