{"id":8386,"date":"2025-07-04T14:08:54","date_gmt":"2025-07-04T17:08:54","guid":{"rendered":"https:\/\/hospitalariars.com.br\/?post_type=product&#038;p=8386"},"modified":"2026-03-27T16:03:33","modified_gmt":"2026-03-27T19:03:33","slug":"tomada-dupla-em-nylon-para-oxigenio-haoxi","status":"publish","type":"product","link":"https:\/\/hospitalariars.com.br\/index.php\/produto\/tomada-dupla-em-nylon-para-oxigenio-haoxi\/","title":{"rendered":"Tomada Dupla em Nylon para Oxig\u00eanio \u2013 Haoxi"},"content":{"rendered":"<p data-start=\"228\" data-end=\"416\"><strong data-start=\"228\" data-end=\"242\">Descri\u00e7\u00e3o:<\/strong><br data-start=\"242\" data-end=\"245\" \/>A Tomada Dupla em Nylon Haoxi para oxig\u00eanio \u00e9 utilizada em redes canalizadas hospitalares para permitir duas conex\u00f5es simult\u00e2neas de oxig\u00eanio em um \u00fanico ponto de sa\u00edda.<\/p>\n<p data-start=\"418\" data-end=\"621\">Fabricada em <strong data-start=\"431\" data-end=\"460\">nylon de alta resist\u00eancia<\/strong>, a tomada proporciona seguran\u00e7a, durabilidade e estanqueidade, sendo indicada para uso em leitos hospitalares, UTIs, salas de recupera\u00e7\u00e3o e pronto-atendimentos.<\/p>\n<p data-start=\"623\" data-end=\"651\"><strong data-start=\"623\" data-end=\"651\">Especifica\u00e7\u00f5es T\u00e9cnicas:<\/strong><\/p>\n<ul data-start=\"653\" data-end=\"971\">\n<li data-start=\"653\" data-end=\"679\">\n<p data-start=\"655\" data-end=\"679\"><strong data-start=\"655\" data-end=\"664\">Tipo:<\/strong> Tomada dupla<\/p>\n<\/li>\n<li data-start=\"680\" data-end=\"723\">\n<p data-start=\"682\" data-end=\"723\"><strong data-start=\"682\" data-end=\"696\">Aplica\u00e7\u00e3o:<\/strong> G\u00e1s medicinal \u2013 oxig\u00eanio<\/p>\n<\/li>\n<li data-start=\"724\" data-end=\"776\">\n<p data-start=\"726\" data-end=\"776\"><strong data-start=\"726\" data-end=\"739\">Material:<\/strong> Nylon t\u00e9cnico de alta durabilidade<\/p>\n<\/li>\n<li data-start=\"777\" data-end=\"852\">\n<p data-start=\"779\" data-end=\"852\"><strong data-start=\"779\" data-end=\"792\">Conex\u00f5es:<\/strong> Duplas, compat\u00edveis com engates r\u00e1pidos padr\u00e3o hospitalar<\/p>\n<\/li>\n<li data-start=\"853\" data-end=\"901\">\n<p data-start=\"855\" data-end=\"901\"><strong data-start=\"855\" data-end=\"870\">Instala\u00e7\u00e3o:<\/strong> Em pontos da rede canalizada<\/p>\n<\/li>\n<li data-start=\"902\" data-end=\"922\">\n<p data-start=\"904\" data-end=\"922\"><strong data-start=\"904\" data-end=\"914\">Marca:<\/strong> Haoxi<\/p>\n<\/li>\n<\/ul>\n","protected":false},"excerpt":{"rendered":"Descri\u00e7\u00e3o:A Tomada Dupla em Nylon Haoxi para oxig\u00eanio \u00e9 utilizada em redes canalizadas hospitalares para permitir duas conex\u00f5es&hellip;","protected":false},"featured_media":8387,"comment_status":"open","ping_status":"closed","template":"","meta":{"slim_seo":{"title":"Tomada Dupla em Nylon para Oxig\u00eanio \u2013 Haoxi - Hospitalaria RS","description":"Descri\u00e7\u00e3o: A Tomada Dupla em Nylon Haoxi para oxig\u00eanio \u00e9 utilizada em redes canalizadas hospitalares para permitir duas conex\u00f5es simult\u00e2neas de oxig\u00eanio em um \u00fa"}},"product_brand":[1065],"product_cat":[38],"product_tag":[1115,1116,1073,1119,1101,1113,1114,1117,1118],"class_list":{"0":"post-8386","1":"product","2":"type-product","3":"status-publish","4":"has-post-thumbnail","6":"product_brand-haoxi","7":"product_cat-oxigenoterapia","8":"product_tag-conexao-de-gases-medicinais","9":"product_tag-equipamento-para-rede-de-gases","10":"product_tag-haoxi","11":"product_tag-nylon-tecnico","12":"product_tag-rede-canalizada","13":"product_tag-tomada-dupla-oxigenio","14":"product_tag-tomada-em-nylon-haoxi","15":"product_tag-tomada-hospitalar","16":"product_tag-tomada-para-oxigenio","17":"mbf-entry","19":"first","20":"outofstock","21":"shipping-taxable","22":"purchasable","23":"product-type-simple"},"_links":{"self":[{"href":"https:\/\/hospitalariars.com.br\/index.php\/wp-json\/wp\/v2\/product\/8386","targetHints":{"allow":["GET"]}}],"collection":[{"href":"https:\/\/hospitalariars.com.br\/index.php\/wp-json\/wp\/v2\/product"}],"about":[{"href":"https:\/\/hospitalariars.com.br\/index.php\/wp-json\/wp\/v2\/types\/product"}],"replies":[{"embeddable":true,"href":"https:\/\/hospitalariars.com.br\/index.php\/wp-json\/wp\/v2\/comments?post=8386"}],"wp:featuredmedia":[{"embeddable":true,"href":"https:\/\/hospitalariars.com.br\/index.php\/wp-json\/wp\/v2\/media\/8387"}],"wp:attachment":[{"href":"https:\/\/hospitalariars.com.br\/index.php\/wp-json\/wp\/v2\/media?parent=8386"}],"wp:term":[{"taxonomy":"product_brand","embeddable":true,"href":"https:\/\/hospitalariars.com.br\/index.php\/wp-json\/wp\/v2\/product_brand?post=8386"},{"taxonomy":"product_cat","embeddable":true,"href":"https:\/\/hospitalariars.com.br\/index.php\/wp-json\/wp\/v2\/product_cat?post=8386"},{"taxonomy":"product_tag","embeddable":true,"href":"https:\/\/hospitalariars.com.br\/index.php\/wp-json\/wp\/v2\/product_tag?post=8386"}],"curies":[{"name":"wp","href":"https:\/\/api.w.org\/{rel}","templated":true}]}}