{"id":8388,"date":"2025-07-04T14:12:06","date_gmt":"2025-07-04T17:12:06","guid":{"rendered":"https:\/\/hospitalariars.com.br\/?post_type=product&#038;p=8388"},"modified":"2026-03-27T16:03:33","modified_gmt":"2026-03-27T19:03:33","slug":"tomada-dupla-em-nylon-para-ar-comprimido-haoxi","status":"publish","type":"product","link":"https:\/\/hospitalariars.com.br\/index.php\/produto\/tomada-dupla-em-nylon-para-ar-comprimido-haoxi\/","title":{"rendered":"Tomada Dupla em Nylon para Ar Comprimido \u2013 Haoxi"},"content":{"rendered":"<p data-start=\"206\" data-end=\"421\"><strong data-start=\"206\" data-end=\"220\">Descri\u00e7\u00e3o:<\/strong><br data-start=\"220\" data-end=\"223\" \/>A Tomada Dupla em Nylon Haoxi para ar comprimido \u00e9 projetada para permitir a conex\u00e3o simult\u00e2nea de dois dispositivos \u00e0 rede canalizada de ar medicinal, otimizando o uso de um \u00fanico ponto de sa\u00edda.<\/p>\n<p data-start=\"423\" data-end=\"587\">Fabricada em <strong data-start=\"436\" data-end=\"473\">nylon t\u00e9cnico de alta resist\u00eancia<\/strong>, a pe\u00e7a garante veda\u00e7\u00e3o eficiente, durabilidade e compatibilidade com os padr\u00f5es hospitalares de engates r\u00e1pidos.<\/p>\n<p data-start=\"589\" data-end=\"617\"><strong data-start=\"589\" data-end=\"617\">Especifica\u00e7\u00f5es T\u00e9cnicas:<\/strong><\/p>\n<ul data-start=\"619\" data-end=\"907\">\n<li data-start=\"619\" data-end=\"645\">\n<p data-start=\"621\" data-end=\"645\"><strong data-start=\"621\" data-end=\"630\">Tipo:<\/strong> Tomada dupla<\/p>\n<\/li>\n<li data-start=\"646\" data-end=\"688\">\n<p data-start=\"648\" data-end=\"688\"><strong data-start=\"648\" data-end=\"662\">Aplica\u00e7\u00e3o:<\/strong> Ar comprimido medicinal<\/p>\n<\/li>\n<li data-start=\"689\" data-end=\"732\">\n<p data-start=\"691\" data-end=\"732\"><strong data-start=\"691\" data-end=\"704\">Material:<\/strong> Nylon de alta performance<\/p>\n<\/li>\n<li data-start=\"733\" data-end=\"792\">\n<p data-start=\"735\" data-end=\"792\"><strong data-start=\"735\" data-end=\"748\">Conex\u00f5es:<\/strong> Duplas, padr\u00e3o hospitalar (engate r\u00e1pido)<\/p>\n<\/li>\n<li data-start=\"793\" data-end=\"837\">\n<p data-start=\"795\" data-end=\"837\"><strong data-start=\"795\" data-end=\"810\">Instala\u00e7\u00e3o:<\/strong> Ponto da rede canalizada<\/p>\n<\/li>\n<li data-start=\"838\" data-end=\"858\">\n<p data-start=\"840\" data-end=\"858\"><strong data-start=\"840\" data-end=\"850\">Marca:<\/strong> Haoxi<\/p>\n<\/li>\n<\/ul>\n","protected":false},"excerpt":{"rendered":"Descri\u00e7\u00e3o:A Tomada Dupla em Nylon Haoxi para ar comprimido \u00e9 projetada para permitir a conex\u00e3o simult\u00e2nea de dois&hellip;","protected":false},"featured_media":8389,"comment_status":"open","ping_status":"closed","template":"","meta":{"slim_seo":{"title":"Tomada Dupla em Nylon para Ar Comprimido \u2013 Haoxi - Hospitalaria RS","description":"Descri\u00e7\u00e3o: A Tomada Dupla em Nylon Haoxi para ar comprimido \u00e9 projetada para permitir a conex\u00e3o simult\u00e2nea de dois dispositivos \u00e0 rede canalizada de ar medicina"}},"product_brand":[1065],"product_cat":[38],"product_tag":[1121,1071,1073,1119,1101,1120,1114,1122],"class_list":{"0":"post-8388","1":"product","2":"type-product","3":"status-publish","4":"has-post-thumbnail","6":"product_brand-haoxi","7":"product_cat-oxigenoterapia","8":"product_tag-conexao-para-gas-medicinal","9":"product_tag-equipamento-hospitalar","10":"product_tag-haoxi","11":"product_tag-nylon-tecnico","12":"product_tag-rede-canalizada","13":"product_tag-tomada-dupla-ar-comprimido","14":"product_tag-tomada-em-nylon-haoxi","15":"product_tag-tomada-para-ar-medicinal","16":"mbf-entry","18":"first","19":"outofstock","20":"shipping-taxable","21":"purchasable","22":"product-type-simple"},"_links":{"self":[{"href":"https:\/\/hospitalariars.com.br\/index.php\/wp-json\/wp\/v2\/product\/8388","targetHints":{"allow":["GET"]}}],"collection":[{"href":"https:\/\/hospitalariars.com.br\/index.php\/wp-json\/wp\/v2\/product"}],"about":[{"href":"https:\/\/hospitalariars.com.br\/index.php\/wp-json\/wp\/v2\/types\/product"}],"replies":[{"embeddable":true,"href":"https:\/\/hospitalariars.com.br\/index.php\/wp-json\/wp\/v2\/comments?post=8388"}],"wp:featuredmedia":[{"embeddable":true,"href":"https:\/\/hospitalariars.com.br\/index.php\/wp-json\/wp\/v2\/media\/8389"}],"wp:attachment":[{"href":"https:\/\/hospitalariars.com.br\/index.php\/wp-json\/wp\/v2\/media?parent=8388"}],"wp:term":[{"taxonomy":"product_brand","embeddable":true,"href":"https:\/\/hospitalariars.com.br\/index.php\/wp-json\/wp\/v2\/product_brand?post=8388"},{"taxonomy":"product_cat","embeddable":true,"href":"https:\/\/hospitalariars.com.br\/index.php\/wp-json\/wp\/v2\/product_cat?post=8388"},{"taxonomy":"product_tag","embeddable":true,"href":"https:\/\/hospitalariars.com.br\/index.php\/wp-json\/wp\/v2\/product_tag?post=8388"}],"curies":[{"name":"wp","href":"https:\/\/api.w.org\/{rel}","templated":true}]}}