{"id":8390,"date":"2025-07-04T14:15:23","date_gmt":"2025-07-04T17:15:23","guid":{"rendered":"https:\/\/hospitalariars.com.br\/?post_type=product&#038;p=8390"},"modified":"2026-03-27T16:03:33","modified_gmt":"2026-03-27T19:03:33","slug":"tomada-dupla-em-nylon-para-vacuo-haoxi","status":"publish","type":"product","link":"https:\/\/hospitalariars.com.br\/index.php\/produto\/tomada-dupla-em-nylon-para-vacuo-haoxi\/","title":{"rendered":"Tomada Dupla em Nylon para V\u00e1cuo \u2013 Haoxi"},"content":{"rendered":"<p data-start=\"222\" data-end=\"418\"><strong data-start=\"222\" data-end=\"236\">Descri\u00e7\u00e3o:<\/strong><br data-start=\"236\" data-end=\"239\" \/>A Tomada Dupla em Nylon Haoxi para v\u00e1cuo \u00e9 desenvolvida para permitir a utiliza\u00e7\u00e3o de dois equipamentos simultaneamente em um \u00fanico ponto da rede canalizada de v\u00e1cuo hospitalar.<\/p>\n<p data-start=\"420\" data-end=\"583\">Produzida em <strong data-start=\"433\" data-end=\"470\">nylon t\u00e9cnico de alta resist\u00eancia<\/strong>, oferece veda\u00e7\u00e3o segura, excelente desempenho e compatibilidade com sistemas de engate r\u00e1pido padr\u00e3o hospitalar.<\/p>\n<p data-start=\"585\" data-end=\"613\"><strong data-start=\"585\" data-end=\"613\">Especifica\u00e7\u00f5es T\u00e9cnicas:<\/strong><\/p>\n<ul data-start=\"615\" data-end=\"933\">\n<li data-start=\"615\" data-end=\"641\">\n<p data-start=\"617\" data-end=\"641\"><strong data-start=\"617\" data-end=\"626\">Tipo:<\/strong> Tomada dupla<\/p>\n<\/li>\n<li data-start=\"642\" data-end=\"700\">\n<p data-start=\"644\" data-end=\"700\"><strong data-start=\"644\" data-end=\"658\">Aplica\u00e7\u00e3o:<\/strong> Sistema de v\u00e1cuo (aspira\u00e7\u00e3o hospitalar)<\/p>\n<\/li>\n<li data-start=\"701\" data-end=\"745\">\n<p data-start=\"703\" data-end=\"745\"><strong data-start=\"703\" data-end=\"716\">Material:<\/strong> Nylon de alta durabilidade<\/p>\n<\/li>\n<li data-start=\"746\" data-end=\"805\">\n<p data-start=\"748\" data-end=\"805\"><strong data-start=\"748\" data-end=\"761\">Conex\u00f5es:<\/strong> Duplas, padr\u00e3o hospitalar (engate r\u00e1pido)<\/p>\n<\/li>\n<li data-start=\"806\" data-end=\"863\">\n<p data-start=\"808\" data-end=\"863\"><strong data-start=\"808\" data-end=\"823\">Instala\u00e7\u00e3o:<\/strong> Em pontos da rede canalizada de v\u00e1cuo<\/p>\n<\/li>\n<li data-start=\"864\" data-end=\"884\">\n<p data-start=\"866\" data-end=\"884\"><strong data-start=\"866\" data-end=\"876\">Marca:<\/strong> Haoxi<\/p>\n<\/li>\n<\/ul>\n","protected":false},"excerpt":{"rendered":"Descri\u00e7\u00e3o:A Tomada Dupla em Nylon Haoxi para v\u00e1cuo \u00e9 desenvolvida para permitir a utiliza\u00e7\u00e3o de dois equipamentos simultaneamente&hellip;","protected":false},"featured_media":8391,"comment_status":"open","ping_status":"closed","template":"","meta":{"slim_seo":{"title":"Tomada Dupla em Nylon para V\u00e1cuo \u2013 Haoxi - Hospitalaria RS","description":"Descri\u00e7\u00e3o: A Tomada Dupla em Nylon Haoxi para v\u00e1cuo \u00e9 desenvolvida para permitir a utiliza\u00e7\u00e3o de dois equipamentos simultaneamente em um \u00fanico ponto da rede can"}},"product_brand":[1065],"product_cat":[38],"product_tag":[1127,1126,1071,1073,1119,1125,1123,1124,1128],"class_list":{"0":"post-8390","1":"product","2":"type-product","3":"status-publish","4":"has-post-thumbnail","6":"product_brand-haoxi","7":"product_cat-oxigenoterapia","8":"product_tag-engate-rapido-vacuo","9":"product_tag-equipamento-de-aspiracao","10":"product_tag-equipamento-hospitalar","11":"product_tag-haoxi","12":"product_tag-nylon-tecnico","13":"product_tag-rede-de-vacuo-hospitalar","14":"product_tag-tomada-dupla-vacuo","15":"product_tag-tomada-em-nylon","16":"product_tag-tomada-para-gas-medicinal","17":"mbf-entry","19":"first","20":"outofstock","21":"shipping-taxable","22":"purchasable","23":"product-type-simple"},"_links":{"self":[{"href":"https:\/\/hospitalariars.com.br\/index.php\/wp-json\/wp\/v2\/product\/8390","targetHints":{"allow":["GET"]}}],"collection":[{"href":"https:\/\/hospitalariars.com.br\/index.php\/wp-json\/wp\/v2\/product"}],"about":[{"href":"https:\/\/hospitalariars.com.br\/index.php\/wp-json\/wp\/v2\/types\/product"}],"replies":[{"embeddable":true,"href":"https:\/\/hospitalariars.com.br\/index.php\/wp-json\/wp\/v2\/comments?post=8390"}],"wp:featuredmedia":[{"embeddable":true,"href":"https:\/\/hospitalariars.com.br\/index.php\/wp-json\/wp\/v2\/media\/8391"}],"wp:attachment":[{"href":"https:\/\/hospitalariars.com.br\/index.php\/wp-json\/wp\/v2\/media?parent=8390"}],"wp:term":[{"taxonomy":"product_brand","embeddable":true,"href":"https:\/\/hospitalariars.com.br\/index.php\/wp-json\/wp\/v2\/product_brand?post=8390"},{"taxonomy":"product_cat","embeddable":true,"href":"https:\/\/hospitalariars.com.br\/index.php\/wp-json\/wp\/v2\/product_cat?post=8390"},{"taxonomy":"product_tag","embeddable":true,"href":"https:\/\/hospitalariars.com.br\/index.php\/wp-json\/wp\/v2\/product_tag?post=8390"}],"curies":[{"name":"wp","href":"https:\/\/api.w.org\/{rel}","templated":true}]}}