{"id":8392,"date":"2025-07-04T14:18:43","date_gmt":"2025-07-04T17:18:43","guid":{"rendered":"https:\/\/hospitalariars.com.br\/?post_type=product&#038;p=8392"},"modified":"2026-03-27T16:03:33","modified_gmt":"2026-03-27T19:03:33","slug":"circuito-respiratorio-haoxi-infantil-com-drenos-e-sem-linha-proximal-haoxi","status":"publish","type":"product","link":"https:\/\/hospitalariars.com.br\/index.php\/produto\/circuito-respiratorio-haoxi-infantil-com-drenos-e-sem-linha-proximal-haoxi\/","title":{"rendered":"Circuito Respirat\u00f3rio Haoxi Infantil com Drenos e sem Linha Proximal &#8211; Haoxi"},"content":{"rendered":"<p data-start=\"248\" data-end=\"585\"><strong data-start=\"248\" data-end=\"262\">Descri\u00e7\u00e3o:<\/strong><br data-start=\"262\" data-end=\"265\" \/>O Circuito Respirat\u00f3rio Infantil Haoxi \u00e9 indicado para conex\u00e3o entre o ventilador mec\u00e2nico e o paciente em procedimentos de ventila\u00e7\u00e3o assistida. Este modelo infantil <strong data-start=\"432\" data-end=\"449\">possui drenos<\/strong> para controle da condensa\u00e7\u00e3o e <strong data-start=\"481\" data-end=\"510\">n\u00e3o possui linha proximal<\/strong>, sendo ideal para aplica\u00e7\u00f5es espec\u00edficas onde essa linha n\u00e3o \u00e9 necess\u00e1ria.<\/p>\n<p data-start=\"587\" data-end=\"744\">Fabricado com materiais flex\u00edveis, at\u00f3xicos e resistentes, o circuito garante seguran\u00e7a, conforto e excelente desempenho na condu\u00e7\u00e3o dos gases respirat\u00f3rios.<\/p>\n<p data-start=\"746\" data-end=\"774\"><strong data-start=\"746\" data-end=\"774\">Especifica\u00e7\u00f5es T\u00e9cnicas:<\/strong><\/p>\n<ul data-start=\"776\" data-end=\"1120\">\n<li data-start=\"776\" data-end=\"807\">\n<p data-start=\"778\" data-end=\"807\"><strong data-start=\"778\" data-end=\"792\">Indica\u00e7\u00e3o:<\/strong> Uso infantil<\/p>\n<\/li>\n<li data-start=\"808\" data-end=\"879\">\n<p data-start=\"810\" data-end=\"879\"><strong data-start=\"810\" data-end=\"825\">Composi\u00e7\u00e3o:<\/strong> Tubos corrugados, conectores e drenos de condensado<\/p>\n<\/li>\n<li data-start=\"880\" data-end=\"906\">\n<p data-start=\"882\" data-end=\"906\"><strong data-start=\"882\" data-end=\"904\">Sem linha proximal<\/strong><\/p>\n<\/li>\n<li data-start=\"907\" data-end=\"952\">\n<p data-start=\"909\" data-end=\"952\"><strong data-start=\"909\" data-end=\"950\">At\u00f3xico e livre de l\u00e1tex (latex free)<\/strong><\/p>\n<\/li>\n<li data-start=\"953\" data-end=\"1023\">\n<p data-start=\"955\" data-end=\"1023\"><strong data-start=\"955\" data-end=\"1021\">Compat\u00edvel com ventiladores mec\u00e2nicos e aparelhos de anestesia<\/strong><\/p>\n<\/li>\n<li data-start=\"1024\" data-end=\"1050\">\n<p data-start=\"1026\" data-end=\"1050\"><strong data-start=\"1026\" data-end=\"1048\">Uso \u00fanico, est\u00e9ril<\/strong><\/p>\n<\/li>\n<li data-start=\"1051\" data-end=\"1071\">\n<p data-start=\"1053\" data-end=\"1071\"><strong data-start=\"1053\" data-end=\"1063\">Marca:<\/strong> Haoxi<\/p>\n<\/li>\n<\/ul>\n","protected":false},"excerpt":{"rendered":"Descri\u00e7\u00e3o:O Circuito Respirat\u00f3rio Infantil Haoxi \u00e9 indicado para conex\u00e3o entre o ventilador mec\u00e2nico e o paciente em procedimentos&hellip;","protected":false},"featured_media":8393,"comment_status":"open","ping_status":"closed","template":"","meta":{"slim_seo":{"title":"Circuito Respirat\u00f3rio Haoxi Infantil com Drenos e sem Linha Proximal - Haoxi - Hospitalaria RS","description":"Descri\u00e7\u00e3o: O Circuito Respirat\u00f3rio Infantil Haoxi \u00e9 indicado para conex\u00e3o entre o ventilador mec\u00e2nico e o paciente em procedimentos de ventila\u00e7\u00e3o assistida. Est"}},"product_brand":[1065],"product_cat":[38],"product_tag":[1130,1134,1129,1132,1073,1042,1133,1131,208,1135],"class_list":{"0":"post-8392","1":"product","2":"type-product","3":"status-publish","4":"has-post-thumbnail","6":"product_brand-haoxi","7":"product_cat-oxigenoterapia","8":"product_tag-circuito-com-drenos","9":"product_tag-circuito-esteril","10":"product_tag-circuito-respiratorio-infantil","11":"product_tag-equipamento-ventilacao-mecanica","12":"product_tag-haoxi","13":"product_tag-latex-free","14":"product_tag-respiratorio-infantil","15":"product_tag-sem-linha-proximal","16":"product_tag-uso-hospitalar","17":"product_tag-ventilacao-assistida","18":"mbf-entry","20":"first","21":"outofstock","22":"shipping-taxable","23":"purchasable","24":"product-type-simple"},"_links":{"self":[{"href":"https:\/\/hospitalariars.com.br\/index.php\/wp-json\/wp\/v2\/product\/8392","targetHints":{"allow":["GET"]}}],"collection":[{"href":"https:\/\/hospitalariars.com.br\/index.php\/wp-json\/wp\/v2\/product"}],"about":[{"href":"https:\/\/hospitalariars.com.br\/index.php\/wp-json\/wp\/v2\/types\/product"}],"replies":[{"embeddable":true,"href":"https:\/\/hospitalariars.com.br\/index.php\/wp-json\/wp\/v2\/comments?post=8392"}],"wp:featuredmedia":[{"embeddable":true,"href":"https:\/\/hospitalariars.com.br\/index.php\/wp-json\/wp\/v2\/media\/8393"}],"wp:attachment":[{"href":"https:\/\/hospitalariars.com.br\/index.php\/wp-json\/wp\/v2\/media?parent=8392"}],"wp:term":[{"taxonomy":"product_brand","embeddable":true,"href":"https:\/\/hospitalariars.com.br\/index.php\/wp-json\/wp\/v2\/product_brand?post=8392"},{"taxonomy":"product_cat","embeddable":true,"href":"https:\/\/hospitalariars.com.br\/index.php\/wp-json\/wp\/v2\/product_cat?post=8392"},{"taxonomy":"product_tag","embeddable":true,"href":"https:\/\/hospitalariars.com.br\/index.php\/wp-json\/wp\/v2\/product_tag?post=8392"}],"curies":[{"name":"wp","href":"https:\/\/api.w.org\/{rel}","templated":true}]}}