{"id":8394,"date":"2025-07-04T14:26:52","date_gmt":"2025-07-04T17:26:52","guid":{"rendered":"https:\/\/hospitalariars.com.br\/?post_type=product&#038;p=8394"},"modified":"2026-03-27T16:03:33","modified_gmt":"2026-03-27T19:03:33","slug":"circuito-respiratorio-adulto-com-drenos-e-sem-linha-proximal-haoxi","status":"publish","type":"product","link":"https:\/\/hospitalariars.com.br\/index.php\/produto\/circuito-respiratorio-adulto-com-drenos-e-sem-linha-proximal-haoxi\/","title":{"rendered":"Circuito Respirat\u00f3rio &#8211; Adulto com Drenos e sem Linha Proximal &#8211; Haoxi"},"content":{"rendered":"<p data-start=\"242\" data-end=\"596\"><strong data-start=\"242\" data-end=\"256\">Descri\u00e7\u00e3o:<\/strong><br data-start=\"256\" data-end=\"259\" \/>O Circuito Respirat\u00f3rio Adulto Haoxi \u00e9 utilizado para conex\u00e3o entre o ventilador mec\u00e2nico ou aparelho de anestesia e o paciente, promovendo ventila\u00e7\u00e3o segura e eficaz. Este modelo <strong data-start=\"439\" data-end=\"456\">possui drenos<\/strong> para controle da condensa\u00e7\u00e3o e <strong data-start=\"488\" data-end=\"517\">n\u00e3o possui linha proximal<\/strong>, sendo indicado para situa\u00e7\u00f5es onde o monitoramento proximal n\u00e3o \u00e9 necess\u00e1rio.<\/p>\n<p data-start=\"598\" data-end=\"763\">Fabricado com materiais de alta qualidade, at\u00f3xicos e livres de l\u00e1tex, o circuito garante conforto, seguran\u00e7a e confiabilidade no transporte dos gases respirat\u00f3rios.<\/p>\n<p data-start=\"765\" data-end=\"793\"><strong data-start=\"765\" data-end=\"793\">Especifica\u00e7\u00f5es T\u00e9cnicas:<\/strong><\/p>\n<ul data-start=\"795\" data-end=\"1133\">\n<li data-start=\"795\" data-end=\"824\">\n<p data-start=\"797\" data-end=\"824\"><strong data-start=\"797\" data-end=\"811\">Indica\u00e7\u00e3o:<\/strong> Uso adulto<\/p>\n<\/li>\n<li data-start=\"825\" data-end=\"871\">\n<p data-start=\"827\" data-end=\"871\"><strong data-start=\"827\" data-end=\"844\">Configura\u00e7\u00e3o:<\/strong> Com drenos de condensado<\/p>\n<\/li>\n<li data-start=\"872\" data-end=\"898\">\n<p data-start=\"874\" data-end=\"898\"><strong data-start=\"874\" data-end=\"896\">Sem linha proximal<\/strong><\/p>\n<\/li>\n<li data-start=\"899\" data-end=\"965\">\n<p data-start=\"901\" data-end=\"965\"><strong data-start=\"901\" data-end=\"914\">Material:<\/strong> Tubo corrugado flex\u00edvel, at\u00f3xico, livre de l\u00e1tex<\/p>\n<\/li>\n<li data-start=\"966\" data-end=\"1036\">\n<p data-start=\"968\" data-end=\"1036\"><strong data-start=\"968\" data-end=\"1034\">Compat\u00edvel com ventiladores mec\u00e2nicos e aparelhos de anestesia<\/strong><\/p>\n<\/li>\n<li data-start=\"1037\" data-end=\"1063\">\n<p data-start=\"1039\" data-end=\"1063\"><strong data-start=\"1039\" data-end=\"1061\">Uso \u00fanico, est\u00e9ril<\/strong><\/p>\n<\/li>\n<li data-start=\"1064\" data-end=\"1084\">\n<p data-start=\"1066\" data-end=\"1084\"><strong data-start=\"1066\" data-end=\"1076\">Marca:<\/strong> Haoxi<\/p>\n<\/li>\n<\/ul>\n","protected":false},"excerpt":{"rendered":"Descri\u00e7\u00e3o:O Circuito Respirat\u00f3rio Adulto Haoxi \u00e9 utilizado para conex\u00e3o entre o ventilador mec\u00e2nico ou aparelho de anestesia e&hellip;","protected":false},"featured_media":8395,"comment_status":"open","ping_status":"closed","template":"","meta":{"slim_seo":{"title":"Circuito Respirat\u00f3rio - Adulto com Drenos e sem Linha Proximal - Haoxi - Hospitalaria RS","description":"Descri\u00e7\u00e3o: O Circuito Respirat\u00f3rio Adulto Haoxi \u00e9 utilizado para conex\u00e3o entre o ventilador mec\u00e2nico ou aparelho de anestesia e o paciente, promovendo ventila\u00e7\u00e3"}},"product_brand":[1065],"product_cat":[38],"product_tag":[1112,1130,1134,1136,1078,1073,1042,1131,208,1137],"class_list":{"0":"post-8394","1":"product","2":"type-product","3":"status-publish","4":"has-post-thumbnail","6":"product_brand-haoxi","7":"product_cat-oxigenoterapia","8":"product_tag-anestesia","9":"product_tag-circuito-com-drenos","10":"product_tag-circuito-esteril","11":"product_tag-circuito-respiratorio-adulto","12":"product_tag-equipamento-respiratorio","13":"product_tag-haoxi","14":"product_tag-latex-free","15":"product_tag-sem-linha-proximal","16":"product_tag-uso-hospitalar","17":"product_tag-ventilacao-mecanica","18":"mbf-entry","20":"first","21":"outofstock","22":"shipping-taxable","23":"purchasable","24":"product-type-simple"},"_links":{"self":[{"href":"https:\/\/hospitalariars.com.br\/index.php\/wp-json\/wp\/v2\/product\/8394","targetHints":{"allow":["GET"]}}],"collection":[{"href":"https:\/\/hospitalariars.com.br\/index.php\/wp-json\/wp\/v2\/product"}],"about":[{"href":"https:\/\/hospitalariars.com.br\/index.php\/wp-json\/wp\/v2\/types\/product"}],"replies":[{"embeddable":true,"href":"https:\/\/hospitalariars.com.br\/index.php\/wp-json\/wp\/v2\/comments?post=8394"}],"wp:featuredmedia":[{"embeddable":true,"href":"https:\/\/hospitalariars.com.br\/index.php\/wp-json\/wp\/v2\/media\/8395"}],"wp:attachment":[{"href":"https:\/\/hospitalariars.com.br\/index.php\/wp-json\/wp\/v2\/media?parent=8394"}],"wp:term":[{"taxonomy":"product_brand","embeddable":true,"href":"https:\/\/hospitalariars.com.br\/index.php\/wp-json\/wp\/v2\/product_brand?post=8394"},{"taxonomy":"product_cat","embeddable":true,"href":"https:\/\/hospitalariars.com.br\/index.php\/wp-json\/wp\/v2\/product_cat?post=8394"},{"taxonomy":"product_tag","embeddable":true,"href":"https:\/\/hospitalariars.com.br\/index.php\/wp-json\/wp\/v2\/product_tag?post=8394"}],"curies":[{"name":"wp","href":"https:\/\/api.w.org\/{rel}","templated":true}]}}