{"id":8400,"date":"2025-07-04T14:44:01","date_gmt":"2025-07-04T17:44:01","guid":{"rendered":"https:\/\/hospitalariars.com.br\/?post_type=product&#038;p=8400"},"modified":"2026-03-27T16:03:33","modified_gmt":"2026-03-27T19:03:33","slug":"circuito-respiratorio-para-anestesia-adulto-com-2-traqueias-de-1200mm-e-conector-y-haoxi","status":"publish","type":"product","link":"https:\/\/hospitalariars.com.br\/index.php\/produto\/circuito-respiratorio-para-anestesia-adulto-com-2-traqueias-de-1200mm-e-conector-y-haoxi\/","title":{"rendered":"Circuito Respirat\u00f3rio para Anestesia Adulto com 2 Traqueias de 1200mm e Conector Y \u2013 Haoxi"},"content":{"rendered":"<p data-start=\"289\" data-end=\"473\"><strong data-start=\"289\" data-end=\"303\">Descri\u00e7\u00e3o:<\/strong><br data-start=\"303\" data-end=\"306\" \/>O Circuito Respirat\u00f3rio Haoxi para anestesia adulto \u00e9 indicado para condu\u00e7\u00e3o segura dos gases anest\u00e9sicos e respirat\u00f3rios entre o aparelho de anestesia e o paciente.<\/p>\n<p data-start=\"475\" data-end=\"659\">Este modelo conta com <strong data-start=\"497\" data-end=\"525\">duas traqueias de 1200mm<\/strong> (1,2 metro cada) e <strong data-start=\"545\" data-end=\"562\">conector em Y<\/strong>, permitindo fluxo balanceado de entrada e sa\u00edda de gases, com excelente veda\u00e7\u00e3o e flexibilidade.<\/p>\n<p data-start=\"661\" data-end=\"776\">Fabricado com materiais resistentes, at\u00f3xicos e livres de l\u00e1tex, \u00e9 ideal para uso hospitalar em centros cir\u00fargicos.<\/p>\n<p data-start=\"778\" data-end=\"806\"><strong data-start=\"778\" data-end=\"806\">Especifica\u00e7\u00f5es T\u00e9cnicas:<\/strong><\/p>\n<ul data-start=\"808\" data-end=\"1114\">\n<li data-start=\"808\" data-end=\"849\">\n<p data-start=\"810\" data-end=\"849\"><strong data-start=\"810\" data-end=\"824\">Indica\u00e7\u00e3o:<\/strong> Uso adulto \u2013 anestesia<\/p>\n<\/li>\n<li data-start=\"850\" data-end=\"906\">\n<p data-start=\"852\" data-end=\"906\"><strong data-start=\"852\" data-end=\"868\">Componentes:<\/strong> 2 traqueias de 1200 mm + conector Y<\/p>\n<\/li>\n<li data-start=\"907\" data-end=\"948\">\n<p data-start=\"909\" data-end=\"948\"><strong data-start=\"909\" data-end=\"922\">Material:<\/strong> At\u00f3xico, livre de l\u00e1tex<\/p>\n<\/li>\n<li data-start=\"949\" data-end=\"1017\">\n<p data-start=\"951\" data-end=\"1017\"><strong data-start=\"951\" data-end=\"971\">Compatibilidade:<\/strong> Equipamentos de anestesia padr\u00e3o hospitalar<\/p>\n<\/li>\n<li data-start=\"1018\" data-end=\"1044\">\n<p data-start=\"1020\" data-end=\"1044\"><strong data-start=\"1020\" data-end=\"1042\">Uso \u00fanico, est\u00e9ril<\/strong><\/p>\n<\/li>\n<li data-start=\"1045\" data-end=\"1065\">\n<p data-start=\"1047\" data-end=\"1065\"><strong data-start=\"1047\" data-end=\"1057\">Marca:<\/strong> Haoxi<\/p>\n<\/li>\n<\/ul>\n","protected":false},"excerpt":{"rendered":"Descri\u00e7\u00e3o:O Circuito Respirat\u00f3rio Haoxi para anestesia adulto \u00e9 indicado para condu\u00e7\u00e3o segura dos gases anest\u00e9sicos e respirat\u00f3rios entre&hellip;","protected":false},"featured_media":8401,"comment_status":"open","ping_status":"closed","template":"","meta":{"slim_seo":{"title":"Circuito Respirat\u00f3rio para Anestesia Adulto com 2 Traqueias de 1200mm e Conector Y \u2013 Haoxi - Hospitalaria RS","description":"Descri\u00e7\u00e3o: O Circuito Respirat\u00f3rio Haoxi para anestesia adulto \u00e9 indicado para condu\u00e7\u00e3o segura dos gases anest\u00e9sicos e respirat\u00f3rios entre o aparelho de anestes"}},"product_brand":[1065],"product_cat":[38],"product_tag":[1143,1134,1142,1145,1144,1146,1073,1042,1147,208],"class_list":{"0":"post-8400","1":"product","2":"type-product","3":"status-publish","4":"has-post-thumbnail","6":"product_brand-haoxi","7":"product_cat-oxigenoterapia","8":"product_tag-circuito-adulto","9":"product_tag-circuito-esteril","10":"product_tag-circuito-respiratorio-anestesia","11":"product_tag-conector-y","12":"product_tag-duas-traqueias-1200mm","13":"product_tag-equipamento-para-anestesia","14":"product_tag-haoxi","15":"product_tag-latex-free","16":"product_tag-respiratorio-adulto","17":"product_tag-uso-hospitalar","18":"mbf-entry","20":"first","21":"outofstock","22":"shipping-taxable","23":"purchasable","24":"product-type-simple"},"_links":{"self":[{"href":"https:\/\/hospitalariars.com.br\/index.php\/wp-json\/wp\/v2\/product\/8400","targetHints":{"allow":["GET"]}}],"collection":[{"href":"https:\/\/hospitalariars.com.br\/index.php\/wp-json\/wp\/v2\/product"}],"about":[{"href":"https:\/\/hospitalariars.com.br\/index.php\/wp-json\/wp\/v2\/types\/product"}],"replies":[{"embeddable":true,"href":"https:\/\/hospitalariars.com.br\/index.php\/wp-json\/wp\/v2\/comments?post=8400"}],"wp:featuredmedia":[{"embeddable":true,"href":"https:\/\/hospitalariars.com.br\/index.php\/wp-json\/wp\/v2\/media\/8401"}],"wp:attachment":[{"href":"https:\/\/hospitalariars.com.br\/index.php\/wp-json\/wp\/v2\/media?parent=8400"}],"wp:term":[{"taxonomy":"product_brand","embeddable":true,"href":"https:\/\/hospitalariars.com.br\/index.php\/wp-json\/wp\/v2\/product_brand?post=8400"},{"taxonomy":"product_cat","embeddable":true,"href":"https:\/\/hospitalariars.com.br\/index.php\/wp-json\/wp\/v2\/product_cat?post=8400"},{"taxonomy":"product_tag","embeddable":true,"href":"https:\/\/hospitalariars.com.br\/index.php\/wp-json\/wp\/v2\/product_tag?post=8400"}],"curies":[{"name":"wp","href":"https:\/\/api.w.org\/{rel}","templated":true}]}}