{"id":8404,"date":"2025-07-04T14:49:42","date_gmt":"2025-07-04T17:49:42","guid":{"rendered":"https:\/\/hospitalariars.com.br\/?post_type=product&#038;p=8404"},"modified":"2026-03-27T16:03:33","modified_gmt":"2026-03-27T19:03:33","slug":"conector-t-adulto-22-ext-x-27-ext-x-27-ext-haoxi","status":"publish","type":"product","link":"https:\/\/hospitalariars.com.br\/index.php\/produto\/conector-t-adulto-22-ext-x-27-ext-x-27-ext-haoxi\/","title":{"rendered":"Conector T Adulto 22 Ext. x 27 Ext. x 27 Ext. \u2013 Haoxi"},"content":{"rendered":"<p data-start=\"199\" data-end=\"395\"><strong data-start=\"199\" data-end=\"213\">Descri\u00e7\u00e3o:<\/strong><br data-start=\"213\" data-end=\"216\" \/>O Conector T Adulto Haoxi \u00e9 um acess\u00f3rio utilizado em circuitos respirat\u00f3rios para ventila\u00e7\u00e3o mec\u00e2nica e anestesia, permitindo a conex\u00e3o entre diferentes componentes do sistema.<\/p>\n<p data-start=\"397\" data-end=\"645\">Com medidas padronizadas de <strong data-start=\"425\" data-end=\"474\">22 mm externo x 27 mm externo x 27 mm externo<\/strong>, o conector em formato de &#8220;T&#8221; possibilita a divis\u00e3o ou jun\u00e7\u00e3o de fluxos de gases respirat\u00f3rios, garantindo veda\u00e7\u00e3o segura e compatibilidade com equipamentos hospitalares.<\/p>\n<p data-start=\"647\" data-end=\"754\">Fabricado com materiais resistentes e at\u00f3xicos, o conector oferece durabilidade e seguran\u00e7a no uso cl\u00ednico.<\/p>\n<p data-start=\"756\" data-end=\"784\"><strong data-start=\"756\" data-end=\"784\">Especifica\u00e7\u00f5es T\u00e9cnicas:<\/strong><\/p>\n<ul data-start=\"786\" data-end=\"1034\">\n<li data-start=\"786\" data-end=\"813\">\n<p data-start=\"788\" data-end=\"813\"><strong data-start=\"788\" data-end=\"797\">Tipo:<\/strong> Conector em T<\/p>\n<\/li>\n<li data-start=\"814\" data-end=\"876\">\n<p data-start=\"816\" data-end=\"876\"><strong data-start=\"816\" data-end=\"828\">Medidas:<\/strong> 22 mm externo x 27 mm externo x 27 mm externo<\/p>\n<\/li>\n<li data-start=\"877\" data-end=\"914\">\n<p data-start=\"879\" data-end=\"914\"><strong data-start=\"879\" data-end=\"892\">Material:<\/strong> At\u00f3xico, resistente<\/p>\n<\/li>\n<li data-start=\"915\" data-end=\"964\">\n<p data-start=\"917\" data-end=\"964\"><strong data-start=\"917\" data-end=\"931\">Aplica\u00e7\u00e3o:<\/strong> Circuitos respirat\u00f3rios adulto<\/p>\n<\/li>\n<li data-start=\"965\" data-end=\"985\">\n<p data-start=\"967\" data-end=\"985\"><strong data-start=\"967\" data-end=\"977\">Marca:<\/strong> Haoxi<\/p>\n<\/li>\n<\/ul>\n","protected":false},"excerpt":{"rendered":"Descri\u00e7\u00e3o:O Conector T Adulto Haoxi \u00e9 um acess\u00f3rio utilizado em circuitos respirat\u00f3rios para ventila\u00e7\u00e3o mec\u00e2nica e anestesia, permitindo&hellip;","protected":false},"featured_media":8405,"comment_status":"open","ping_status":"closed","template":"","meta":{"slim_seo":{"title":"Conector T Adulto 22 Ext. x 27 Ext. x 27 Ext. \u2013 Haoxi - Hospitalaria RS","description":"Descri\u00e7\u00e3o: O Conector T Adulto Haoxi \u00e9 um acess\u00f3rio utilizado em circuitos respirat\u00f3rios para ventila\u00e7\u00e3o mec\u00e2nica e anestesia, permitindo a conex\u00e3o entre difere"}},"product_brand":[1065],"product_cat":[38],"product_tag":[1156,1112,1155,1154,1153,1152,1071,1073,1137],"class_list":{"0":"post-8404","1":"product","2":"type-product","3":"status-publish","4":"has-post-thumbnail","6":"product_brand-haoxi","7":"product_cat-oxigenoterapia","8":"product_tag-acessorios-respiratorios","9":"product_tag-anestesia","10":"product_tag-circuito-respiratorio","11":"product_tag-conector-22x27mm","12":"product_tag-conector-respiratorio","13":"product_tag-conector-t-adulto","14":"product_tag-equipamento-hospitalar","15":"product_tag-haoxi","16":"product_tag-ventilacao-mecanica","17":"mbf-entry","19":"first","20":"outofstock","21":"shipping-taxable","22":"purchasable","23":"product-type-simple"},"_links":{"self":[{"href":"https:\/\/hospitalariars.com.br\/index.php\/wp-json\/wp\/v2\/product\/8404","targetHints":{"allow":["GET"]}}],"collection":[{"href":"https:\/\/hospitalariars.com.br\/index.php\/wp-json\/wp\/v2\/product"}],"about":[{"href":"https:\/\/hospitalariars.com.br\/index.php\/wp-json\/wp\/v2\/types\/product"}],"replies":[{"embeddable":true,"href":"https:\/\/hospitalariars.com.br\/index.php\/wp-json\/wp\/v2\/comments?post=8404"}],"wp:featuredmedia":[{"embeddable":true,"href":"https:\/\/hospitalariars.com.br\/index.php\/wp-json\/wp\/v2\/media\/8405"}],"wp:attachment":[{"href":"https:\/\/hospitalariars.com.br\/index.php\/wp-json\/wp\/v2\/media?parent=8404"}],"wp:term":[{"taxonomy":"product_brand","embeddable":true,"href":"https:\/\/hospitalariars.com.br\/index.php\/wp-json\/wp\/v2\/product_brand?post=8404"},{"taxonomy":"product_cat","embeddable":true,"href":"https:\/\/hospitalariars.com.br\/index.php\/wp-json\/wp\/v2\/product_cat?post=8404"},{"taxonomy":"product_tag","embeddable":true,"href":"https:\/\/hospitalariars.com.br\/index.php\/wp-json\/wp\/v2\/product_tag?post=8404"}],"curies":[{"name":"wp","href":"https:\/\/api.w.org\/{rel}","templated":true}]}}