{"id":8408,"date":"2025-07-04T15:09:54","date_gmt":"2025-07-04T18:09:54","guid":{"rendered":"https:\/\/hospitalariars.com.br\/?post_type=product&#038;p=8408"},"modified":"2026-03-27T16:03:32","modified_gmt":"2026-03-27T19:03:32","slug":"conector-t-infantil-22-ext-x-22-ext-x-22-ext-haoxi","status":"publish","type":"product","link":"https:\/\/hospitalariars.com.br\/index.php\/produto\/conector-t-infantil-22-ext-x-22-ext-x-22-ext-haoxi\/","title":{"rendered":"Conector T Infantil 22 Ext. x 22 Ext. x 22 Ext. \u2013 Haoxi"},"content":{"rendered":"<p data-start=\"222\" data-end=\"422\"><strong data-start=\"222\" data-end=\"236\">Descri\u00e7\u00e3o:<\/strong><br data-start=\"236\" data-end=\"239\" \/>O Conector T Infantil Haoxi \u00e9 utilizado em circuitos respirat\u00f3rios pedi\u00e1tricos para ventila\u00e7\u00e3o mec\u00e2nica e anestesia, facilitando a conex\u00e3o entre componentes do sistema respirat\u00f3rio.<\/p>\n<p data-start=\"424\" data-end=\"641\">Com tr\u00eas sa\u00eddas de <strong data-start=\"443\" data-end=\"460\">22 mm externo<\/strong>, este conector em formato \u201cT\u201d \u00e9 indicado para sistemas que exigem conex\u00f5es m\u00faltiplas com seguran\u00e7a e veda\u00e7\u00e3o eficaz, mantendo a integridade do circuito em uso infantil ou neonatal.<\/p>\n<p data-start=\"643\" data-end=\"740\">Fabricado com material at\u00f3xico, \u00e9 resistente e compat\u00edvel com os principais padr\u00f5es hospitalares.<\/p>\n<p data-start=\"742\" data-end=\"770\"><strong data-start=\"742\" data-end=\"770\">Especifica\u00e7\u00f5es T\u00e9cnicas:<\/strong><\/p>\n<ul data-start=\"772\" data-end=\"1035\">\n<li data-start=\"772\" data-end=\"799\">\n<p data-start=\"774\" data-end=\"799\"><strong data-start=\"774\" data-end=\"783\">Tipo:<\/strong> Conector em T<\/p>\n<\/li>\n<li data-start=\"800\" data-end=\"862\">\n<p data-start=\"802\" data-end=\"862\"><strong data-start=\"802\" data-end=\"814\">Medidas:<\/strong> 22 mm externo x 22 mm externo x 22 mm externo<\/p>\n<\/li>\n<li data-start=\"863\" data-end=\"923\">\n<p data-start=\"865\" data-end=\"923\"><strong data-start=\"865\" data-end=\"879\">Aplica\u00e7\u00e3o:<\/strong> Circuitos respirat\u00f3rios infantil\/neonatal<\/p>\n<\/li>\n<li data-start=\"924\" data-end=\"965\">\n<p data-start=\"926\" data-end=\"965\"><strong data-start=\"926\" data-end=\"939\">Material:<\/strong> At\u00f3xico, livre de l\u00e1tex<\/p>\n<\/li>\n<li data-start=\"966\" data-end=\"986\">\n<p data-start=\"968\" data-end=\"986\"><strong data-start=\"968\" data-end=\"978\">Marca:<\/strong> Haoxi<\/p>\n<\/li>\n<\/ul>\n","protected":false},"excerpt":{"rendered":"Descri\u00e7\u00e3o:O Conector T Infantil Haoxi \u00e9 utilizado em circuitos respirat\u00f3rios pedi\u00e1tricos para ventila\u00e7\u00e3o mec\u00e2nica e anestesia, facilitando a&hellip;","protected":false},"featured_media":8409,"comment_status":"open","ping_status":"closed","template":"","meta":{"slim_seo":{"title":"Conector T Infantil 22 Ext. x 22 Ext. x 22 Ext. \u2013 Haoxi - Hospitalaria RS","description":"Descri\u00e7\u00e3o: O Conector T Infantil Haoxi \u00e9 utilizado em circuitos respirat\u00f3rios pedi\u00e1tricos para ventila\u00e7\u00e3o mec\u00e2nica e anestesia, facilitando a conex\u00e3o entre comp"}},"product_brand":[1065],"product_cat":[38],"product_tag":[1163,1162,1160,1164,1159,1071,1073,1149,1161],"class_list":{"0":"post-8408","1":"product","2":"type-product","3":"status-publish","4":"has-post-thumbnail","6":"product_brand-haoxi","7":"product_cat-oxigenoterapia","8":"product_tag-acessorios-para-anestesia","9":"product_tag-circuito-ventilacao","10":"product_tag-conector-22mm","11":"product_tag-conector-esteril","12":"product_tag-conector-t-infantil","13":"product_tag-equipamento-hospitalar","14":"product_tag-haoxi","15":"product_tag-neonatal","16":"product_tag-respiratorio-pediatrico","17":"mbf-entry","19":"first","20":"outofstock","21":"shipping-taxable","22":"purchasable","23":"product-type-simple"},"_links":{"self":[{"href":"https:\/\/hospitalariars.com.br\/index.php\/wp-json\/wp\/v2\/product\/8408","targetHints":{"allow":["GET"]}}],"collection":[{"href":"https:\/\/hospitalariars.com.br\/index.php\/wp-json\/wp\/v2\/product"}],"about":[{"href":"https:\/\/hospitalariars.com.br\/index.php\/wp-json\/wp\/v2\/types\/product"}],"replies":[{"embeddable":true,"href":"https:\/\/hospitalariars.com.br\/index.php\/wp-json\/wp\/v2\/comments?post=8408"}],"wp:featuredmedia":[{"embeddable":true,"href":"https:\/\/hospitalariars.com.br\/index.php\/wp-json\/wp\/v2\/media\/8409"}],"wp:attachment":[{"href":"https:\/\/hospitalariars.com.br\/index.php\/wp-json\/wp\/v2\/media?parent=8408"}],"wp:term":[{"taxonomy":"product_brand","embeddable":true,"href":"https:\/\/hospitalariars.com.br\/index.php\/wp-json\/wp\/v2\/product_brand?post=8408"},{"taxonomy":"product_cat","embeddable":true,"href":"https:\/\/hospitalariars.com.br\/index.php\/wp-json\/wp\/v2\/product_cat?post=8408"},{"taxonomy":"product_tag","embeddable":true,"href":"https:\/\/hospitalariars.com.br\/index.php\/wp-json\/wp\/v2\/product_tag?post=8408"}],"curies":[{"name":"wp","href":"https:\/\/api.w.org\/{rel}","templated":true}]}}