{"id":8413,"date":"2025-07-04T15:32:57","date_gmt":"2025-07-04T18:32:57","guid":{"rendered":"https:\/\/hospitalariars.com.br\/?post_type=product&#038;p=8413"},"modified":"2026-03-27T16:03:32","modified_gmt":"2026-03-27T19:03:32","slug":"conector-reto-com-entrada-lateral-22-ext-x-15-ext-x-15-int-haoxi","status":"publish","type":"product","link":"https:\/\/hospitalariars.com.br\/index.php\/produto\/conector-reto-com-entrada-lateral-22-ext-x-15-ext-x-15-int-haoxi\/","title":{"rendered":"Conector Reto com Entrada Lateral 22 Ext. x 15 Ext. x 15 Int. \u2013 Haoxi"},"content":{"rendered":"<p data-start=\"250\" data-end=\"460\"><strong data-start=\"250\" data-end=\"264\">Descri\u00e7\u00e3o:<\/strong><br data-start=\"264\" data-end=\"267\" \/>O Conector Reto com Entrada Lateral Haoxi \u00e9 um acess\u00f3rio essencial em circuitos respirat\u00f3rios para anestesia e ventila\u00e7\u00e3o mec\u00e2nica, permitindo conex\u00f5es adicionais com seguran\u00e7a e praticidade.<\/p>\n<p data-start=\"462\" data-end=\"676\">Este modelo possui configura\u00e7\u00e3o de <strong data-start=\"497\" data-end=\"546\">22 mm externo x 15 mm externo x 15 mm interno<\/strong>, sendo ideal para integra\u00e7\u00e3o com linhas de monitoramento, sensores ou outros dispositivos auxiliares por meio da entrada lateral.<\/p>\n<p data-start=\"678\" data-end=\"811\">Produzido com material resistente, at\u00f3xico e livre de l\u00e1tex, oferece compatibilidade com os padr\u00f5es hospitalares e veda\u00e7\u00e3o eficiente.<\/p>\n<p data-start=\"813\" data-end=\"841\"><strong data-start=\"813\" data-end=\"841\">Especifica\u00e7\u00f5es T\u00e9cnicas:<\/strong><\/p>\n<ul data-start=\"843\" data-end=\"1117\">\n<li data-start=\"843\" data-end=\"890\">\n<p data-start=\"845\" data-end=\"890\"><strong data-start=\"845\" data-end=\"854\">Tipo:<\/strong> Conector reto com entrada lateral<\/p>\n<\/li>\n<li data-start=\"891\" data-end=\"944\">\n<p data-start=\"893\" data-end=\"944\"><strong data-start=\"893\" data-end=\"905\">Medidas:<\/strong> 22 mm ext. x 15 mm ext. x 15 mm int.<\/p>\n<\/li>\n<li data-start=\"945\" data-end=\"986\">\n<p data-start=\"947\" data-end=\"986\"><strong data-start=\"947\" data-end=\"960\">Material:<\/strong> At\u00f3xico, livre de l\u00e1tex<\/p>\n<\/li>\n<li data-start=\"987\" data-end=\"1047\">\n<p data-start=\"989\" data-end=\"1047\"><strong data-start=\"989\" data-end=\"1003\">Aplica\u00e7\u00e3o:<\/strong> Circuitos respirat\u00f3rios adulto\/pedi\u00e1trico<\/p>\n<\/li>\n<li data-start=\"1048\" data-end=\"1068\">\n<p data-start=\"1050\" data-end=\"1068\"><strong data-start=\"1050\" data-end=\"1060\">Marca:<\/strong> Haoxi<\/p>\n<\/li>\n<\/ul>\n","protected":false},"excerpt":{"rendered":"Descri\u00e7\u00e3o:O Conector Reto com Entrada Lateral Haoxi \u00e9 um acess\u00f3rio essencial em circuitos respirat\u00f3rios para anestesia e ventila\u00e7\u00e3o&hellip;","protected":false},"featured_media":8414,"comment_status":"open","ping_status":"closed","template":"","meta":{"slim_seo":{"title":"Conector Reto com Entrada Lateral 22 Ext. x 15 Ext. x 15 Int. \u2013 Haoxi - Hospitalaria RS","description":"Descri\u00e7\u00e3o: O Conector Reto com Entrada Lateral Haoxi \u00e9 um acess\u00f3rio essencial em circuitos respirat\u00f3rios para anestesia e ventila\u00e7\u00e3o mec\u00e2nica, permitindo conex\u00f5"}},"product_brand":[1065],"product_cat":[38],"product_tag":[1170,1171,1164,1153,1169,1071,1073,1042,1137],"class_list":{"0":"post-8413","1":"product","2":"type-product","3":"status-publish","4":"has-post-thumbnail","6":"product_brand-haoxi","7":"product_cat-oxigenoterapia","8":"product_tag-22x15x15-mm","9":"product_tag-acessorio-para-anestesia","10":"product_tag-conector-esteril","11":"product_tag-conector-respiratorio","12":"product_tag-conector-reto-entrada-lateral","13":"product_tag-equipamento-hospitalar","14":"product_tag-haoxi","15":"product_tag-latex-free","16":"product_tag-ventilacao-mecanica","17":"mbf-entry","19":"first","20":"outofstock","21":"shipping-taxable","22":"purchasable","23":"product-type-simple"},"_links":{"self":[{"href":"https:\/\/hospitalariars.com.br\/index.php\/wp-json\/wp\/v2\/product\/8413","targetHints":{"allow":["GET"]}}],"collection":[{"href":"https:\/\/hospitalariars.com.br\/index.php\/wp-json\/wp\/v2\/product"}],"about":[{"href":"https:\/\/hospitalariars.com.br\/index.php\/wp-json\/wp\/v2\/types\/product"}],"replies":[{"embeddable":true,"href":"https:\/\/hospitalariars.com.br\/index.php\/wp-json\/wp\/v2\/comments?post=8413"}],"wp:featuredmedia":[{"embeddable":true,"href":"https:\/\/hospitalariars.com.br\/index.php\/wp-json\/wp\/v2\/media\/8414"}],"wp:attachment":[{"href":"https:\/\/hospitalariars.com.br\/index.php\/wp-json\/wp\/v2\/media?parent=8413"}],"wp:term":[{"taxonomy":"product_brand","embeddable":true,"href":"https:\/\/hospitalariars.com.br\/index.php\/wp-json\/wp\/v2\/product_brand?post=8413"},{"taxonomy":"product_cat","embeddable":true,"href":"https:\/\/hospitalariars.com.br\/index.php\/wp-json\/wp\/v2\/product_cat?post=8413"},{"taxonomy":"product_tag","embeddable":true,"href":"https:\/\/hospitalariars.com.br\/index.php\/wp-json\/wp\/v2\/product_tag?post=8413"}],"curies":[{"name":"wp","href":"https:\/\/api.w.org\/{rel}","templated":true}]}}