{"id":8415,"date":"2025-07-04T15:35:50","date_gmt":"2025-07-04T18:35:50","guid":{"rendered":"https:\/\/hospitalariars.com.br\/?post_type=product&#038;p=8415"},"modified":"2026-03-27T16:03:32","modified_gmt":"2026-03-27T19:03:32","slug":"conector-reto-com-entrada-lateral-22-ext-x-13-ext-x-15-int-haoxi","status":"publish","type":"product","link":"https:\/\/hospitalariars.com.br\/index.php\/produto\/conector-reto-com-entrada-lateral-22-ext-x-13-ext-x-15-int-haoxi\/","title":{"rendered":"Conector Reto com Entrada Lateral 22 Ext. x 13 Ext. x 15 Int. \u2013 Haoxi"},"content":{"rendered":"<p data-start=\"250\" data-end=\"532\"><strong data-start=\"250\" data-end=\"264\">Descri\u00e7\u00e3o:<\/strong><br data-start=\"264\" data-end=\"267\" \/>O Conector Reto com Entrada Lateral Haoxi \u00e9 um componente utilizado em sistemas de ventila\u00e7\u00e3o mec\u00e2nica11,63 e anestesia, permitindo a conex\u00e3o segura de diferentes dispositivos respirat\u00f3rios, al\u00e9m de oferecer uma porta lateral para monitoramento ou acess\u00f3rios auxiliares.<\/p>\n<p data-start=\"534\" data-end=\"712\">Com medidas de <strong data-start=\"549\" data-end=\"598\">22 mm externo x 13 mm externo x 15 mm interno<\/strong>, esse modelo \u00e9 ideal para ajustes espec\u00edficos em circuitos onde s\u00e3o necess\u00e1rias conex\u00f5es de diferentes di\u00e2metros.<\/p>\n<p data-start=\"714\" data-end=\"840\">Fabricado com material at\u00f3xico e livre de l\u00e1tex, garante resist\u00eancia, seguran\u00e7a e veda\u00e7\u00e3o eficiente em ambientes hospitalares.<\/p>\n<p data-start=\"842\" data-end=\"870\"><strong data-start=\"842\" data-end=\"870\">Especifica\u00e7\u00f5es T\u00e9cnicas:<\/strong><\/p>\n<ul data-start=\"872\" data-end=\"1149\">\n<li data-start=\"872\" data-end=\"919\">\n<p data-start=\"874\" data-end=\"919\"><strong data-start=\"874\" data-end=\"883\">Tipo:<\/strong> Conector reto com entrada lateral<\/p>\n<\/li>\n<li data-start=\"920\" data-end=\"973\">\n<p data-start=\"922\" data-end=\"973\"><strong data-start=\"922\" data-end=\"934\">Medidas:<\/strong> 22 mm ext. x 13 mm ext. x 15 mm int.<\/p>\n<\/li>\n<li data-start=\"974\" data-end=\"1015\">\n<p data-start=\"976\" data-end=\"1015\"><strong data-start=\"976\" data-end=\"989\">Material:<\/strong> At\u00f3xico, livre de l\u00e1tex<\/p>\n<\/li>\n<li data-start=\"1016\" data-end=\"1079\">\n<p data-start=\"1018\" data-end=\"1079\"><strong data-start=\"1018\" data-end=\"1032\">Aplica\u00e7\u00e3o:<\/strong> Circuitos respirat\u00f3rios adulto ou pedi\u00e1trico<\/p>\n<\/li>\n<li data-start=\"1080\" data-end=\"1100\">\n<p data-start=\"1082\" data-end=\"1100\"><strong data-start=\"1082\" data-end=\"1092\">Marca:<\/strong> Haoxi<\/p>\n<\/li>\n<\/ul>\n","protected":false},"excerpt":{"rendered":"Descri\u00e7\u00e3o:O Conector Reto com Entrada Lateral Haoxi \u00e9 um componente utilizado em sistemas de ventila\u00e7\u00e3o mec\u00e2nica11,63 e anestesia,&hellip;","protected":false},"featured_media":8416,"comment_status":"open","ping_status":"closed","template":"","meta":{"slim_seo":{"title":"Conector Reto com Entrada Lateral 22 Ext. x 13 Ext. x 15 Int. \u2013 Haoxi - Hospitalaria RS","description":"Descri\u00e7\u00e3o: O Conector Reto com Entrada Lateral Haoxi \u00e9 um componente utilizado em sistemas de ventila\u00e7\u00e3o mec\u00e2nica11,63 e anestesia, permitindo a conex\u00e3o segura"}},"product_brand":[1065],"product_cat":[38],"product_tag":[1172,1167,1112,1155,1164,1173,1169,1073,1042,1137],"class_list":{"0":"post-8415","1":"product","2":"type-product","3":"status-publish","4":"has-post-thumbnail","6":"product_brand-haoxi","7":"product_cat-oxigenoterapia","8":"product_tag-22x13x15-mm","9":"product_tag-acessorio-respiratorio","10":"product_tag-anestesia","11":"product_tag-circuito-respiratorio","12":"product_tag-conector-esteril","13":"product_tag-conector-hospitalar","14":"product_tag-conector-reto-entrada-lateral","15":"product_tag-haoxi","16":"product_tag-latex-free","17":"product_tag-ventilacao-mecanica","18":"mbf-entry","20":"first","21":"outofstock","22":"shipping-taxable","23":"purchasable","24":"product-type-simple"},"_links":{"self":[{"href":"https:\/\/hospitalariars.com.br\/index.php\/wp-json\/wp\/v2\/product\/8415","targetHints":{"allow":["GET"]}}],"collection":[{"href":"https:\/\/hospitalariars.com.br\/index.php\/wp-json\/wp\/v2\/product"}],"about":[{"href":"https:\/\/hospitalariars.com.br\/index.php\/wp-json\/wp\/v2\/types\/product"}],"replies":[{"embeddable":true,"href":"https:\/\/hospitalariars.com.br\/index.php\/wp-json\/wp\/v2\/comments?post=8415"}],"wp:featuredmedia":[{"embeddable":true,"href":"https:\/\/hospitalariars.com.br\/index.php\/wp-json\/wp\/v2\/media\/8416"}],"wp:attachment":[{"href":"https:\/\/hospitalariars.com.br\/index.php\/wp-json\/wp\/v2\/media?parent=8415"}],"wp:term":[{"taxonomy":"product_brand","embeddable":true,"href":"https:\/\/hospitalariars.com.br\/index.php\/wp-json\/wp\/v2\/product_brand?post=8415"},{"taxonomy":"product_cat","embeddable":true,"href":"https:\/\/hospitalariars.com.br\/index.php\/wp-json\/wp\/v2\/product_cat?post=8415"},{"taxonomy":"product_tag","embeddable":true,"href":"https:\/\/hospitalariars.com.br\/index.php\/wp-json\/wp\/v2\/product_tag?post=8415"}],"curies":[{"name":"wp","href":"https:\/\/api.w.org\/{rel}","templated":true}]}}