{"id":8417,"date":"2025-07-04T17:15:33","date_gmt":"2025-07-04T20:15:33","guid":{"rendered":"https:\/\/hospitalariars.com.br\/?post_type=product&#038;p=8417"},"modified":"2026-03-27T16:03:32","modified_gmt":"2026-03-27T19:03:32","slug":"conector-y-adulto-sem-furo-22-ext-x-22-ext-x-22-ext-haoxi","status":"publish","type":"product","link":"https:\/\/hospitalariars.com.br\/index.php\/produto\/conector-y-adulto-sem-furo-22-ext-x-22-ext-x-22-ext-haoxi\/","title":{"rendered":"Conector Y Adulto Sem Furo 22 Ext. x 22 Ext. x 22 Ext. \u2013 Haoxi"},"content":{"rendered":"<p data-start=\"233\" data-end=\"387\"><strong data-start=\"233\" data-end=\"247\">Descri\u00e7\u00e3o:<\/strong><br data-start=\"247\" data-end=\"250\" \/>O Conector Y Adulto Haoxi sem furo \u00e9 um acess\u00f3rio essencial para circuitos respirat\u00f3rios utilizados em ventila\u00e7\u00e3o mec\u00e2nica e anestesia.<\/p>\n<p data-start=\"389\" data-end=\"617\">Com tr\u00eas conex\u00f5es de <strong data-start=\"410\" data-end=\"427\">22 mm externo<\/strong>, em formato \u201cY\u201d, esse modelo \u00e9 indicado para divis\u00e3o ou jun\u00e7\u00e3o de fluxos de ar\/gases em sistemas respirat\u00f3rios adulto, mantendo veda\u00e7\u00e3o segura e compatibilidade com os padr\u00f5es hospitalares.<\/p>\n<p data-start=\"619\" data-end=\"804\">Por <strong data-start=\"623\" data-end=\"650\">n\u00e3o conter furo lateral<\/strong>, o modelo oferece maior controle da press\u00e3o e menor risco de perda de fluxo, sendo ideal para sistemas que n\u00e3o exigem entrada adicional de monitoramento.<\/p>\n<p data-start=\"806\" data-end=\"834\"><strong data-start=\"806\" data-end=\"834\">Especifica\u00e7\u00f5es T\u00e9cnicas:<\/strong><\/p>\n<ul data-start=\"836\" data-end=\"1085\">\n<li data-start=\"836\" data-end=\"869\">\n<p data-start=\"838\" data-end=\"869\"><strong data-start=\"838\" data-end=\"847\">Tipo:<\/strong> Conector Y sem furo<\/p>\n<\/li>\n<li data-start=\"870\" data-end=\"923\">\n<p data-start=\"872\" data-end=\"923\"><strong data-start=\"872\" data-end=\"884\">Medidas:<\/strong> 22 mm ext. x 22 mm ext. x 22 mm ext.<\/p>\n<\/li>\n<li data-start=\"924\" data-end=\"973\">\n<p data-start=\"926\" data-end=\"973\"><strong data-start=\"926\" data-end=\"940\">Aplica\u00e7\u00e3o:<\/strong> Circuitos respirat\u00f3rios adulto<\/p>\n<\/li>\n<li data-start=\"974\" data-end=\"1015\">\n<p data-start=\"976\" data-end=\"1015\"><strong data-start=\"976\" data-end=\"989\">Material:<\/strong> At\u00f3xico, livre de l\u00e1tex<\/p>\n<\/li>\n<li data-start=\"1016\" data-end=\"1036\">\n<p data-start=\"1018\" data-end=\"1036\"><strong data-start=\"1018\" data-end=\"1028\">Marca:<\/strong> Haoxi<\/p>\n<\/li>\n<\/ul>\n","protected":false},"excerpt":{"rendered":"Descri\u00e7\u00e3o:O Conector Y Adulto Haoxi sem furo \u00e9 um acess\u00f3rio essencial para circuitos respirat\u00f3rios utilizados em ventila\u00e7\u00e3o mec\u00e2nica&hellip;","protected":false},"featured_media":8418,"comment_status":"open","ping_status":"closed","template":"","meta":{"slim_seo":{"title":"Conector Y Adulto Sem Furo 22 Ext. x 22 Ext. x 22 Ext. \u2013 Haoxi - Hospitalaria RS","description":"Descri\u00e7\u00e3o: O Conector Y Adulto Haoxi sem furo \u00e9 um acess\u00f3rio essencial para circuitos respirat\u00f3rios utilizados em ventila\u00e7\u00e3o mec\u00e2nica e anestesia. Com tr\u00eas cone"}},"product_brand":[1065],"product_cat":[38],"product_tag":[1175,1167,1178,1177,1174,1071,1073,1042,1147,1176],"class_list":{"0":"post-8417","1":"product","2":"type-product","3":"status-publish","4":"has-post-thumbnail","6":"product_brand-haoxi","7":"product_cat-oxigenoterapia","8":"product_tag-22mm","9":"product_tag-acessorio-respiratorio","10":"product_tag-circuito-de-anestesia","11":"product_tag-conector-para-ventilacao","12":"product_tag-conector-y-adulto","13":"product_tag-equipamento-hospitalar","14":"product_tag-haoxi","15":"product_tag-latex-free","16":"product_tag-respiratorio-adulto","17":"product_tag-sem-furo","18":"mbf-entry","20":"first","21":"outofstock","22":"shipping-taxable","23":"purchasable","24":"product-type-simple"},"_links":{"self":[{"href":"https:\/\/hospitalariars.com.br\/index.php\/wp-json\/wp\/v2\/product\/8417","targetHints":{"allow":["GET"]}}],"collection":[{"href":"https:\/\/hospitalariars.com.br\/index.php\/wp-json\/wp\/v2\/product"}],"about":[{"href":"https:\/\/hospitalariars.com.br\/index.php\/wp-json\/wp\/v2\/types\/product"}],"replies":[{"embeddable":true,"href":"https:\/\/hospitalariars.com.br\/index.php\/wp-json\/wp\/v2\/comments?post=8417"}],"wp:featuredmedia":[{"embeddable":true,"href":"https:\/\/hospitalariars.com.br\/index.php\/wp-json\/wp\/v2\/media\/8418"}],"wp:attachment":[{"href":"https:\/\/hospitalariars.com.br\/index.php\/wp-json\/wp\/v2\/media?parent=8417"}],"wp:term":[{"taxonomy":"product_brand","embeddable":true,"href":"https:\/\/hospitalariars.com.br\/index.php\/wp-json\/wp\/v2\/product_brand?post=8417"},{"taxonomy":"product_cat","embeddable":true,"href":"https:\/\/hospitalariars.com.br\/index.php\/wp-json\/wp\/v2\/product_cat?post=8417"},{"taxonomy":"product_tag","embeddable":true,"href":"https:\/\/hospitalariars.com.br\/index.php\/wp-json\/wp\/v2\/product_tag?post=8417"}],"curies":[{"name":"wp","href":"https:\/\/api.w.org\/{rel}","templated":true}]}}