{"id":8421,"date":"2025-07-04T17:18:23","date_gmt":"2025-07-04T20:18:23","guid":{"rendered":"https:\/\/hospitalariars.com.br\/?post_type=product&#038;p=8421"},"modified":"2026-03-27T16:03:32","modified_gmt":"2026-03-27T19:03:32","slug":"conector-y-infantil-sem-furo-15-ext-x-15-ext-x-15-ext-haoxi","status":"publish","type":"product","link":"https:\/\/hospitalariars.com.br\/index.php\/produto\/conector-y-infantil-sem-furo-15-ext-x-15-ext-x-15-ext-haoxi\/","title":{"rendered":"Conector Y Infantil Sem Furo 15 Ext. x 15 Ext. x 15 Ext. \u2013 Haoxi"},"content":{"rendered":"<p data-start=\"240\" data-end=\"464\"><strong data-start=\"240\" data-end=\"254\">Descri\u00e7\u00e3o:<\/strong><br data-start=\"254\" data-end=\"257\" \/>O Conector Y Infantil Haoxi sem furo \u00e9 um acess\u00f3rio indicado para uso em <strong data-start=\"330\" data-end=\"382\">circuitos respirat\u00f3rios pedi\u00e1tricos ou neonatais<\/strong>, permitindo a uni\u00e3o ou divis\u00e3o de fluxos em sistemas de ventila\u00e7\u00e3o e anestesia.<\/p>\n<p data-start=\"466\" data-end=\"708\">Com tr\u00eas conex\u00f5es de <strong data-start=\"487\" data-end=\"504\">15 mm externo<\/strong>, \u00e9 ideal para uso com equipamentos e traqueias compat\u00edveis com o padr\u00e3o infantil. Por <strong data-start=\"591\" data-end=\"618\">n\u00e3o conter furo lateral<\/strong>, garante uma veda\u00e7\u00e3o completa e segura, evitando perda de press\u00e3o em circuitos sens\u00edveis.<\/p>\n<p data-start=\"710\" data-end=\"828\">Produzido com material at\u00f3xico e livre de l\u00e1tex, oferece seguran\u00e7a e qualidade para ambientes cl\u00ednicos e hospitalares.<\/p>\n<p data-start=\"830\" data-end=\"858\"><strong data-start=\"830\" data-end=\"858\">Especifica\u00e7\u00f5es T\u00e9cnicas:<\/strong><\/p>\n<ul data-start=\"860\" data-end=\"1120\">\n<li data-start=\"860\" data-end=\"893\">\n<p data-start=\"862\" data-end=\"893\"><strong data-start=\"862\" data-end=\"871\">Tipo:<\/strong> Conector Y sem furo<\/p>\n<\/li>\n<li data-start=\"894\" data-end=\"947\">\n<p data-start=\"896\" data-end=\"947\"><strong data-start=\"896\" data-end=\"908\">Medidas:<\/strong> 15 mm ext. x 15 mm ext. x 15 mm ext.<\/p>\n<\/li>\n<li data-start=\"948\" data-end=\"1008\">\n<p data-start=\"950\" data-end=\"1008\"><strong data-start=\"950\" data-end=\"964\">Aplica\u00e7\u00e3o:<\/strong> Circuitos respirat\u00f3rios infantil\/neonatal<\/p>\n<\/li>\n<li data-start=\"1009\" data-end=\"1050\">\n<p data-start=\"1011\" data-end=\"1050\"><strong data-start=\"1011\" data-end=\"1024\">Material:<\/strong> At\u00f3xico, livre de l\u00e1tex<\/p>\n<\/li>\n<li data-start=\"1051\" data-end=\"1071\">\n<p data-start=\"1053\" data-end=\"1071\"><strong data-start=\"1053\" data-end=\"1063\">Marca:<\/strong> Haoxi<\/p>\n<\/li>\n<\/ul>\n","protected":false},"excerpt":{"rendered":"Descri\u00e7\u00e3o:O Conector Y Infantil Haoxi sem furo \u00e9 um acess\u00f3rio indicado para uso em circuitos respirat\u00f3rios pedi\u00e1tricos ou&hellip;","protected":false},"featured_media":8422,"comment_status":"open","ping_status":"closed","template":"","meta":{"slim_seo":{"title":"Conector Y Infantil Sem Furo 15 Ext. x 15 Ext. x 15 Ext. \u2013 Haoxi - Hospitalaria RS","description":"Descri\u00e7\u00e3o: O Conector Y Infantil Haoxi sem furo \u00e9 um acess\u00f3rio indicado para uso em circuitos respirat\u00f3rios pedi\u00e1tricos ou neonatais , permitindo a uni\u00e3o ou div"}},"product_brand":[1065],"product_cat":[38],"product_tag":[1182,1184,1155,1183,1181,1071,1073,1042,1176,1185],"class_list":{"0":"post-8421","1":"product","2":"type-product","3":"status-publish","4":"has-post-thumbnail","6":"product_brand-haoxi","7":"product_cat-oxigenoterapia","8":"product_tag-15mm","9":"product_tag-acessorio-respiratorio-pediatrico","10":"product_tag-circuito-respiratorio","11":"product_tag-conector-neonatal","12":"product_tag-conector-y-infantil","13":"product_tag-equipamento-hospitalar","14":"product_tag-haoxi","15":"product_tag-latex-free","16":"product_tag-sem-furo","17":"product_tag-ventilacao-infantil","18":"mbf-entry","20":"first","21":"outofstock","22":"shipping-taxable","23":"purchasable","24":"product-type-simple"},"_links":{"self":[{"href":"https:\/\/hospitalariars.com.br\/index.php\/wp-json\/wp\/v2\/product\/8421","targetHints":{"allow":["GET"]}}],"collection":[{"href":"https:\/\/hospitalariars.com.br\/index.php\/wp-json\/wp\/v2\/product"}],"about":[{"href":"https:\/\/hospitalariars.com.br\/index.php\/wp-json\/wp\/v2\/types\/product"}],"replies":[{"embeddable":true,"href":"https:\/\/hospitalariars.com.br\/index.php\/wp-json\/wp\/v2\/comments?post=8421"}],"wp:featuredmedia":[{"embeddable":true,"href":"https:\/\/hospitalariars.com.br\/index.php\/wp-json\/wp\/v2\/media\/8422"}],"wp:attachment":[{"href":"https:\/\/hospitalariars.com.br\/index.php\/wp-json\/wp\/v2\/media?parent=8421"}],"wp:term":[{"taxonomy":"product_brand","embeddable":true,"href":"https:\/\/hospitalariars.com.br\/index.php\/wp-json\/wp\/v2\/product_brand?post=8421"},{"taxonomy":"product_cat","embeddable":true,"href":"https:\/\/hospitalariars.com.br\/index.php\/wp-json\/wp\/v2\/product_cat?post=8421"},{"taxonomy":"product_tag","embeddable":true,"href":"https:\/\/hospitalariars.com.br\/index.php\/wp-json\/wp\/v2\/product_tag?post=8421"}],"curies":[{"name":"wp","href":"https:\/\/api.w.org\/{rel}","templated":true}]}}