{"id":8423,"date":"2025-07-04T17:19:46","date_gmt":"2025-07-04T20:19:46","guid":{"rendered":"https:\/\/hospitalariars.com.br\/?post_type=product&#038;p=8423"},"modified":"2026-03-27T16:03:32","modified_gmt":"2026-03-27T19:03:32","slug":"conector-y-90-infantil-com-furo-haoxi","status":"publish","type":"product","link":"https:\/\/hospitalariars.com.br\/index.php\/produto\/conector-y-90-infantil-com-furo-haoxi\/","title":{"rendered":"Conector Y 90\u00b0 Infantil com Furo \u2013 Haoxi"},"content":{"rendered":"<p data-start=\"192\" data-end=\"426\"><strong data-start=\"192\" data-end=\"206\">Descri\u00e7\u00e3o:<\/strong><br data-start=\"206\" data-end=\"209\" \/>O Conector Y 90\u00b0 Infantil com Furo da Haoxi \u00e9 um acess\u00f3rio utilizado em circuitos respirat\u00f3rios pedi\u00e1tricos e neonatais, oferecendo conex\u00e3o em \u00e2ngulo reto para maior praticidade e ergonomia durante os procedimentos.<\/p>\n<p data-start=\"428\" data-end=\"689\">Possui <strong data-start=\"435\" data-end=\"463\">porta lateral (com furo)<\/strong> que permite a inser\u00e7\u00e3o de linha proximal, capnografia ou monitoramento de press\u00e3o, sem comprometer a integridade do circuito. Compat\u00edvel com traqueias de <strong data-start=\"618\" data-end=\"627\">15 mm<\/strong> e com dispositivos padr\u00e3o hospitalar para pacientes infantis.<\/p>\n<p data-start=\"691\" data-end=\"815\">Fabricado com material at\u00f3xico e livre de l\u00e1tex, garante seguran\u00e7a, veda\u00e7\u00e3o eficiente e uso exclusivo em ambientes cl\u00ednicos.<\/p>\n<p data-start=\"817\" data-end=\"845\"><strong data-start=\"817\" data-end=\"845\">Especifica\u00e7\u00f5es T\u00e9cnicas:<\/strong><\/p>\n<ul data-start=\"847\" data-end=\"1109\">\n<li data-start=\"847\" data-end=\"892\">\n<p data-start=\"849\" data-end=\"892\"><strong data-start=\"849\" data-end=\"858\">Tipo:<\/strong> Conector Y 90\u00b0 com furo lateral<\/p>\n<\/li>\n<li data-start=\"893\" data-end=\"953\">\n<p data-start=\"895\" data-end=\"953\"><strong data-start=\"895\" data-end=\"909\">Aplica\u00e7\u00e3o:<\/strong> Circuitos respirat\u00f3rios infantil\/neonatal<\/p>\n<\/li>\n<li data-start=\"954\" data-end=\"997\">\n<p data-start=\"956\" data-end=\"997\"><strong data-start=\"956\" data-end=\"969\">Conex\u00f5es:<\/strong> Compat\u00edvel com 15 mm ext.<\/p>\n<\/li>\n<li data-start=\"998\" data-end=\"1039\">\n<p data-start=\"1000\" data-end=\"1039\"><strong data-start=\"1000\" data-end=\"1013\">Material:<\/strong> At\u00f3xico, livre de l\u00e1tex<\/p>\n<\/li>\n<li data-start=\"1040\" data-end=\"1060\">\n<p data-start=\"1042\" data-end=\"1060\"><strong data-start=\"1042\" data-end=\"1052\">Marca:<\/strong> Haoxi<\/p>\n<\/li>\n<\/ul>\n","protected":false},"excerpt":{"rendered":"Descri\u00e7\u00e3o:O Conector Y 90\u00b0 Infantil com Furo da Haoxi \u00e9 um acess\u00f3rio utilizado em circuitos respirat\u00f3rios pedi\u00e1tricos e&hellip;","protected":false},"featured_media":8424,"comment_status":"open","ping_status":"closed","template":"","meta":{"slim_seo":{"title":"Conector Y 90\u00b0 Infantil com Furo \u2013 Haoxi - Hospitalaria RS","description":"Descri\u00e7\u00e3o: O Conector Y 90\u00b0 Infantil com Furo da Haoxi \u00e9 um acess\u00f3rio utilizado em circuitos respirat\u00f3rios pedi\u00e1tricos e neonatais, oferecendo conex\u00e3o em \u00e2ngulo"}},"product_brand":[1065],"product_cat":[38],"product_tag":[1182,1188,1189,1187,1186,1071,1073,1042,1138,1149,1161],"class_list":{"0":"post-8423","1":"product","2":"type-product","3":"status-publish","4":"has-post-thumbnail","6":"product_brand-haoxi","7":"product_cat-oxigenoterapia","8":"product_tag-15mm","9":"product_tag-acessorio-de-ventilacao","10":"product_tag-anestesia-infantil","11":"product_tag-com-furo","12":"product_tag-conector-y-90-infantil","13":"product_tag-equipamento-hospitalar","14":"product_tag-haoxi","15":"product_tag-latex-free","16":"product_tag-linha-proximal","17":"product_tag-neonatal","18":"product_tag-respiratorio-pediatrico","19":"mbf-entry","21":"first","22":"outofstock","23":"shipping-taxable","24":"purchasable","25":"product-type-simple"},"_links":{"self":[{"href":"https:\/\/hospitalariars.com.br\/index.php\/wp-json\/wp\/v2\/product\/8423","targetHints":{"allow":["GET"]}}],"collection":[{"href":"https:\/\/hospitalariars.com.br\/index.php\/wp-json\/wp\/v2\/product"}],"about":[{"href":"https:\/\/hospitalariars.com.br\/index.php\/wp-json\/wp\/v2\/types\/product"}],"replies":[{"embeddable":true,"href":"https:\/\/hospitalariars.com.br\/index.php\/wp-json\/wp\/v2\/comments?post=8423"}],"wp:featuredmedia":[{"embeddable":true,"href":"https:\/\/hospitalariars.com.br\/index.php\/wp-json\/wp\/v2\/media\/8424"}],"wp:attachment":[{"href":"https:\/\/hospitalariars.com.br\/index.php\/wp-json\/wp\/v2\/media?parent=8423"}],"wp:term":[{"taxonomy":"product_brand","embeddable":true,"href":"https:\/\/hospitalariars.com.br\/index.php\/wp-json\/wp\/v2\/product_brand?post=8423"},{"taxonomy":"product_cat","embeddable":true,"href":"https:\/\/hospitalariars.com.br\/index.php\/wp-json\/wp\/v2\/product_cat?post=8423"},{"taxonomy":"product_tag","embeddable":true,"href":"https:\/\/hospitalariars.com.br\/index.php\/wp-json\/wp\/v2\/product_tag?post=8423"}],"curies":[{"name":"wp","href":"https:\/\/api.w.org\/{rel}","templated":true}]}}