{"id":8425,"date":"2025-07-04T17:27:07","date_gmt":"2025-07-04T20:27:07","guid":{"rendered":"https:\/\/hospitalariars.com.br\/?post_type=product&#038;p=8425"},"modified":"2026-03-27T16:03:32","modified_gmt":"2026-03-27T19:03:32","slug":"conector-y-90-infantil-sem-furo-haoxi","status":"publish","type":"product","link":"https:\/\/hospitalariars.com.br\/index.php\/produto\/conector-y-90-infantil-sem-furo-haoxi\/","title":{"rendered":"Conector Y 90\u00b0 Infantil Sem Furo \u2013 Haoxi"},"content":{"rendered":"<p data-start=\"192\" data-end=\"488\"><strong data-start=\"192\" data-end=\"206\">Descri\u00e7\u00e3o:<\/strong><br data-start=\"206\" data-end=\"209\" \/>O Conector Y 90\u00b0 Infantil Sem Furo da Haoxi \u00e9 um componente utilizado em <strong data-start=\"282\" data-end=\"333\">circuitos respirat\u00f3rios pedi\u00e1tricos e neonatais<\/strong>, oferecendo uma conex\u00e3o em \u00e2ngulo reto (<strong data-start=\"374\" data-end=\"386\">90 graus<\/strong>), ideal para facilitar o manuseio e o posicionamento do circuito durante a ventila\u00e7\u00e3o ou anestesia.<\/p>\n<p data-start=\"490\" data-end=\"661\">Com conex\u00f5es padr\u00e3o de <strong data-start=\"513\" data-end=\"530\">15 mm externo<\/strong>, este modelo <strong data-start=\"544\" data-end=\"571\">n\u00e3o possui furo lateral<\/strong>, o que garante veda\u00e7\u00e3o completa e menor risco de vazamentos em procedimentos delicados.<\/p>\n<p data-start=\"663\" data-end=\"816\">Fabricado com material resistente, at\u00f3xico e <strong data-start=\"708\" data-end=\"726\">livre de l\u00e1tex<\/strong>, \u00e9 compat\u00edvel com traqueias e equipamentos hospitalares utilizados em pacientes infantis.<\/p>\n<p data-start=\"818\" data-end=\"846\"><strong data-start=\"818\" data-end=\"846\">Especifica\u00e7\u00f5es T\u00e9cnicas:<\/strong><\/p>\n<ul data-start=\"848\" data-end=\"1121\">\n<li data-start=\"848\" data-end=\"893\">\n<p data-start=\"850\" data-end=\"893\"><strong data-start=\"850\" data-end=\"859\">Tipo:<\/strong> Conector Y 90\u00b0 sem furo lateral<\/p>\n<\/li>\n<li data-start=\"894\" data-end=\"948\">\n<p data-start=\"896\" data-end=\"948\"><strong data-start=\"896\" data-end=\"909\">Conex\u00f5es:<\/strong> 15 mm ext. x 15 mm ext. x 15 mm ext.<\/p>\n<\/li>\n<li data-start=\"949\" data-end=\"1009\">\n<p data-start=\"951\" data-end=\"1009\"><strong data-start=\"951\" data-end=\"965\">Aplica\u00e7\u00e3o:<\/strong> Circuitos respirat\u00f3rios infantil\/neonatal<\/p>\n<\/li>\n<li data-start=\"1010\" data-end=\"1051\">\n<p data-start=\"1012\" data-end=\"1051\"><strong data-start=\"1012\" data-end=\"1025\">Material:<\/strong> At\u00f3xico, livre de l\u00e1tex<\/p>\n<\/li>\n<li data-start=\"1052\" data-end=\"1072\">\n<p data-start=\"1054\" data-end=\"1072\"><strong data-start=\"1054\" data-end=\"1064\">Marca:<\/strong> Haoxi<\/p>\n<\/li>\n<li data-start=\"1073\" data-end=\"1121\">\n<p data-start=\"1075\" data-end=\"1121\">\n<\/li>\n<\/ul>\n","protected":false},"excerpt":{"rendered":"Descri\u00e7\u00e3o:O Conector Y 90\u00b0 Infantil Sem Furo da Haoxi \u00e9 um componente utilizado em circuitos respirat\u00f3rios pedi\u00e1tricos e&hellip;","protected":false},"featured_media":8426,"comment_status":"open","ping_status":"closed","template":"","meta":{"slim_seo":{"title":"Conector Y 90\u00b0 Infantil Sem Furo \u2013 Haoxi - Hospitalaria RS","description":"Descri\u00e7\u00e3o: O Conector Y 90\u00b0 Infantil Sem Furo da Haoxi \u00e9 um componente utilizado em circuitos respirat\u00f3rios pedi\u00e1tricos e neonatais , oferecendo uma conex\u00e3o em"}},"product_brand":[1065],"product_cat":[38],"product_tag":[1182,1190,1189,1191,1186,1071,1073,1042,1149,1161,1176],"class_list":{"0":"post-8425","1":"product","2":"type-product","3":"status-publish","4":"has-post-thumbnail","6":"product_brand-haoxi","7":"product_cat-oxigenoterapia","8":"product_tag-15mm","9":"product_tag-acessorio-para-ventilacao","10":"product_tag-anestesia-infantil","11":"product_tag-conector-em-angulo","12":"product_tag-conector-y-90-infantil","13":"product_tag-equipamento-hospitalar","14":"product_tag-haoxi","15":"product_tag-latex-free","16":"product_tag-neonatal","17":"product_tag-respiratorio-pediatrico","18":"product_tag-sem-furo","19":"mbf-entry","21":"first","22":"outofstock","23":"shipping-taxable","24":"purchasable","25":"product-type-simple"},"_links":{"self":[{"href":"https:\/\/hospitalariars.com.br\/index.php\/wp-json\/wp\/v2\/product\/8425","targetHints":{"allow":["GET"]}}],"collection":[{"href":"https:\/\/hospitalariars.com.br\/index.php\/wp-json\/wp\/v2\/product"}],"about":[{"href":"https:\/\/hospitalariars.com.br\/index.php\/wp-json\/wp\/v2\/types\/product"}],"replies":[{"embeddable":true,"href":"https:\/\/hospitalariars.com.br\/index.php\/wp-json\/wp\/v2\/comments?post=8425"}],"wp:featuredmedia":[{"embeddable":true,"href":"https:\/\/hospitalariars.com.br\/index.php\/wp-json\/wp\/v2\/media\/8426"}],"wp:attachment":[{"href":"https:\/\/hospitalariars.com.br\/index.php\/wp-json\/wp\/v2\/media?parent=8425"}],"wp:term":[{"taxonomy":"product_brand","embeddable":true,"href":"https:\/\/hospitalariars.com.br\/index.php\/wp-json\/wp\/v2\/product_brand?post=8425"},{"taxonomy":"product_cat","embeddable":true,"href":"https:\/\/hospitalariars.com.br\/index.php\/wp-json\/wp\/v2\/product_cat?post=8425"},{"taxonomy":"product_tag","embeddable":true,"href":"https:\/\/hospitalariars.com.br\/index.php\/wp-json\/wp\/v2\/product_tag?post=8425"}],"curies":[{"name":"wp","href":"https:\/\/api.w.org\/{rel}","templated":true}]}}