{"id":8429,"date":"2025-07-04T17:29:58","date_gmt":"2025-07-04T20:29:58","guid":{"rendered":"https:\/\/hospitalariars.com.br\/?post_type=product&#038;p=8429"},"modified":"2026-03-27T16:03:32","modified_gmt":"2026-03-27T19:03:32","slug":"conector-reto-adulto-22-ext-x-22-ext-haoxi","status":"publish","type":"product","link":"https:\/\/hospitalariars.com.br\/index.php\/produto\/conector-reto-adulto-22-ext-x-22-ext-haoxi\/","title":{"rendered":"Conector Reto Adulto 22 Ext. x 22 Ext. \u2013 Haoxi"},"content":{"rendered":"<p data-start=\"204\" data-end=\"406\"><strong data-start=\"204\" data-end=\"218\">Descri\u00e7\u00e3o:8,79<\/strong><br data-start=\"218\" data-end=\"221\" \/>O Conector Reto Adulto Haoxi \u00e9 um acess\u00f3rio essencial em <strong data-start=\"278\" data-end=\"329\">circuitos respirat\u00f3rios e sistemas de anestesia<\/strong>, projetado para unir componentes com conex\u00f5es padr\u00e3o de <strong data-start=\"386\" data-end=\"403\">22 mm externo<\/strong>.<\/p>\n<p data-start=\"408\" data-end=\"708\">Ideal para procedimentos de ventila\u00e7\u00e3o mec\u00e2nica, ele proporciona uma liga\u00e7\u00e3o direta e segura entre traqueias, v\u00e1lvulas ou outros dispositivos respirat\u00f3rios. Fabricado com material <strong data-start=\"588\" data-end=\"628\">at\u00f3xico, resistente e livre de l\u00e1tex<\/strong>, garante veda\u00e7\u00e3o eficaz e compatibilidade com equipamentos hospitalares padr\u00e3o.<\/p>\n<p data-start=\"710\" data-end=\"738\"><strong data-start=\"710\" data-end=\"738\">Especifica\u00e7\u00f5es T\u00e9cnicas:<\/strong><\/p>\n<ul data-start=\"740\" data-end=\"978\">\n<li data-start=\"740\" data-end=\"774\">\n<p data-start=\"742\" data-end=\"774\"><strong data-start=\"742\" data-end=\"751\">Tipo:<\/strong> Conector reto adulto<\/p>\n<\/li>\n<li data-start=\"775\" data-end=\"816\">\n<p data-start=\"777\" data-end=\"816\"><strong data-start=\"777\" data-end=\"790\">Conex\u00f5es:<\/strong> 22 mm ext. x 22 mm ext.<\/p>\n<\/li>\n<li data-start=\"817\" data-end=\"866\">\n<p data-start=\"819\" data-end=\"866\"><strong data-start=\"819\" data-end=\"833\">Aplica\u00e7\u00e3o:<\/strong> Circuitos respirat\u00f3rios adulto<\/p>\n<\/li>\n<li data-start=\"867\" data-end=\"908\">\n<p data-start=\"869\" data-end=\"908\"><strong data-start=\"869\" data-end=\"882\">Material:<\/strong> At\u00f3xico, livre de l\u00e1tex<\/p>\n<\/li>\n<li data-start=\"909\" data-end=\"929\">\n<p data-start=\"911\" data-end=\"929\"><strong data-start=\"911\" data-end=\"921\">Marca:<\/strong> Haoxi<\/p>\n<\/li>\n<\/ul>\n","protected":false},"excerpt":{"rendered":"Descri\u00e7\u00e3o:8,79O Conector Reto Adulto Haoxi \u00e9 um acess\u00f3rio essencial em circuitos respirat\u00f3rios e sistemas de anestesia, projetado para&hellip;","protected":false},"featured_media":8430,"comment_status":"open","ping_status":"closed","template":"","meta":{"slim_seo":{"title":"Conector Reto Adulto 22 Ext. x 22 Ext. \u2013 Haoxi - Hospitalaria RS","description":"Descri\u00e7\u00e3o:8,79 O Conector Reto Adulto Haoxi \u00e9 um acess\u00f3rio essencial em circuitos respirat\u00f3rios e sistemas de anestesia , projetado para unir componentes com co"}},"product_brand":[1065],"product_cat":[38],"product_tag":[1175,1167,1143,1197,1196,1198,1071,1073,1042,1137],"class_list":{"0":"post-8429","1":"product","2":"type-product","3":"status-publish","4":"has-post-thumbnail","6":"product_brand-haoxi","7":"product_cat-oxigenoterapia","8":"product_tag-22mm","9":"product_tag-acessorio-respiratorio","10":"product_tag-circuito-adulto","11":"product_tag-conector-para-anestesia","12":"product_tag-conector-reto-adulto","13":"product_tag-conexao-respiratoria","14":"product_tag-equipamento-hospitalar","15":"product_tag-haoxi","16":"product_tag-latex-free","17":"product_tag-ventilacao-mecanica","18":"mbf-entry","20":"first","21":"outofstock","22":"shipping-taxable","23":"purchasable","24":"product-type-simple"},"_links":{"self":[{"href":"https:\/\/hospitalariars.com.br\/index.php\/wp-json\/wp\/v2\/product\/8429","targetHints":{"allow":["GET"]}}],"collection":[{"href":"https:\/\/hospitalariars.com.br\/index.php\/wp-json\/wp\/v2\/product"}],"about":[{"href":"https:\/\/hospitalariars.com.br\/index.php\/wp-json\/wp\/v2\/types\/product"}],"replies":[{"embeddable":true,"href":"https:\/\/hospitalariars.com.br\/index.php\/wp-json\/wp\/v2\/comments?post=8429"}],"wp:featuredmedia":[{"embeddable":true,"href":"https:\/\/hospitalariars.com.br\/index.php\/wp-json\/wp\/v2\/media\/8430"}],"wp:attachment":[{"href":"https:\/\/hospitalariars.com.br\/index.php\/wp-json\/wp\/v2\/media?parent=8429"}],"wp:term":[{"taxonomy":"product_brand","embeddable":true,"href":"https:\/\/hospitalariars.com.br\/index.php\/wp-json\/wp\/v2\/product_brand?post=8429"},{"taxonomy":"product_cat","embeddable":true,"href":"https:\/\/hospitalariars.com.br\/index.php\/wp-json\/wp\/v2\/product_cat?post=8429"},{"taxonomy":"product_tag","embeddable":true,"href":"https:\/\/hospitalariars.com.br\/index.php\/wp-json\/wp\/v2\/product_tag?post=8429"}],"curies":[{"name":"wp","href":"https:\/\/api.w.org\/{rel}","templated":true}]}}