{"id":8431,"date":"2025-07-04T17:31:35","date_gmt":"2025-07-04T20:31:35","guid":{"rendered":"https:\/\/hospitalariars.com.br\/?post_type=product&#038;p=8431"},"modified":"2026-03-27T16:03:32","modified_gmt":"2026-03-27T19:03:32","slug":"conector-reto-infantil-15-ext-x-15-ext-haoxi","status":"publish","type":"product","link":"https:\/\/hospitalariars.com.br\/index.php\/produto\/conector-reto-infantil-15-ext-x-15-ext-haoxi\/","title":{"rendered":"Conector Reto Infantil 15 Ext. x 15 Ext. \u2013 Haoxi"},"content":{"rendered":"<p data-start=\"205\" data-end=\"415\"><strong data-start=\"205\" data-end=\"219\">Descri\u00e7\u00e3o:<\/strong><br data-start=\"219\" data-end=\"222\" \/>O Conector Reto Infantil Haoxi \u00e9 um componente fundamental para <strong data-start=\"286\" data-end=\"337\">circuitos respirat\u00f3rios pedi\u00e1tricos e neonatais<\/strong>, projetado para unir dispositivos com conex\u00f5es padr\u00e3o de <strong data-start=\"395\" data-end=\"412\">15 mm externo<\/strong>.<\/p>\n<p data-start=\"417\" data-end=\"689\">Ideal para ventila\u00e7\u00e3o mec\u00e2nica e anestesia em pacientes infantis, proporciona uma conex\u00e3o segura e veda\u00e7\u00e3o eficiente entre traqueias, v\u00e1lvulas e outros acess\u00f3rios respirat\u00f3rios. Fabricado com material <strong data-start=\"618\" data-end=\"646\">at\u00f3xico e livre de l\u00e1tex<\/strong>, atende \u00e0s normas de seguran\u00e7a hospitalar.<\/p>\n<p data-start=\"691\" data-end=\"719\"><strong data-start=\"691\" data-end=\"719\">Especifica\u00e7\u00f5es T\u00e9cnicas:<\/strong><\/p>\n<ul data-start=\"721\" data-end=\"972\">\n<li data-start=\"721\" data-end=\"757\">\n<p data-start=\"723\" data-end=\"757\"><strong data-start=\"723\" data-end=\"732\">Tipo:<\/strong> Conector reto infantil<\/p>\n<\/li>\n<li data-start=\"758\" data-end=\"799\">\n<p data-start=\"760\" data-end=\"799\"><strong data-start=\"760\" data-end=\"773\">Conex\u00f5es:<\/strong> 15 mm ext. x 15 mm ext.<\/p>\n<\/li>\n<li data-start=\"800\" data-end=\"860\">\n<p data-start=\"802\" data-end=\"860\"><strong data-start=\"802\" data-end=\"816\">Aplica\u00e7\u00e3o:<\/strong> Circuitos respirat\u00f3rios infantil\/neonatal<\/p>\n<\/li>\n<li data-start=\"861\" data-end=\"902\">\n<p data-start=\"863\" data-end=\"902\"><strong data-start=\"863\" data-end=\"876\">Material:<\/strong> At\u00f3xico, livre de l\u00e1tex<\/p>\n<\/li>\n<li data-start=\"903\" data-end=\"923\">\n<p data-start=\"905\" data-end=\"923\"><strong data-start=\"905\" data-end=\"915\">Marca:<\/strong> Haoxi<\/p>\n<\/li>\n<\/ul>\n","protected":false},"excerpt":{"rendered":"Descri\u00e7\u00e3o:O Conector Reto Infantil Haoxi \u00e9 um componente fundamental para circuitos respirat\u00f3rios pedi\u00e1tricos e neonatais, projetado para unir&hellip;","protected":false},"featured_media":8432,"comment_status":"open","ping_status":"closed","template":"","meta":{"slim_seo":{"title":"Conector Reto Infantil 15 Ext. x 15 Ext. \u2013 Haoxi - Hospitalaria RS","description":"Descri\u00e7\u00e3o: O Conector Reto Infantil Haoxi \u00e9 um componente fundamental para circuitos respirat\u00f3rios pedi\u00e1tricos e neonatais , projetado para unir dispositivos co"}},"product_brand":[1065],"product_cat":[38],"product_tag":[1182,1167,1155,1183,1199,1071,1073,1042,1139],"class_list":{"0":"post-8431","1":"product","2":"type-product","3":"status-publish","4":"has-post-thumbnail","6":"product_brand-haoxi","7":"product_cat-oxigenoterapia","8":"product_tag-15mm","9":"product_tag-acessorio-respiratorio","10":"product_tag-circuito-respiratorio","11":"product_tag-conector-neonatal","12":"product_tag-conector-reto-infantil","13":"product_tag-equipamento-hospitalar","14":"product_tag-haoxi","15":"product_tag-latex-free","16":"product_tag-ventilacao-mecanica-infantil","17":"mbf-entry","19":"first","20":"outofstock","21":"shipping-taxable","22":"purchasable","23":"product-type-simple"},"_links":{"self":[{"href":"https:\/\/hospitalariars.com.br\/index.php\/wp-json\/wp\/v2\/product\/8431","targetHints":{"allow":["GET"]}}],"collection":[{"href":"https:\/\/hospitalariars.com.br\/index.php\/wp-json\/wp\/v2\/product"}],"about":[{"href":"https:\/\/hospitalariars.com.br\/index.php\/wp-json\/wp\/v2\/types\/product"}],"replies":[{"embeddable":true,"href":"https:\/\/hospitalariars.com.br\/index.php\/wp-json\/wp\/v2\/comments?post=8431"}],"wp:featuredmedia":[{"embeddable":true,"href":"https:\/\/hospitalariars.com.br\/index.php\/wp-json\/wp\/v2\/media\/8432"}],"wp:attachment":[{"href":"https:\/\/hospitalariars.com.br\/index.php\/wp-json\/wp\/v2\/media?parent=8431"}],"wp:term":[{"taxonomy":"product_brand","embeddable":true,"href":"https:\/\/hospitalariars.com.br\/index.php\/wp-json\/wp\/v2\/product_brand?post=8431"},{"taxonomy":"product_cat","embeddable":true,"href":"https:\/\/hospitalariars.com.br\/index.php\/wp-json\/wp\/v2\/product_cat?post=8431"},{"taxonomy":"product_tag","embeddable":true,"href":"https:\/\/hospitalariars.com.br\/index.php\/wp-json\/wp\/v2\/product_tag?post=8431"}],"curies":[{"name":"wp","href":"https:\/\/api.w.org\/{rel}","templated":true}]}}