{"id":8436,"date":"2025-07-04T17:36:13","date_gmt":"2025-07-04T20:36:13","guid":{"rendered":"https:\/\/hospitalariars.com.br\/?post_type=product&#038;p=8436"},"modified":"2026-03-27T16:03:32","modified_gmt":"2026-03-27T19:03:32","slug":"reanimador-manual-silicone-com-reservatorio-pvc-e-mascara-vni-silicone-n5-adulto-haoxi","status":"publish","type":"product","link":"https:\/\/hospitalariars.com.br\/index.php\/produto\/reanimador-manual-silicone-com-reservatorio-pvc-e-mascara-vni-silicone-n5-adulto-haoxi\/","title":{"rendered":"Reanimador Manual Silicone com Reservat\u00f3rio PVC e M\u00e1scara VNI Silicone N5 \u2013 Adulto &#8211; Haoxi"},"content":{"rendered":"<p data-start=\"265\" data-end=\"443\"><strong data-start=\"265\" data-end=\"279\">Descri\u00e7\u00e3o:<\/strong><br data-start=\"279\" data-end=\"282\" \/>O Reanimador Manual com corpo em silicone e reservat\u00f3rio em PVC \u00e9 um equipamento fundamental para suporte ventilat\u00f3rio em emerg\u00eancias e procedimentos cl\u00ednicos.<\/p>\n<p data-start=\"445\" data-end=\"695\">Conta com uma m\u00e1scara VNI em silicone, tamanho N5, indicada para adultos, que oferece conforto e excelente veda\u00e7\u00e3o durante a ventila\u00e7\u00e3o manual. O reservat\u00f3rio em PVC aumenta a concentra\u00e7\u00e3o de oxig\u00eanio fornecido ao paciente, otimizando a oxigena\u00e7\u00e3o.<\/p>\n<p data-start=\"697\" data-end=\"817\">Ideal para uso hospitalar, o equipamento combina durabilidade e efic\u00e1cia, proporcionando suporte respirat\u00f3rio confi\u00e1vel.<\/p>\n<p data-start=\"819\" data-end=\"847\"><strong data-start=\"819\" data-end=\"847\">Especifica\u00e7\u00f5es T\u00e9cnicas:<\/strong><\/p>\n<ul data-start=\"849\" data-end=\"1172\">\n<li data-start=\"849\" data-end=\"911\">\n<p data-start=\"851\" data-end=\"911\"><strong data-start=\"851\" data-end=\"860\">Tipo:<\/strong> Reanimador manual com reservat\u00f3rio e m\u00e1scara VNI<\/p>\n<\/li>\n<li data-start=\"912\" data-end=\"989\">\n<p data-start=\"914\" data-end=\"989\"><strong data-start=\"914\" data-end=\"927\">Material:<\/strong> Corpo em silicone; reservat\u00f3rio em PVC; m\u00e1scara em silicone<\/p>\n<\/li>\n<li data-start=\"990\" data-end=\"1031\">\n<p data-start=\"992\" data-end=\"1031\"><strong data-start=\"992\" data-end=\"1004\">M\u00e1scara:<\/strong> VNI, tamanho N5 (adulto)<\/p>\n<\/li>\n<li data-start=\"1032\" data-end=\"1102\">\n<p data-start=\"1034\" data-end=\"1102\"><strong data-start=\"1034\" data-end=\"1048\">Aplica\u00e7\u00e3o:<\/strong> Suporte ventilat\u00f3rio em emerg\u00eancias e procedimentos<\/p>\n<\/li>\n<li data-start=\"1103\" data-end=\"1123\">\n<p data-start=\"1105\" data-end=\"1123\"><strong data-start=\"1105\" data-end=\"1115\">Marca:<\/strong> Haoxi<\/p>\n<\/li>\n<\/ul>\n","protected":false},"excerpt":{"rendered":"Descri\u00e7\u00e3o:O Reanimador Manual com corpo em silicone e reservat\u00f3rio em PVC \u00e9 um equipamento fundamental para suporte ventilat\u00f3rio&hellip;","protected":false},"featured_media":8437,"comment_status":"open","ping_status":"closed","template":"","meta":{"slim_seo":{"title":"Reanimador Manual Silicone com Reservat\u00f3rio PVC e M\u00e1scara VNI Silicone N5 \u2013 Adulto - Haoxi - Hospitalaria RS","description":"Descri\u00e7\u00e3o: O Reanimador Manual com corpo em silicone e reservat\u00f3rio em PVC \u00e9 um equipamento fundamental para suporte ventilat\u00f3rio em emerg\u00eancias e procedimentos"}},"product_brand":[1065],"product_cat":[38],"product_tag":[1206,1208,1071,1073,1204,1200,1209,1202,1207,1205],"class_list":{"0":"post-8436","1":"product","2":"type-product","3":"status-publish","4":"has-post-thumbnail","6":"product_brand-haoxi","7":"product_cat-oxigenoterapia","8":"product_tag-adulto","9":"product_tag-emergencia","10":"product_tag-equipamento-hospitalar","11":"product_tag-haoxi","12":"product_tag-mascara-vni","13":"product_tag-reanimador-manual","14":"product_tag-reservatorio-pvc","15":"product_tag-silicone","16":"product_tag-suporte-ventilatorio","17":"product_tag-tamanho-n5","18":"mbf-entry","20":"first","21":"outofstock","22":"shipping-taxable","23":"purchasable","24":"product-type-simple"},"_links":{"self":[{"href":"https:\/\/hospitalariars.com.br\/index.php\/wp-json\/wp\/v2\/product\/8436","targetHints":{"allow":["GET"]}}],"collection":[{"href":"https:\/\/hospitalariars.com.br\/index.php\/wp-json\/wp\/v2\/product"}],"about":[{"href":"https:\/\/hospitalariars.com.br\/index.php\/wp-json\/wp\/v2\/types\/product"}],"replies":[{"embeddable":true,"href":"https:\/\/hospitalariars.com.br\/index.php\/wp-json\/wp\/v2\/comments?post=8436"}],"wp:featuredmedia":[{"embeddable":true,"href":"https:\/\/hospitalariars.com.br\/index.php\/wp-json\/wp\/v2\/media\/8437"}],"wp:attachment":[{"href":"https:\/\/hospitalariars.com.br\/index.php\/wp-json\/wp\/v2\/media?parent=8436"}],"wp:term":[{"taxonomy":"product_brand","embeddable":true,"href":"https:\/\/hospitalariars.com.br\/index.php\/wp-json\/wp\/v2\/product_brand?post=8436"},{"taxonomy":"product_cat","embeddable":true,"href":"https:\/\/hospitalariars.com.br\/index.php\/wp-json\/wp\/v2\/product_cat?post=8436"},{"taxonomy":"product_tag","embeddable":true,"href":"https:\/\/hospitalariars.com.br\/index.php\/wp-json\/wp\/v2\/product_tag?post=8436"}],"curies":[{"name":"wp","href":"https:\/\/api.w.org\/{rel}","templated":true}]}}