{"id":8438,"date":"2025-07-04T17:38:01","date_gmt":"2025-07-04T20:38:01","guid":{"rendered":"https:\/\/hospitalariars.com.br\/?post_type=product&#038;p=8438"},"modified":"2026-03-27T16:03:31","modified_gmt":"2026-03-27T19:03:31","slug":"reanimador-manual-silicone-autoclavavel-com-reservatorio-em-pvc-e-mascara-em-silicone-no-2-infantil-haoxi","status":"publish","type":"product","link":"https:\/\/hospitalariars.com.br\/index.php\/produto\/reanimador-manual-silicone-autoclavavel-com-reservatorio-em-pvc-e-mascara-em-silicone-no-2-infantil-haoxi\/","title":{"rendered":"Reanimador Manual Silicone Autoclav\u00e1vel com Reservat\u00f3rio em PVC e M\u00e1scara em Silicone N\u00ba 2 \u2013 Infantil &#8211; Haoxi"},"content":{"rendered":"<p data-start=\"323\" data-end=\"478\"><strong data-start=\"323\" data-end=\"337\">Descri\u00e7\u00e3o:<\/strong><br data-start=\"337\" data-end=\"340\" \/>O Reanimador Manual Infantil Haoxi \u00e9 um dispositivo indicado para ventila\u00e7\u00e3o pulmonar em situa\u00e7\u00f5es de emerg\u00eancia e suporte respirat\u00f3rio.<\/p>\n<p data-start=\"480\" data-end=\"797\">Este modelo possui <strong data-start=\"499\" data-end=\"533\">bal\u00e3o em silicone autoclav\u00e1vel<\/strong>, que permite esteriliza\u00e7\u00e3o e reutiliza\u00e7\u00e3o com seguran\u00e7a. Acompanha <strong data-start=\"601\" data-end=\"624\">reservat\u00f3rio em PVC<\/strong>, proporcionando maior concentra\u00e7\u00e3o de oxig\u00eanio durante a ventila\u00e7\u00e3o, e <strong data-start=\"696\" data-end=\"731\">m\u00e1scara facial em silicone n\u00ba 2<\/strong>, ideal para pacientes infantis, com excelente veda\u00e7\u00e3o e conforto.<\/p>\n<p data-start=\"799\" data-end=\"913\">Desenvolvido com materiais de alta durabilidade, \u00e9 compat\u00edvel com padr\u00f5es hospitalares e protocolos de emerg\u00eancia.<\/p>\n<p data-start=\"915\" data-end=\"943\"><strong data-start=\"915\" data-end=\"943\">Especifica\u00e7\u00f5es T\u00e9cnicas:<\/strong><\/p>\n<ul data-start=\"945\" data-end=\"1239\">\n<li data-start=\"945\" data-end=\"989\">\n<p data-start=\"947\" data-end=\"989\"><strong data-start=\"947\" data-end=\"956\">Tipo:<\/strong> Reanimador manual autoclav\u00e1vel<\/p>\n<\/li>\n<li data-start=\"990\" data-end=\"1042\">\n<p data-start=\"992\" data-end=\"1042\"><strong data-start=\"992\" data-end=\"1002\">Bal\u00e3o:<\/strong> Silicone, reutiliz\u00e1vel (autoclav\u00e1vel)<\/p>\n<\/li>\n<li data-start=\"1043\" data-end=\"1068\">\n<p data-start=\"1045\" data-end=\"1068\"><strong data-start=\"1045\" data-end=\"1062\">Reservat\u00f3rio:<\/strong> PVC<\/p>\n<\/li>\n<li data-start=\"1069\" data-end=\"1110\">\n<p data-start=\"1071\" data-end=\"1110\"><strong data-start=\"1071\" data-end=\"1083\">M\u00e1scara:<\/strong> Silicone n\u00ba 2 \u2013 Infantil<\/p>\n<\/li>\n<li data-start=\"1111\" data-end=\"1169\">\n<p data-start=\"1113\" data-end=\"1169\"><strong data-start=\"1113\" data-end=\"1127\">Aplica\u00e7\u00e3o:<\/strong> Ventila\u00e7\u00e3o manual em pacientes infantis<\/p>\n<\/li>\n<li data-start=\"1170\" data-end=\"1190\">\n<p data-start=\"1172\" data-end=\"1190\"><strong data-start=\"1172\" data-end=\"1182\">Marca:<\/strong> Haoxi<\/p>\n<\/li>\n<\/ul>\n","protected":false},"excerpt":{"rendered":"Descri\u00e7\u00e3o:O Reanimador Manual Infantil Haoxi \u00e9 um dispositivo indicado para ventila\u00e7\u00e3o pulmonar em situa\u00e7\u00f5es de emerg\u00eancia e suporte&hellip;","protected":false},"featured_media":8439,"comment_status":"open","ping_status":"closed","template":"","meta":{"slim_seo":{"title":"Reanimador Manual Silicone Autoclav\u00e1vel com Reservat\u00f3rio em PVC e M\u00e1scara em Silicone N\u00ba 2 \u2013 Infantil - Haoxi - Hospitalaria RS","description":"Descri\u00e7\u00e3o: O Reanimador Manual Infantil Haoxi \u00e9 um dispositivo indicado para ventila\u00e7\u00e3o pulmonar em situa\u00e7\u00f5es de emerg\u00eancia e suporte respirat\u00f3rio. Este modelo"}},"product_brand":[1065],"product_cat":[38],"product_tag":[1214,1073,1168,1042,1212,1210,1213,1161,1211,1215],"class_list":{"0":"post-8438","1":"product","2":"type-product","3":"status-publish","4":"has-post-thumbnail","6":"product_brand-haoxi","7":"product_cat-oxigenoterapia","8":"product_tag-equipamento-de-emergencia","9":"product_tag-haoxi","10":"product_tag-hospitalar","11":"product_tag-latex-free","12":"product_tag-mascara-no-2","13":"product_tag-reanimador-infantil","14":"product_tag-reservatorio-em-pvc","15":"product_tag-respiratorio-pediatrico","16":"product_tag-silicone-autoclavavel","17":"product_tag-ventilacao-manual","18":"mbf-entry","20":"first","21":"outofstock","22":"shipping-taxable","23":"purchasable","24":"product-type-simple"},"_links":{"self":[{"href":"https:\/\/hospitalariars.com.br\/index.php\/wp-json\/wp\/v2\/product\/8438","targetHints":{"allow":["GET"]}}],"collection":[{"href":"https:\/\/hospitalariars.com.br\/index.php\/wp-json\/wp\/v2\/product"}],"about":[{"href":"https:\/\/hospitalariars.com.br\/index.php\/wp-json\/wp\/v2\/types\/product"}],"replies":[{"embeddable":true,"href":"https:\/\/hospitalariars.com.br\/index.php\/wp-json\/wp\/v2\/comments?post=8438"}],"wp:featuredmedia":[{"embeddable":true,"href":"https:\/\/hospitalariars.com.br\/index.php\/wp-json\/wp\/v2\/media\/8439"}],"wp:attachment":[{"href":"https:\/\/hospitalariars.com.br\/index.php\/wp-json\/wp\/v2\/media?parent=8438"}],"wp:term":[{"taxonomy":"product_brand","embeddable":true,"href":"https:\/\/hospitalariars.com.br\/index.php\/wp-json\/wp\/v2\/product_brand?post=8438"},{"taxonomy":"product_cat","embeddable":true,"href":"https:\/\/hospitalariars.com.br\/index.php\/wp-json\/wp\/v2\/product_cat?post=8438"},{"taxonomy":"product_tag","embeddable":true,"href":"https:\/\/hospitalariars.com.br\/index.php\/wp-json\/wp\/v2\/product_tag?post=8438"}],"curies":[{"name":"wp","href":"https:\/\/api.w.org\/{rel}","templated":true}]}}