{"id":8440,"date":"2025-07-04T17:39:38","date_gmt":"2025-07-04T20:39:38","guid":{"rendered":"https:\/\/hospitalariars.com.br\/?post_type=product&#038;p=8440"},"modified":"2026-03-27T16:03:31","modified_gmt":"2026-03-27T19:03:31","slug":"reanimador-manual-silicone-com-reservatorio-em-pvc-e-mascara-silicone-no-1-recem-nascido-haoxi","status":"publish","type":"product","link":"https:\/\/hospitalariars.com.br\/index.php\/produto\/reanimador-manual-silicone-com-reservatorio-em-pvc-e-mascara-silicone-no-1-recem-nascido-haoxi\/","title":{"rendered":"Reanimador Manual Silicone com Reservat\u00f3rio em PVC e M\u00e1scara Silicone N\u00ba 1 \u2013 Rec\u00e9m-Nascido &#8211; Haoxi"},"content":{"rendered":"<p data-start=\"302\" data-end=\"455\"><strong data-start=\"302\" data-end=\"316\">Descri\u00e7\u00e3o:<\/strong><br data-start=\"316\" data-end=\"319\" \/>O Reanimador Manual Haoxi \u00e9 indicado para ventila\u00e7\u00e3o pulmonar de <strong data-start=\"384\" data-end=\"402\">rec\u00e9m-nascidos<\/strong> em situa\u00e7\u00f5es de emerg\u00eancia e suporte respirat\u00f3rio.<\/p>\n<p data-start=\"457\" data-end=\"769\">Possui <strong data-start=\"464\" data-end=\"498\">bal\u00e3o em silicone reutiliz\u00e1vel<\/strong>, resistente e flex\u00edvel, permitindo ventila\u00e7\u00e3o eficiente com conforto e seguran\u00e7a. Acompanha <strong data-start=\"591\" data-end=\"614\">reservat\u00f3rio em PVC<\/strong>, que potencializa a concentra\u00e7\u00e3o de oxig\u00eanio, e <strong data-start=\"663\" data-end=\"697\">m\u00e1scara em silicone tamanho N1<\/strong>, ideal para o rosto delicado de neonatos, oferecendo excelente veda\u00e7\u00e3o.<\/p>\n<p data-start=\"771\" data-end=\"948\">Produto de alta qualidade, desenvolvido conforme padr\u00f5es hospitalares para garantir seguran\u00e7a e efic\u00e1cia em ambientes cr\u00edticos como UTIs neonatais, salas de parto e ambul\u00e2ncias.<\/p>\n<p data-start=\"950\" data-end=\"978\"><strong data-start=\"950\" data-end=\"978\">Especifica\u00e7\u00f5es T\u00e9cnicas:<\/strong><\/p>\n<ul data-start=\"980\" data-end=\"1248\">\n<li data-start=\"980\" data-end=\"1020\">\n<p data-start=\"982\" data-end=\"1020\"><strong data-start=\"982\" data-end=\"991\">Tipo:<\/strong> Reanimador manual neonatal<\/p>\n<\/li>\n<li data-start=\"1021\" data-end=\"1058\">\n<p data-start=\"1023\" data-end=\"1058\"><strong data-start=\"1023\" data-end=\"1033\">Bal\u00e3o:<\/strong> Silicone, reutiliz\u00e1vel<\/p>\n<\/li>\n<li data-start=\"1059\" data-end=\"1084\">\n<p data-start=\"1061\" data-end=\"1084\"><strong data-start=\"1061\" data-end=\"1078\">Reservat\u00f3rio:<\/strong> PVC<\/p>\n<\/li>\n<li data-start=\"1085\" data-end=\"1129\">\n<p data-start=\"1087\" data-end=\"1129\"><strong data-start=\"1087\" data-end=\"1099\">M\u00e1scara:<\/strong> Silicone N1 \u2013 Rec\u00e9m-nascido<\/p>\n<\/li>\n<li data-start=\"1130\" data-end=\"1178\">\n<p data-start=\"1132\" data-end=\"1178\"><strong data-start=\"1132\" data-end=\"1146\">Aplica\u00e7\u00e3o:<\/strong> Suporte respirat\u00f3rio neonatal<\/p>\n<\/li>\n<li data-start=\"1179\" data-end=\"1199\">\n<p data-start=\"1181\" data-end=\"1199\"><strong data-start=\"1181\" data-end=\"1191\">Marca:<\/strong> Haoxi<\/p>\n<\/li>\n<\/ul>\n","protected":false},"excerpt":{"rendered":"Descri\u00e7\u00e3o:O Reanimador Manual Haoxi \u00e9 indicado para ventila\u00e7\u00e3o pulmonar de rec\u00e9m-nascidos em situa\u00e7\u00f5es de emerg\u00eancia e suporte respirat\u00f3rio.&hellip;","protected":false},"featured_media":8441,"comment_status":"open","ping_status":"closed","template":"","meta":{"slim_seo":{"title":"Reanimador Manual Silicone com Reservat\u00f3rio em PVC e M\u00e1scara Silicone N\u00ba 1 \u2013 Rec\u00e9m-Nascido - Haoxi - Hospitalaria RS","description":"Descri\u00e7\u00e3o: O Reanimador Manual Haoxi \u00e9 indicado para ventila\u00e7\u00e3o pulmonar de rec\u00e9m-nascidos em situa\u00e7\u00f5es de emerg\u00eancia e suporte respirat\u00f3rio. Possui bal\u00e3o em si"}},"product_brand":[1065],"product_cat":[38],"product_tag":[1208,1071,1073,1218,1216,1217,1209,1219,1202,1215],"class_list":{"0":"post-8440","1":"product","2":"type-product","3":"status-publish","4":"has-post-thumbnail","6":"product_brand-haoxi","7":"product_cat-oxigenoterapia","8":"product_tag-emergencia","9":"product_tag-equipamento-hospitalar","10":"product_tag-haoxi","11":"product_tag-mascara-n1","12":"product_tag-reanimador-manual-neonatal","13":"product_tag-recem-nascido","14":"product_tag-reservatorio-pvc","15":"product_tag-respiratorio-neonatal","16":"product_tag-silicone","17":"product_tag-ventilacao-manual","18":"mbf-entry","20":"first","21":"outofstock","22":"shipping-taxable","23":"purchasable","24":"product-type-simple"},"_links":{"self":[{"href":"https:\/\/hospitalariars.com.br\/index.php\/wp-json\/wp\/v2\/product\/8440","targetHints":{"allow":["GET"]}}],"collection":[{"href":"https:\/\/hospitalariars.com.br\/index.php\/wp-json\/wp\/v2\/product"}],"about":[{"href":"https:\/\/hospitalariars.com.br\/index.php\/wp-json\/wp\/v2\/types\/product"}],"replies":[{"embeddable":true,"href":"https:\/\/hospitalariars.com.br\/index.php\/wp-json\/wp\/v2\/comments?post=8440"}],"wp:featuredmedia":[{"embeddable":true,"href":"https:\/\/hospitalariars.com.br\/index.php\/wp-json\/wp\/v2\/media\/8441"}],"wp:attachment":[{"href":"https:\/\/hospitalariars.com.br\/index.php\/wp-json\/wp\/v2\/media?parent=8440"}],"wp:term":[{"taxonomy":"product_brand","embeddable":true,"href":"https:\/\/hospitalariars.com.br\/index.php\/wp-json\/wp\/v2\/product_brand?post=8440"},{"taxonomy":"product_cat","embeddable":true,"href":"https:\/\/hospitalariars.com.br\/index.php\/wp-json\/wp\/v2\/product_cat?post=8440"},{"taxonomy":"product_tag","embeddable":true,"href":"https:\/\/hospitalariars.com.br\/index.php\/wp-json\/wp\/v2\/product_tag?post=8440"}],"curies":[{"name":"wp","href":"https:\/\/api.w.org\/{rel}","templated":true}]}}