{"id":8444,"date":"2025-07-04T17:43:45","date_gmt":"2025-07-04T20:43:45","guid":{"rendered":"https:\/\/hospitalariars.com.br\/?post_type=product&#038;p=8444"},"modified":"2026-03-27T16:03:31","modified_gmt":"2026-03-27T19:03:31","slug":"mascara-em-silicone-no-1-neonatal-haoxi","status":"publish","type":"product","link":"https:\/\/hospitalariars.com.br\/index.php\/produto\/mascara-em-silicone-no-1-neonatal-haoxi\/","title":{"rendered":"M\u00e1scara em Silicone N\u00ba 1 \u2013 Neonatal &#8211;  Haoxi"},"content":{"rendered":"<p data-start=\"194\" data-end=\"388\"><strong data-start=\"194\" data-end=\"208\">Descri\u00e7\u00e3o:<\/strong><br data-start=\"208\" data-end=\"211\" \/>A M\u00e1scara em Silicone Haoxi N\u00ba 1 \u00e9 indicada para <strong data-start=\"260\" data-end=\"311\">ventila\u00e7\u00e3o manual ou mec\u00e2nica em rec\u00e9m-nascidos<\/strong>, ideal para uso em UTI neonatal, salas de parto e atendimentos emergenciais.<\/p>\n<p data-start=\"390\" data-end=\"654\">Fabricada em <strong data-start=\"403\" data-end=\"430\">silicone de grau m\u00e9dico<\/strong>, \u00e9 macia, anat\u00f4mica e se adapta ao rosto do beb\u00ea com conforto e seguran\u00e7a. Compat\u00edvel com reanimadores manuais, ventiladores e outros dispositivos respirat\u00f3rios, proporciona <strong data-start=\"605\" data-end=\"623\">veda\u00e7\u00e3o eficaz<\/strong> para uma ventila\u00e7\u00e3o eficiente.<\/p>\n<p data-start=\"656\" data-end=\"763\"><strong data-start=\"656\" data-end=\"672\">Autoclav\u00e1vel<\/strong>, garante reutiliza\u00e7\u00e3o segura em ambientes hospitalares com alta rotatividade de pacientes.<\/p>\n<p data-start=\"765\" data-end=\"793\"><strong data-start=\"765\" data-end=\"793\">Especifica\u00e7\u00f5es T\u00e9cnicas:<\/strong><\/p>\n<ul data-start=\"795\" data-end=\"1054\">\n<li data-start=\"795\" data-end=\"827\">\n<p data-start=\"797\" data-end=\"827\"><strong data-start=\"797\" data-end=\"809\">Tamanho:<\/strong> N\u00ba 1 \u2013 Neonatal<\/p>\n<\/li>\n<li data-start=\"828\" data-end=\"875\">\n<p data-start=\"830\" data-end=\"875\"><strong data-start=\"830\" data-end=\"843\">Material:<\/strong> Silicone macio e autoclav\u00e1vel<\/p>\n<\/li>\n<li data-start=\"876\" data-end=\"923\">\n<p data-start=\"878\" data-end=\"923\"><strong data-start=\"878\" data-end=\"892\">Aplica\u00e7\u00e3o:<\/strong> Ventila\u00e7\u00e3o em rec\u00e9m-nascidos<\/p>\n<\/li>\n<li data-start=\"924\" data-end=\"984\">\n<p data-start=\"926\" data-end=\"984\"><strong data-start=\"926\" data-end=\"946\">Compatibilidade:<\/strong> Reanimadores manuais e ventiladores<\/p>\n<\/li>\n<li data-start=\"985\" data-end=\"1005\">\n<p data-start=\"987\" data-end=\"1005\"><strong data-start=\"987\" data-end=\"997\">Marca:<\/strong> Haoxi<\/p>\n<\/li>\n<\/ul>\n","protected":false},"excerpt":{"rendered":"Descri\u00e7\u00e3o:A M\u00e1scara em Silicone Haoxi N\u00ba 1 \u00e9 indicada para ventila\u00e7\u00e3o manual ou mec\u00e2nica em rec\u00e9m-nascidos, ideal para&hellip;","protected":false},"featured_media":8445,"comment_status":"open","ping_status":"closed","template":"","meta":{"slim_seo":{"title":"M\u00e1scara em Silicone N\u00ba 1 \u2013 Neonatal - Haoxi - Hospitalaria RS","description":"Descri\u00e7\u00e3o: A M\u00e1scara em Silicone Haoxi N\u00ba 1 \u00e9 indicada para ventila\u00e7\u00e3o manual ou mec\u00e2nica em rec\u00e9m-nascidos , ideal para uso em UTI neonatal, salas de parto e a"}},"product_brand":[1065],"product_cat":[38],"product_tag":[1201,1071,1226,1229,1221,1217,1219,1227,1225,1228],"class_list":{"0":"post-8444","1":"product","2":"type-product","3":"status-publish","4":"has-post-thumbnail","6":"product_brand-haoxi","7":"product_cat-oxigenoterapia","8":"product_tag-autoclavavel","9":"product_tag-equipamento-hospitalar","10":"product_tag-mascara-neonatal","11":"product_tag-mascara-para-reanimador","12":"product_tag-mascara-silicone-haoxi","13":"product_tag-recem-nascido","14":"product_tag-respiratorio-neonatal","15":"product_tag-tamanho-n1","16":"product_tag-uti-neonatal","17":"product_tag-ventilacao-neonatal","18":"mbf-entry","20":"first","21":"outofstock","22":"shipping-taxable","23":"purchasable","24":"product-type-simple"},"_links":{"self":[{"href":"https:\/\/hospitalariars.com.br\/index.php\/wp-json\/wp\/v2\/product\/8444","targetHints":{"allow":["GET"]}}],"collection":[{"href":"https:\/\/hospitalariars.com.br\/index.php\/wp-json\/wp\/v2\/product"}],"about":[{"href":"https:\/\/hospitalariars.com.br\/index.php\/wp-json\/wp\/v2\/types\/product"}],"replies":[{"embeddable":true,"href":"https:\/\/hospitalariars.com.br\/index.php\/wp-json\/wp\/v2\/comments?post=8444"}],"wp:featuredmedia":[{"embeddable":true,"href":"https:\/\/hospitalariars.com.br\/index.php\/wp-json\/wp\/v2\/media\/8445"}],"wp:attachment":[{"href":"https:\/\/hospitalariars.com.br\/index.php\/wp-json\/wp\/v2\/media?parent=8444"}],"wp:term":[{"taxonomy":"product_brand","embeddable":true,"href":"https:\/\/hospitalariars.com.br\/index.php\/wp-json\/wp\/v2\/product_brand?post=8444"},{"taxonomy":"product_cat","embeddable":true,"href":"https:\/\/hospitalariars.com.br\/index.php\/wp-json\/wp\/v2\/product_cat?post=8444"},{"taxonomy":"product_tag","embeddable":true,"href":"https:\/\/hospitalariars.com.br\/index.php\/wp-json\/wp\/v2\/product_tag?post=8444"}],"curies":[{"name":"wp","href":"https:\/\/api.w.org\/{rel}","templated":true}]}}