{"id":8446,"date":"2025-07-04T17:47:05","date_gmt":"2025-07-04T20:47:05","guid":{"rendered":"https:\/\/hospitalariars.com.br\/?post_type=product&#038;p=8446"},"modified":"2026-03-27T16:03:31","modified_gmt":"2026-03-27T19:03:31","slug":"mascara-vni-em-silicone-no-3-juvenil-haoxi","status":"publish","type":"product","link":"https:\/\/hospitalariars.com.br\/index.php\/produto\/mascara-vni-em-silicone-no-3-juvenil-haoxi\/","title":{"rendered":"M\u00e1scara VNI em Silicone  N\u00ba 3 \u2013 Juvenil &#8211; Haoxi"},"content":{"rendered":"<p data-start=\"197\" data-end=\"509\"><strong data-start=\"197\" data-end=\"211\">Descri\u00e7\u00e3o:<\/strong><br data-start=\"211\" data-end=\"214\" \/>A M\u00e1scara VNI em Silicone Haoxi N\u00ba 3 \u00e9 indicada para procedimentos de <strong data-start=\"284\" data-end=\"317\">ventila\u00e7\u00e3o n\u00e3o invasiva (VNI)<\/strong> em pacientes juvenis. Ideal para uso em ambientes hospitalares como UTIs, pronto atendimentos e centros cir\u00fargicos, proporciona veda\u00e7\u00e3o eficiente e confort\u00e1vel durante o suporte respirat\u00f3rio.<\/p>\n<p data-start=\"511\" data-end=\"723\">Fabricada em <strong data-start=\"524\" data-end=\"551\">silicone de grau m\u00e9dico<\/strong>, a m\u00e1scara \u00e9 macia, anat\u00f4mica e resistente. Compat\u00edvel com reanimadores manuais, ventiladores mec\u00e2nicos e sistemas de CPAP, garante seguran\u00e7a e estabilidade durante o uso.<\/p>\n<p data-start=\"725\" data-end=\"753\"><strong data-start=\"725\" data-end=\"753\">Especifica\u00e7\u00f5es T\u00e9cnicas:<\/strong><\/p>\n<ul data-start=\"755\" data-end=\"1092\">\n<li data-start=\"755\" data-end=\"786\">\n<p data-start=\"757\" data-end=\"786\"><strong data-start=\"757\" data-end=\"769\">Tamanho:<\/strong> N\u00ba 3 \u2013 Juvenil<\/p>\n<\/li>\n<li data-start=\"787\" data-end=\"841\">\n<p data-start=\"789\" data-end=\"841\"><strong data-start=\"789\" data-end=\"798\">Tipo:<\/strong> M\u00e1scara de VNI (Ventila\u00e7\u00e3o N\u00e3o Invasiva)<\/p>\n<\/li>\n<li data-start=\"842\" data-end=\"900\">\n<p data-start=\"844\" data-end=\"900\"><strong data-start=\"844\" data-end=\"857\">Material:<\/strong> Silicone de alta qualidade, autoclav\u00e1vel<\/p>\n<\/li>\n<li data-start=\"901\" data-end=\"964\">\n<p data-start=\"903\" data-end=\"964\"><strong data-start=\"903\" data-end=\"917\">Aplica\u00e7\u00e3o:<\/strong> Ventila\u00e7\u00e3o n\u00e3o invasiva em pacientes juvenis<\/p>\n<\/li>\n<li data-start=\"965\" data-end=\"1022\">\n<p data-start=\"967\" data-end=\"1022\"><strong data-start=\"967\" data-end=\"987\">Compatibilidade:<\/strong> Reanimadores, ventiladores, CPAP<\/p>\n<\/li>\n<li data-start=\"1023\" data-end=\"1043\">\n<p data-start=\"1025\" data-end=\"1043\"><strong data-start=\"1025\" data-end=\"1035\">Marca:<\/strong> Haoxi<\/p>\n<\/li>\n<\/ul>\n","protected":false},"excerpt":{"rendered":"Descri\u00e7\u00e3o:A M\u00e1scara VNI em Silicone Haoxi N\u00ba 3 \u00e9 indicada para procedimentos de ventila\u00e7\u00e3o n\u00e3o invasiva (VNI) em&hellip;","protected":false},"featured_media":8447,"comment_status":"open","ping_status":"closed","template":"","meta":{"slim_seo":{"title":"M\u00e1scara VNI em Silicone N\u00ba 3 \u2013 Juvenil - Haoxi - Hospitalaria RS","description":"Descri\u00e7\u00e3o: A M\u00e1scara VNI em Silicone Haoxi N\u00ba 3 \u00e9 indicada para procedimentos de ventila\u00e7\u00e3o n\u00e3o invasiva (VNI) em pacientes juvenis. Ideal para uso em ambientes"}},"product_brand":[1065],"product_cat":[38],"product_tag":[1235,1078,1073,1168,1224,1233,1230,1234,1231,1232],"class_list":{"0":"post-8446","1":"product","2":"type-product","3":"status-publish","4":"has-post-thumbnail","6":"product_brand-haoxi","7":"product_cat-oxigenoterapia","8":"product_tag-cpap","9":"product_tag-equipamento-respiratorio","10":"product_tag-haoxi","11":"product_tag-hospitalar","12":"product_tag-mascara-autoclavavel","13":"product_tag-mascara-em-silicone","14":"product_tag-mascara-vni-juvenil","15":"product_tag-respiratorio-juvenil","16":"product_tag-tamanho-3","17":"product_tag-ventilacao-nao-invasiva","18":"mbf-entry","20":"first","21":"outofstock","22":"shipping-taxable","23":"purchasable","24":"product-type-simple"},"_links":{"self":[{"href":"https:\/\/hospitalariars.com.br\/index.php\/wp-json\/wp\/v2\/product\/8446","targetHints":{"allow":["GET"]}}],"collection":[{"href":"https:\/\/hospitalariars.com.br\/index.php\/wp-json\/wp\/v2\/product"}],"about":[{"href":"https:\/\/hospitalariars.com.br\/index.php\/wp-json\/wp\/v2\/types\/product"}],"replies":[{"embeddable":true,"href":"https:\/\/hospitalariars.com.br\/index.php\/wp-json\/wp\/v2\/comments?post=8446"}],"wp:featuredmedia":[{"embeddable":true,"href":"https:\/\/hospitalariars.com.br\/index.php\/wp-json\/wp\/v2\/media\/8447"}],"wp:attachment":[{"href":"https:\/\/hospitalariars.com.br\/index.php\/wp-json\/wp\/v2\/media?parent=8446"}],"wp:term":[{"taxonomy":"product_brand","embeddable":true,"href":"https:\/\/hospitalariars.com.br\/index.php\/wp-json\/wp\/v2\/product_brand?post=8446"},{"taxonomy":"product_cat","embeddable":true,"href":"https:\/\/hospitalariars.com.br\/index.php\/wp-json\/wp\/v2\/product_cat?post=8446"},{"taxonomy":"product_tag","embeddable":true,"href":"https:\/\/hospitalariars.com.br\/index.php\/wp-json\/wp\/v2\/product_tag?post=8446"}],"curies":[{"name":"wp","href":"https:\/\/api.w.org\/{rel}","templated":true}]}}