{"id":8455,"date":"2025-07-07T13:56:35","date_gmt":"2025-07-07T16:56:35","guid":{"rendered":"https:\/\/hospitalariars.com.br\/?post_type=product&#038;p=8455"},"modified":"2026-03-27T16:03:31","modified_gmt":"2026-03-27T19:03:31","slug":"mascara-vni-em-silicone-n-4-adulto-medio-haoxi","status":"publish","type":"product","link":"https:\/\/hospitalariars.com.br\/index.php\/produto\/mascara-vni-em-silicone-n-4-adulto-medio-haoxi\/","title":{"rendered":"M\u00e1scara VNI em Silicone N\u00b0 4 \u2013 Adulto M\u00e9dio &#8211; Haoxi"},"content":{"rendered":"<p><strong data-start=\"296\" data-end=\"310\">Descri\u00e7\u00e3o:<\/strong><br data-start=\"310\" data-end=\"313\" \/>A M\u00e1scara VNI em Silicone HAOXI N\u00b0 4 \u00e9 indicada para ventila\u00e7\u00e3o n\u00e3o invasiva em pacientes adultos.<\/p>\n<p>Fabricada em silicone macio e anat\u00f4mico, proporciona excelente veda\u00e7\u00e3o e conforto durante o uso.<\/p>\n<p>O modelo tamanho 4 \u00e9 ideal para pacientes adultos de porte m\u00e9dio, sendo compat\u00edvel com diversos sistemas de ventila\u00e7\u00e3o.<\/p>\n<p>Produto reutiliz\u00e1vel e f\u00e1cil de higienizar, garantindo seguran\u00e7a e durabilidade nos atendimentos cl\u00ednicos e hospitalares.<\/p>\n<p data-start=\"541\" data-end=\"571\"><strong data-start=\"541\" data-end=\"569\">Especifica\u00e7\u00f5es T\u00e9cnicas:<\/strong><\/p>\n<ul data-start=\"572\" data-end=\"824\">\n<li data-start=\"572\" data-end=\"610\">\n<p data-start=\"574\" data-end=\"610\">Material: Silicone macio e at\u00f3xico<\/p>\n<\/li>\n<li data-start=\"611\" data-end=\"643\">\n<p data-start=\"613\" data-end=\"643\">Tamanho: N\u00b0 4 \u2013 Adulto M\u00e9dio<\/p>\n<\/li>\n<li data-start=\"644\" data-end=\"696\">\n<p data-start=\"646\" data-end=\"696\">Tipo: M\u00e1scara para ventila\u00e7\u00e3o n\u00e3o invasiva (VNI)<\/p>\n<\/li>\n<li data-start=\"697\" data-end=\"765\">\n<p data-start=\"699\" data-end=\"765\">Compatibilidade: Equipamentos de ventila\u00e7\u00e3o mec\u00e2nica e assistida<\/p>\n<\/li>\n<li data-start=\"766\" data-end=\"807\">\n<p data-start=\"768\" data-end=\"807\">Uso: Reutiliz\u00e1vel, f\u00e1cil higieniza\u00e7\u00e3o<\/p>\n<\/li>\n<li data-start=\"808\" data-end=\"824\">\n<p data-start=\"810\" data-end=\"824\">Marca: HAOXI<\/p>\n<\/li>\n<\/ul>\n","protected":false},"excerpt":{"rendered":"Descri\u00e7\u00e3o:A M\u00e1scara VNI em Silicone HAOXI N\u00b0 4 \u00e9 indicada para ventila\u00e7\u00e3o n\u00e3o invasiva em pacientes adultos. Fabricada&hellip;","protected":false},"featured_media":8456,"comment_status":"open","ping_status":"closed","template":"","meta":{"slim_seo":{"title":"M\u00e1scara VNI em Silicone N\u00b0 4 \u2013 Adulto M\u00e9dio - Haoxi - Hospitalaria RS","description":"Descri\u00e7\u00e3o: A M\u00e1scara VNI em Silicone HAOXI N\u00b0 4 \u00e9 indicada para ventila\u00e7\u00e3o n\u00e3o invasiva em pacientes adultos. Fabricada em silicone macio e anat\u00f4mico, proporcio"}},"product_brand":[1065],"product_cat":[38],"product_tag":[1071,1242,1236,1239,1241,1237,1204,1243,1240,1238],"class_list":{"0":"post-8455","1":"product","2":"type-product","3":"status-publish","4":"has-post-thumbnail","6":"product_brand-haoxi","7":"product_cat-oxigenoterapia","8":"product_tag-equipamento-hospitalar","9":"product_tag-mascara-anatomica","10":"product_tag-mascara-de-silicone","11":"product_tag-mascara-haoxi","12":"product_tag-mascara-reutilizavel","13":"product_tag-mascara-ventilacao-nao-invasiva","14":"product_tag-mascara-vni","15":"product_tag-suporte-respiratorio","16":"product_tag-tamanho-4","17":"product_tag-vni-adulto-medio","18":"mbf-entry","20":"first","21":"outofstock","22":"shipping-taxable","23":"purchasable","24":"product-type-simple"},"_links":{"self":[{"href":"https:\/\/hospitalariars.com.br\/index.php\/wp-json\/wp\/v2\/product\/8455","targetHints":{"allow":["GET"]}}],"collection":[{"href":"https:\/\/hospitalariars.com.br\/index.php\/wp-json\/wp\/v2\/product"}],"about":[{"href":"https:\/\/hospitalariars.com.br\/index.php\/wp-json\/wp\/v2\/types\/product"}],"replies":[{"embeddable":true,"href":"https:\/\/hospitalariars.com.br\/index.php\/wp-json\/wp\/v2\/comments?post=8455"}],"wp:featuredmedia":[{"embeddable":true,"href":"https:\/\/hospitalariars.com.br\/index.php\/wp-json\/wp\/v2\/media\/8456"}],"wp:attachment":[{"href":"https:\/\/hospitalariars.com.br\/index.php\/wp-json\/wp\/v2\/media?parent=8455"}],"wp:term":[{"taxonomy":"product_brand","embeddable":true,"href":"https:\/\/hospitalariars.com.br\/index.php\/wp-json\/wp\/v2\/product_brand?post=8455"},{"taxonomy":"product_cat","embeddable":true,"href":"https:\/\/hospitalariars.com.br\/index.php\/wp-json\/wp\/v2\/product_cat?post=8455"},{"taxonomy":"product_tag","embeddable":true,"href":"https:\/\/hospitalariars.com.br\/index.php\/wp-json\/wp\/v2\/product_tag?post=8455"}],"curies":[{"name":"wp","href":"https:\/\/api.w.org\/{rel}","templated":true}]}}