{"id":8457,"date":"2025-07-07T14:00:16","date_gmt":"2025-07-07T17:00:16","guid":{"rendered":"https:\/\/hospitalariars.com.br\/?post_type=product&#038;p=8457"},"modified":"2026-03-27T16:03:31","modified_gmt":"2026-03-27T19:03:31","slug":"mascara-vni-em-silicone-n-5-adulto-grande-haoxi","status":"publish","type":"product","link":"https:\/\/hospitalariars.com.br\/index.php\/produto\/mascara-vni-em-silicone-n-5-adulto-grande-haoxi\/","title":{"rendered":"M\u00e1scara VNI em Silicone N\u00b0 5 \u2013 Adulto Grande &#8211; Haoxi"},"content":{"rendered":"<p><strong data-start=\"132\" data-end=\"146\">Descri\u00e7\u00e3o:<\/strong><br data-start=\"146\" data-end=\"149\" \/>A M\u00e1scara VNI em Silicone HAOXI N\u00b0 5 \u00e9 indicada para ventila\u00e7\u00e3o n\u00e3o invasiva em pacientes adultos de grande porte.<\/p>\n<p>Confeccionada em silicone macio, anat\u00f4mico e resistente, garante excelente veda\u00e7\u00e3o facial e conforto durante o uso prolongado.<\/p>\n<p>Compat\u00edvel com diferentes aparelhos de ventila\u00e7\u00e3o mec\u00e2nica, \u00e9 reutiliz\u00e1vel e de f\u00e1cil higieniza\u00e7\u00e3o, sendo ideal para uso cl\u00ednico e hospitalar em terapias respirat\u00f3rias n\u00e3o invasivas.<\/p>\n<p data-start=\"584\" data-end=\"614\"><strong data-start=\"584\" data-end=\"612\">Especifica\u00e7\u00f5es T\u00e9cnicas:<\/strong><\/p>\n<ul data-start=\"615\" data-end=\"868\">\n<li data-start=\"615\" data-end=\"653\">\n<p data-start=\"617\" data-end=\"653\">Material: Silicone macio e at\u00f3xico<\/p>\n<\/li>\n<li data-start=\"654\" data-end=\"687\">\n<p data-start=\"656\" data-end=\"687\">Tamanho: N\u00b0 5 \u2013 Adulto Grande<\/p>\n<\/li>\n<li data-start=\"688\" data-end=\"740\">\n<p data-start=\"690\" data-end=\"740\">Tipo: M\u00e1scara para ventila\u00e7\u00e3o n\u00e3o invasiva (VNI)<\/p>\n<\/li>\n<li data-start=\"741\" data-end=\"809\">\n<p data-start=\"743\" data-end=\"809\">Compatibilidade: Equipamentos de ventila\u00e7\u00e3o mec\u00e2nica e assistida<\/p>\n<\/li>\n<li data-start=\"810\" data-end=\"851\">\n<p data-start=\"812\" data-end=\"851\">Uso: Reutiliz\u00e1vel, f\u00e1cil higieniza\u00e7\u00e3o<\/p>\n<\/li>\n<li data-start=\"852\" data-end=\"868\">\n<p data-start=\"854\" data-end=\"868\">Marca: HAOXI<\/p>\n<\/li>\n<\/ul>\n","protected":false},"excerpt":{"rendered":"Descri\u00e7\u00e3o:A M\u00e1scara VNI em Silicone HAOXI N\u00b0 5 \u00e9 indicada para ventila\u00e7\u00e3o n\u00e3o invasiva em pacientes adultos de&hellip;","protected":false},"featured_media":8458,"comment_status":"open","ping_status":"closed","template":"","meta":{"slim_seo":{"title":"M\u00e1scara VNI em Silicone N\u00b0 5 \u2013 Adulto Grande - Haoxi - Hospitalaria RS","description":"Descri\u00e7\u00e3o: A M\u00e1scara VNI em Silicone HAOXI N\u00b0 5 \u00e9 indicada para ventila\u00e7\u00e3o n\u00e3o invasiva em pacientes adultos de grande porte. Confeccionada em silicone macio, a"}},"product_brand":[1065],"product_cat":[38],"product_tag":[1071,1242,1236,1239,1241,1237,1204,1243,1245,1244],"class_list":{"0":"post-8457","1":"product","2":"type-product","3":"status-publish","4":"has-post-thumbnail","6":"product_brand-haoxi","7":"product_cat-oxigenoterapia","8":"product_tag-equipamento-hospitalar","9":"product_tag-mascara-anatomica","10":"product_tag-mascara-de-silicone","11":"product_tag-mascara-haoxi","12":"product_tag-mascara-reutilizavel","13":"product_tag-mascara-ventilacao-nao-invasiva","14":"product_tag-mascara-vni","15":"product_tag-suporte-respiratorio","16":"product_tag-tamanho-5","17":"product_tag-vni-adulto-grande","18":"mbf-entry","20":"first","21":"outofstock","22":"shipping-taxable","23":"purchasable","24":"product-type-simple"},"_links":{"self":[{"href":"https:\/\/hospitalariars.com.br\/index.php\/wp-json\/wp\/v2\/product\/8457","targetHints":{"allow":["GET"]}}],"collection":[{"href":"https:\/\/hospitalariars.com.br\/index.php\/wp-json\/wp\/v2\/product"}],"about":[{"href":"https:\/\/hospitalariars.com.br\/index.php\/wp-json\/wp\/v2\/types\/product"}],"replies":[{"embeddable":true,"href":"https:\/\/hospitalariars.com.br\/index.php\/wp-json\/wp\/v2\/comments?post=8457"}],"wp:featuredmedia":[{"embeddable":true,"href":"https:\/\/hospitalariars.com.br\/index.php\/wp-json\/wp\/v2\/media\/8458"}],"wp:attachment":[{"href":"https:\/\/hospitalariars.com.br\/index.php\/wp-json\/wp\/v2\/media?parent=8457"}],"wp:term":[{"taxonomy":"product_brand","embeddable":true,"href":"https:\/\/hospitalariars.com.br\/index.php\/wp-json\/wp\/v2\/product_brand?post=8457"},{"taxonomy":"product_cat","embeddable":true,"href":"https:\/\/hospitalariars.com.br\/index.php\/wp-json\/wp\/v2\/product_cat?post=8457"},{"taxonomy":"product_tag","embeddable":true,"href":"https:\/\/hospitalariars.com.br\/index.php\/wp-json\/wp\/v2\/product_tag?post=8457"}],"curies":[{"name":"wp","href":"https:\/\/api.w.org\/{rel}","templated":true}]}}