{"id":8461,"date":"2025-07-07T14:24:48","date_gmt":"2025-07-07T17:24:48","guid":{"rendered":"https:\/\/hospitalariars.com.br\/?post_type=product&#038;p=8461"},"modified":"2026-03-27T16:03:31","modified_gmt":"2026-03-27T19:03:31","slug":"mascara-com-reservatorio-sem-reinalacao-de-alta-concentracao-adulto-haoxi","status":"publish","type":"product","link":"https:\/\/hospitalariars.com.br\/index.php\/produto\/mascara-com-reservatorio-sem-reinalacao-de-alta-concentracao-adulto-haoxi\/","title":{"rendered":"M\u00e1scara com Reservat\u00f3rio (Sem Reinala\u00e7\u00e3o) de Alta Concentra\u00e7\u00e3o Adulto &#8211; Haoxi"},"content":{"rendered":"<p><strong data-start=\"210\" data-end=\"224\">Descri\u00e7\u00e3o:<\/strong><br data-start=\"224\" data-end=\"227\" \/>A M\u00e1scara com Reservat\u00f3rio de Alta Concentra\u00e7\u00e3o HAOXI \u2013 Adulto \u00e9 indicada para a administra\u00e7\u00e3o de oxig\u00eanio em altas concentra\u00e7\u00f5es, sendo amplamente utilizada em emerg\u00eancias, UTI e demais procedimentos hospitalares.<\/p>\n<p>O modelo sem reinala\u00e7\u00e3o possui v\u00e1lvulas unidirecionais e reservat\u00f3rio que evitam a entrada de ar ambiente, garantindo maior efic\u00e1cia terap\u00eautica.<\/p>\n<p>Produzida com material macio e anat\u00f4mico, proporciona excelente veda\u00e7\u00e3o e conforto ao paciente durante o uso prolongado.<\/p>\n<p data-start=\"667\" data-end=\"697\"><strong data-start=\"667\" data-end=\"695\">Especifica\u00e7\u00f5es T\u00e9cnicas:<\/strong><\/p>\n<ul data-start=\"698\" data-end=\"912\">\n<li data-start=\"698\" data-end=\"731\">\n<p data-start=\"700\" data-end=\"731\">Material: PVC macio e at\u00f3xico<\/p>\n<\/li>\n<li data-start=\"732\" data-end=\"751\">\n<p data-start=\"734\" data-end=\"751\">Tamanho: Adulto<\/p>\n<\/li>\n<li data-start=\"752\" data-end=\"801\">\n<p data-start=\"754\" data-end=\"801\">Tipo: M\u00e1scara com reservat\u00f3rio sem reinala\u00e7\u00e3o<\/p>\n<\/li>\n<li data-start=\"802\" data-end=\"853\">\n<p data-start=\"804\" data-end=\"853\">Compatibilidade: Equipamentos de oxigenoterapia<\/p>\n<\/li>\n<li data-start=\"854\" data-end=\"895\">\n<p data-start=\"856\" data-end=\"895\">Uso: Reutiliz\u00e1vel, f\u00e1cil higieniza\u00e7\u00e3o<\/p>\n<\/li>\n<li data-start=\"896\" data-end=\"912\">\n<p data-start=\"898\" data-end=\"912\">Marca: HAOXI<\/p>\n<\/li>\n<\/ul>\n","protected":false},"excerpt":{"rendered":"Descri\u00e7\u00e3o:A M\u00e1scara com Reservat\u00f3rio de Alta Concentra\u00e7\u00e3o HAOXI \u2013 Adulto \u00e9 indicada para a administra\u00e7\u00e3o de oxig\u00eanio em&hellip;","protected":false},"featured_media":8462,"comment_status":"open","ping_status":"closed","template":"","meta":{"slim_seo":{"title":"M\u00e1scara com Reservat\u00f3rio (Sem Reinala\u00e7\u00e3o) de Alta Concentra\u00e7\u00e3o Adulto - Haoxi - Hospitalaria RS","description":"Descri\u00e7\u00e3o: A M\u00e1scara com Reservat\u00f3rio de Alta Concentra\u00e7\u00e3o HAOXI \u2013 Adulto \u00e9 indicada para a administra\u00e7\u00e3o de oxig\u00eanio em altas concentra\u00e7\u00f5es, sendo amplamente u"}},"product_brand":[1065],"product_cat":[38],"product_tag":[1251,1076,1248,1246,1255,1239,1253,1247,1254,1243],"class_list":{"0":"post-8461","1":"product","2":"type-product","3":"status-publish","4":"has-post-thumbnail","6":"product_brand-haoxi","7":"product_cat-oxigenoterapia","8":"product_tag-equipamento-de-oxigenoterapia","9":"product_tag-mascara-adulto","10":"product_tag-mascara-alta-concentracao","11":"product_tag-mascara-com-reservatorio","12":"product_tag-mascara-emergencia","13":"product_tag-mascara-haoxi","14":"product_tag-mascara-hospitalar","15":"product_tag-mascara-sem-reinalacao","16":"product_tag-oxigenio-adulto","17":"product_tag-suporte-respiratorio","18":"mbf-entry","20":"first","21":"outofstock","22":"shipping-taxable","23":"purchasable","24":"product-type-simple"},"_links":{"self":[{"href":"https:\/\/hospitalariars.com.br\/index.php\/wp-json\/wp\/v2\/product\/8461","targetHints":{"allow":["GET"]}}],"collection":[{"href":"https:\/\/hospitalariars.com.br\/index.php\/wp-json\/wp\/v2\/product"}],"about":[{"href":"https:\/\/hospitalariars.com.br\/index.php\/wp-json\/wp\/v2\/types\/product"}],"replies":[{"embeddable":true,"href":"https:\/\/hospitalariars.com.br\/index.php\/wp-json\/wp\/v2\/comments?post=8461"}],"wp:featuredmedia":[{"embeddable":true,"href":"https:\/\/hospitalariars.com.br\/index.php\/wp-json\/wp\/v2\/media\/8462"}],"wp:attachment":[{"href":"https:\/\/hospitalariars.com.br\/index.php\/wp-json\/wp\/v2\/media?parent=8461"}],"wp:term":[{"taxonomy":"product_brand","embeddable":true,"href":"https:\/\/hospitalariars.com.br\/index.php\/wp-json\/wp\/v2\/product_brand?post=8461"},{"taxonomy":"product_cat","embeddable":true,"href":"https:\/\/hospitalariars.com.br\/index.php\/wp-json\/wp\/v2\/product_cat?post=8461"},{"taxonomy":"product_tag","embeddable":true,"href":"https:\/\/hospitalariars.com.br\/index.php\/wp-json\/wp\/v2\/product_tag?post=8461"}],"curies":[{"name":"wp","href":"https:\/\/api.w.org\/{rel}","templated":true}]}}