{"id":8463,"date":"2025-07-07T14:29:54","date_gmt":"2025-07-07T17:29:54","guid":{"rendered":"https:\/\/hospitalariars.com.br\/?post_type=product&#038;p=8463"},"modified":"2026-03-27T16:03:31","modified_gmt":"2026-03-27T19:03:31","slug":"mascara-para-traqueostomia-com-conector-giratorio-360-adulto-haoxi","status":"publish","type":"product","link":"https:\/\/hospitalariars.com.br\/index.php\/produto\/mascara-para-traqueostomia-com-conector-giratorio-360-adulto-haoxi\/","title":{"rendered":"M\u00e1scara para Traqueostomia com Conector Girat\u00f3rio 360\u00b0 Adulto &#8211; Haoxi"},"content":{"rendered":"<p><strong data-start=\"189\" data-end=\"203\">Descri\u00e7\u00e3o:<\/strong><br data-start=\"203\" data-end=\"206\" \/>A M\u00e1scara para Traqueostomia HAOXI com Conector Girat\u00f3rio 360\u00b0 \u2013 Adulto \u00e9 indicada para a administra\u00e7\u00e3o de oxig\u00eanio ou ar umidificado diretamente atrav\u00e9s da c\u00e2nula de traqueostomia.<\/p>\n<p>O conector rotativo permite flexibilidade e melhor posicionamento durante o uso, garantindo conforto e praticidade no manuseio.<\/p>\n<p>Fabricada em material macio, anat\u00f4mico e at\u00f3xico, oferece excelente veda\u00e7\u00e3o e seguran\u00e7a para procedimentos cl\u00ednicos e hospitalares.<\/p>\n<p data-start=\"669\" data-end=\"699\"><strong data-start=\"669\" data-end=\"697\">Especifica\u00e7\u00f5es T\u00e9cnicas:<\/strong><\/p>\n<ul data-start=\"700\" data-end=\"955\">\n<li data-start=\"700\" data-end=\"736\">\n<p data-start=\"702\" data-end=\"736\">Material: Silicone e PVC at\u00f3xico<\/p>\n<\/li>\n<li data-start=\"737\" data-end=\"756\">\n<p data-start=\"739\" data-end=\"756\">Tamanho: Adulto<\/p>\n<\/li>\n<li data-start=\"757\" data-end=\"821\">\n<p data-start=\"759\" data-end=\"821\">Tipo: M\u00e1scara para traqueostomia com conector girat\u00f3rio 360\u00b0<\/p>\n<\/li>\n<li data-start=\"822\" data-end=\"896\">\n<p data-start=\"824\" data-end=\"896\">Compatibilidade: Equipamentos de oxigenoterapia e ventila\u00e7\u00e3o assistida<\/p>\n<\/li>\n<li data-start=\"897\" data-end=\"938\">\n<p data-start=\"899\" data-end=\"938\">Uso: Reutiliz\u00e1vel, f\u00e1cil higieniza\u00e7\u00e3o<\/p>\n<\/li>\n<li data-start=\"939\" data-end=\"955\">\n<p data-start=\"941\" data-end=\"955\">Marca: HAOXI<\/p>\n<\/li>\n<\/ul>\n","protected":false},"excerpt":{"rendered":"Descri\u00e7\u00e3o:A M\u00e1scara para Traqueostomia HAOXI com Conector Girat\u00f3rio 360\u00b0 \u2013 Adulto \u00e9 indicada para a administra\u00e7\u00e3o de oxig\u00eanio&hellip;","protected":false},"featured_media":8464,"comment_status":"open","ping_status":"closed","template":"","meta":{"slim_seo":{"title":"M\u00e1scara para Traqueostomia com Conector Girat\u00f3rio 360\u00b0 Adulto - Haoxi - Hospitalaria RS","description":"Descri\u00e7\u00e3o: A M\u00e1scara para Traqueostomia HAOXI com Conector Girat\u00f3rio 360\u00b0 \u2013 Adulto \u00e9 indicada para a administra\u00e7\u00e3o de oxig\u00eanio ou ar umidificado diretamente atr"}},"product_brand":[1065],"product_cat":[38],"product_tag":[1259,1012,1257,1239,1253,1260,1256,1243,1258,1261],"class_list":{"0":"post-8463","1":"product","2":"type-product","3":"status-publish","4":"has-post-thumbnail","6":"product_brand-haoxi","7":"product_cat-oxigenoterapia","8":"product_tag-conector-360-graus","9":"product_tag-equipamento-medico","10":"product_tag-mascara-com-conector-giratorio","11":"product_tag-mascara-haoxi","12":"product_tag-mascara-hospitalar","13":"product_tag-mascara-para-oxigenio","14":"product_tag-mascara-traqueostomia","15":"product_tag-suporte-respiratorio","16":"product_tag-traqueostomia-adulto","17":"product_tag-traqueostomia-adulto-haoxi","18":"mbf-entry","20":"first","21":"outofstock","22":"shipping-taxable","23":"purchasable","24":"product-type-simple"},"_links":{"self":[{"href":"https:\/\/hospitalariars.com.br\/index.php\/wp-json\/wp\/v2\/product\/8463","targetHints":{"allow":["GET"]}}],"collection":[{"href":"https:\/\/hospitalariars.com.br\/index.php\/wp-json\/wp\/v2\/product"}],"about":[{"href":"https:\/\/hospitalariars.com.br\/index.php\/wp-json\/wp\/v2\/types\/product"}],"replies":[{"embeddable":true,"href":"https:\/\/hospitalariars.com.br\/index.php\/wp-json\/wp\/v2\/comments?post=8463"}],"wp:featuredmedia":[{"embeddable":true,"href":"https:\/\/hospitalariars.com.br\/index.php\/wp-json\/wp\/v2\/media\/8464"}],"wp:attachment":[{"href":"https:\/\/hospitalariars.com.br\/index.php\/wp-json\/wp\/v2\/media?parent=8463"}],"wp:term":[{"taxonomy":"product_brand","embeddable":true,"href":"https:\/\/hospitalariars.com.br\/index.php\/wp-json\/wp\/v2\/product_brand?post=8463"},{"taxonomy":"product_cat","embeddable":true,"href":"https:\/\/hospitalariars.com.br\/index.php\/wp-json\/wp\/v2\/product_cat?post=8463"},{"taxonomy":"product_tag","embeddable":true,"href":"https:\/\/hospitalariars.com.br\/index.php\/wp-json\/wp\/v2\/product_tag?post=8463"}],"curies":[{"name":"wp","href":"https:\/\/api.w.org\/{rel}","templated":true}]}}