{"id":8465,"date":"2025-07-07T14:31:51","date_gmt":"2025-07-07T17:31:51","guid":{"rendered":"https:\/\/hospitalariars.com.br\/?post_type=product&#038;p=8465"},"modified":"2026-03-27T16:03:31","modified_gmt":"2026-03-27T19:03:31","slug":"mascara-inflavel-clear-confort-com-valvula-n-3-adolescente-haoxi","status":"publish","type":"product","link":"https:\/\/hospitalariars.com.br\/index.php\/produto\/mascara-inflavel-clear-confort-com-valvula-n-3-adolescente-haoxi\/","title":{"rendered":"M\u00e1scara Infl\u00e1vel Clear Confort com V\u00e1lvula N\u00b0 3 \u2013 Adolescente Haoxi"},"content":{"rendered":"<p data-start=\"231\" data-end=\"694\"><strong data-start=\"231\" data-end=\"245\">Descri\u00e7\u00e3o:<\/strong><br data-start=\"245\" data-end=\"248\" \/>A M\u00e1scara Infl\u00e1vel Clear Confort com V\u00e1lvula N\u00b0 3 HAOXI \u00e9 indicada para ventila\u00e7\u00e3o assistida em pacientes adolescentes.<\/p>\n<p data-start=\"231\" data-end=\"694\">Desenvolvida com material transparente e macio, proporciona conforto e \u00f3tima veda\u00e7\u00e3o facial.<\/p>\n<p data-start=\"231\" data-end=\"694\">A v\u00e1lvula integrada garante controle eficiente do fluxo de ar, assegurando seguran\u00e7a durante procedimentos cl\u00ednicos e hospitalares.<\/p>\n<p data-start=\"231\" data-end=\"694\">O modelo N\u00b0 3 \u00e9 ideal para uso em adolescentes, combinando durabilidade e facilidade de higieniza\u00e7\u00e3o.<\/p>\n<p data-start=\"665\" data-end=\"695\"><strong data-start=\"665\" data-end=\"693\">Especifica\u00e7\u00f5es T\u00e9cnicas:<\/strong><\/p>\n<ul data-start=\"696\" data-end=\"958\">\n<li data-start=\"696\" data-end=\"745\">\n<p data-start=\"698\" data-end=\"745\">Material: Silicone e PVC transparente at\u00f3xico<\/p>\n<\/li>\n<li data-start=\"746\" data-end=\"777\">\n<p data-start=\"748\" data-end=\"777\">Tamanho: N\u00b0 3 \u2013 Adolescente<\/p>\n<\/li>\n<li data-start=\"778\" data-end=\"830\">\n<p data-start=\"780\" data-end=\"830\">Tipo: M\u00e1scara infl\u00e1vel com v\u00e1lvula unidirecional<\/p>\n<\/li>\n<li data-start=\"831\" data-end=\"899\">\n<p data-start=\"833\" data-end=\"899\">Compatibilidade: Equipamentos de ventila\u00e7\u00e3o mec\u00e2nica e assistida<\/p>\n<\/li>\n<li data-start=\"900\" data-end=\"941\">\n<p data-start=\"902\" data-end=\"941\">Uso: Reutiliz\u00e1vel, f\u00e1cil higieniza\u00e7\u00e3o<\/p>\n<\/li>\n<li data-start=\"942\" data-end=\"958\">\n<p data-start=\"944\" data-end=\"958\">Marca: HAOXI<\/p>\n<\/li>\n<\/ul>\n","protected":false},"excerpt":{"rendered":"Descri\u00e7\u00e3o:A M\u00e1scara Infl\u00e1vel Clear Confort com V\u00e1lvula N\u00b0 3 HAOXI \u00e9 indicada para ventila\u00e7\u00e3o assistida em pacientes adolescentes.&hellip;","protected":false},"featured_media":8466,"comment_status":"open","ping_status":"closed","template":"","meta":{"slim_seo":{"title":"M\u00e1scara Infl\u00e1vel Clear Confort com V\u00e1lvula N\u00b0 3 \u2013 Adolescente Haoxi - Hospitalaria RS","description":"Descri\u00e7\u00e3o: A M\u00e1scara Infl\u00e1vel Clear Confort com V\u00e1lvula N\u00b0 3 HAOXI \u00e9 indicada para ventila\u00e7\u00e3o assistida em pacientes adolescentes. Desenvolvida com material tra"}},"product_brand":[1065],"product_cat":[38],"product_tag":[1071,1266,1242,1264,1263,1239,1262,1265,1243,1135],"class_list":{"0":"post-8465","1":"product","2":"type-product","3":"status-publish","4":"has-post-thumbnail","6":"product_brand-haoxi","7":"product_cat-oxigenoterapia","8":"product_tag-equipamento-hospitalar","9":"product_tag-mascara-adolescente","10":"product_tag-mascara-anatomica","11":"product_tag-mascara-clear-confort","12":"product_tag-mascara-com-valvula","13":"product_tag-mascara-haoxi","14":"product_tag-mascara-inflavel","15":"product_tag-mascara-ventilacao","16":"product_tag-suporte-respiratorio","17":"product_tag-ventilacao-assistida","18":"mbf-entry","20":"first","21":"outofstock","22":"shipping-taxable","23":"purchasable","24":"product-type-simple"},"_links":{"self":[{"href":"https:\/\/hospitalariars.com.br\/index.php\/wp-json\/wp\/v2\/product\/8465","targetHints":{"allow":["GET"]}}],"collection":[{"href":"https:\/\/hospitalariars.com.br\/index.php\/wp-json\/wp\/v2\/product"}],"about":[{"href":"https:\/\/hospitalariars.com.br\/index.php\/wp-json\/wp\/v2\/types\/product"}],"replies":[{"embeddable":true,"href":"https:\/\/hospitalariars.com.br\/index.php\/wp-json\/wp\/v2\/comments?post=8465"}],"wp:featuredmedia":[{"embeddable":true,"href":"https:\/\/hospitalariars.com.br\/index.php\/wp-json\/wp\/v2\/media\/8466"}],"wp:attachment":[{"href":"https:\/\/hospitalariars.com.br\/index.php\/wp-json\/wp\/v2\/media?parent=8465"}],"wp:term":[{"taxonomy":"product_brand","embeddable":true,"href":"https:\/\/hospitalariars.com.br\/index.php\/wp-json\/wp\/v2\/product_brand?post=8465"},{"taxonomy":"product_cat","embeddable":true,"href":"https:\/\/hospitalariars.com.br\/index.php\/wp-json\/wp\/v2\/product_cat?post=8465"},{"taxonomy":"product_tag","embeddable":true,"href":"https:\/\/hospitalariars.com.br\/index.php\/wp-json\/wp\/v2\/product_tag?post=8465"}],"curies":[{"name":"wp","href":"https:\/\/api.w.org\/{rel}","templated":true}]}}