{"id":8467,"date":"2025-07-07T14:32:51","date_gmt":"2025-07-07T17:32:51","guid":{"rendered":"https:\/\/hospitalariars.com.br\/?post_type=product&#038;p=8467"},"modified":"2026-03-27T16:03:31","modified_gmt":"2026-03-27T19:03:31","slug":"mascara-inflavel-clear-confort-com-valvula-n-4-adulto-medio-haoxi","status":"publish","type":"product","link":"https:\/\/hospitalariars.com.br\/index.php\/produto\/mascara-inflavel-clear-confort-com-valvula-n-4-adulto-medio-haoxi\/","title":{"rendered":"M\u00e1scara Infl\u00e1vel Clear Confort com V\u00e1lvula N\u00b0 4 \u2013 Adulto M\u00e9dio Haoxi"},"content":{"rendered":"<p data-start=\"198\" data-end=\"646\"><strong data-start=\"198\" data-end=\"212\">Descri\u00e7\u00e3o:<\/strong><br data-start=\"212\" data-end=\"215\" \/>A M\u00e1scara Infl\u00e1vel Clear Confort com V\u00e1lvula N\u00b0 4 HAOXI \u00e9 indicada para ventila\u00e7\u00e3o assistida em pacientes adultos de porte m\u00e9dio.<\/p>\n<p data-start=\"198\" data-end=\"646\">Fabricada com material transparente e macio, oferece excelente conforto e veda\u00e7\u00e3o facial.<\/p>\n<p data-start=\"198\" data-end=\"646\">A v\u00e1lvula integrada possibilita controle eficiente do fluxo de ar, garantindo seguran\u00e7a durante o uso cl\u00ednico e hospitalar.<\/p>\n<p data-start=\"198\" data-end=\"646\">Produto dur\u00e1vel, reutiliz\u00e1vel e f\u00e1cil de higienizar, ideal para terapias respirat\u00f3rias.<\/p>\n<p data-start=\"755\" data-end=\"785\"><strong data-start=\"755\" data-end=\"783\">Especifica\u00e7\u00f5es T\u00e9cnicas:<\/strong><\/p>\n<ul data-start=\"786\" data-end=\"1049\">\n<li data-start=\"786\" data-end=\"835\">\n<p data-start=\"788\" data-end=\"835\">Material: Silicone e PVC transparente at\u00f3xico<\/p>\n<\/li>\n<li data-start=\"836\" data-end=\"868\">\n<p data-start=\"838\" data-end=\"868\">Tamanho: N\u00b0 4 \u2013 Adulto M\u00e9dio<\/p>\n<\/li>\n<li data-start=\"869\" data-end=\"921\">\n<p data-start=\"871\" data-end=\"921\">Tipo: M\u00e1scara infl\u00e1vel com v\u00e1lvula unidirecional<\/p>\n<\/li>\n<li data-start=\"922\" data-end=\"990\">\n<p data-start=\"924\" data-end=\"990\">Compatibilidade: Equipamentos de ventila\u00e7\u00e3o mec\u00e2nica e assistida<\/p>\n<\/li>\n<li data-start=\"991\" data-end=\"1032\">\n<p data-start=\"993\" data-end=\"1032\">Uso: Reutiliz\u00e1vel, f\u00e1cil higieniza\u00e7\u00e3o<\/p>\n<\/li>\n<li data-start=\"1033\" data-end=\"1049\">\n<p data-start=\"1035\" data-end=\"1049\">Marca: HAOXI<\/p>\n<\/li>\n<\/ul>\n","protected":false},"excerpt":{"rendered":"Descri\u00e7\u00e3o:A M\u00e1scara Infl\u00e1vel Clear Confort com V\u00e1lvula N\u00b0 4 HAOXI \u00e9 indicada para ventila\u00e7\u00e3o assistida em pacientes adultos&hellip;","protected":false},"featured_media":8466,"comment_status":"open","ping_status":"closed","template":"","meta":{"slim_seo":{"title":"M\u00e1scara Infl\u00e1vel Clear Confort com V\u00e1lvula N\u00b0 4 \u2013 Adulto M\u00e9dio Haoxi - Hospitalaria RS","description":"Descri\u00e7\u00e3o: A M\u00e1scara Infl\u00e1vel Clear Confort com V\u00e1lvula N\u00b0 4 HAOXI \u00e9 indicada para ventila\u00e7\u00e3o assistida em pacientes adultos de porte m\u00e9dio. Fabricada com mater"}},"product_brand":[1065],"product_cat":[38],"product_tag":[1071,1267,1242,1264,1263,1239,1262,1265,1243,1135],"class_list":{"0":"post-8467","1":"product","2":"type-product","3":"status-publish","4":"has-post-thumbnail","6":"product_brand-haoxi","7":"product_cat-oxigenoterapia","8":"product_tag-equipamento-hospitalar","9":"product_tag-mascara-adulto-medio","10":"product_tag-mascara-anatomica","11":"product_tag-mascara-clear-confort","12":"product_tag-mascara-com-valvula","13":"product_tag-mascara-haoxi","14":"product_tag-mascara-inflavel","15":"product_tag-mascara-ventilacao","16":"product_tag-suporte-respiratorio","17":"product_tag-ventilacao-assistida","18":"mbf-entry","20":"first","21":"outofstock","22":"shipping-taxable","23":"purchasable","24":"product-type-simple"},"_links":{"self":[{"href":"https:\/\/hospitalariars.com.br\/index.php\/wp-json\/wp\/v2\/product\/8467","targetHints":{"allow":["GET"]}}],"collection":[{"href":"https:\/\/hospitalariars.com.br\/index.php\/wp-json\/wp\/v2\/product"}],"about":[{"href":"https:\/\/hospitalariars.com.br\/index.php\/wp-json\/wp\/v2\/types\/product"}],"replies":[{"embeddable":true,"href":"https:\/\/hospitalariars.com.br\/index.php\/wp-json\/wp\/v2\/comments?post=8467"}],"wp:featuredmedia":[{"embeddable":true,"href":"https:\/\/hospitalariars.com.br\/index.php\/wp-json\/wp\/v2\/media\/8466"}],"wp:attachment":[{"href":"https:\/\/hospitalariars.com.br\/index.php\/wp-json\/wp\/v2\/media?parent=8467"}],"wp:term":[{"taxonomy":"product_brand","embeddable":true,"href":"https:\/\/hospitalariars.com.br\/index.php\/wp-json\/wp\/v2\/product_brand?post=8467"},{"taxonomy":"product_cat","embeddable":true,"href":"https:\/\/hospitalariars.com.br\/index.php\/wp-json\/wp\/v2\/product_cat?post=8467"},{"taxonomy":"product_tag","embeddable":true,"href":"https:\/\/hospitalariars.com.br\/index.php\/wp-json\/wp\/v2\/product_tag?post=8467"}],"curies":[{"name":"wp","href":"https:\/\/api.w.org\/{rel}","templated":true}]}}