{"id":8473,"date":"2025-07-07T14:38:39","date_gmt":"2025-07-07T17:38:39","guid":{"rendered":"https:\/\/hospitalariars.com.br\/?post_type=product&#038;p=8473"},"modified":"2026-03-27T16:03:31","modified_gmt":"2026-03-27T19:03:31","slug":"mascara-inflavel-clear-confort-n-5-adulto-grande-haoxi","status":"publish","type":"product","link":"https:\/\/hospitalariars.com.br\/index.php\/produto\/mascara-inflavel-clear-confort-n-5-adulto-grande-haoxi\/","title":{"rendered":"M\u00e1scara Infl\u00e1vel Clear Confort N\u00b0 5 \u2013 Adulto Grande Haoxi"},"content":{"rendered":"<p data-start=\"194\" data-end=\"673\"><strong data-start=\"194\" data-end=\"208\">Descri\u00e7\u00e3o:<\/strong><br data-start=\"208\" data-end=\"211\" \/>A M\u00e1scara Infl\u00e1vel Clear Confort N\u00b0 5 HAOXI \u00e9 indicada para ventila\u00e7\u00e3o assistida em pacientes adultos de grande porte. Fabricada com material transparente, macio e at\u00f3xico, proporciona conforto e excelente veda\u00e7\u00e3o facial. A v\u00e1lvula unidirecional integrada garante controle eficiente do fluxo de ar, promovendo seguran\u00e7a durante procedimentos cl\u00ednicos e hospitalares. O modelo N\u00b0 5 \u00e9 dur\u00e1vel, reutiliz\u00e1vel e f\u00e1cil de higienizar, ideal para terapias respirat\u00f3rias.<\/p>\n<p data-start=\"675\" data-end=\"705\"><strong data-start=\"675\" data-end=\"703\">Especifica\u00e7\u00f5es T\u00e9cnicas:<\/strong><\/p>\n<ul data-start=\"706\" data-end=\"970\">\n<li data-start=\"706\" data-end=\"755\">\n<p data-start=\"708\" data-end=\"755\">Material: Silicone e PVC transparente at\u00f3xico<\/p>\n<\/li>\n<li data-start=\"756\" data-end=\"789\">\n<p data-start=\"758\" data-end=\"789\">Tamanho: N\u00b0 5 \u2013 Adulto Grande<\/p>\n<\/li>\n<li data-start=\"790\" data-end=\"842\">\n<p data-start=\"792\" data-end=\"842\">Tipo: M\u00e1scara infl\u00e1vel com v\u00e1lvula unidirecional<\/p>\n<\/li>\n<li data-start=\"843\" data-end=\"911\">\n<p data-start=\"845\" data-end=\"911\">Compatibilidade: Equipamentos de ventila\u00e7\u00e3o mec\u00e2nica e assistida<\/p>\n<\/li>\n<li data-start=\"912\" data-end=\"953\">\n<p data-start=\"914\" data-end=\"953\">Uso: Reutiliz\u00e1vel, f\u00e1cil higieniza\u00e7\u00e3o<\/p>\n<\/li>\n<li data-start=\"954\" data-end=\"970\">\n<p data-start=\"956\" data-end=\"970\">Marca: HAOXI<\/p>\n<\/li>\n<\/ul>\n","protected":false},"excerpt":{"rendered":"Descri\u00e7\u00e3o:A M\u00e1scara Infl\u00e1vel Clear Confort N\u00b0 5 HAOXI \u00e9 indicada para ventila\u00e7\u00e3o assistida em pacientes adultos de grande&hellip;","protected":false},"featured_media":8466,"comment_status":"open","ping_status":"closed","template":"","meta":{"slim_seo":{"title":"M\u00e1scara Infl\u00e1vel Clear Confort N\u00b0 5 \u2013 Adulto Grande Haoxi - Hospitalaria RS","description":"Descri\u00e7\u00e3o: A M\u00e1scara Infl\u00e1vel Clear Confort N\u00b0 5 HAOXI \u00e9 indicada para ventila\u00e7\u00e3o assistida em pacientes adultos de grande porte. Fabricada com material transpa"}},"product_brand":[1065],"product_cat":[38],"product_tag":[1071,1268,1242,1264,1263,1239,1262,1265,1243,1135],"class_list":{"0":"post-8473","1":"product","2":"type-product","3":"status-publish","4":"has-post-thumbnail","6":"product_brand-haoxi","7":"product_cat-oxigenoterapia","8":"product_tag-equipamento-hospitalar","9":"product_tag-mascara-adulto-grande","10":"product_tag-mascara-anatomica","11":"product_tag-mascara-clear-confort","12":"product_tag-mascara-com-valvula","13":"product_tag-mascara-haoxi","14":"product_tag-mascara-inflavel","15":"product_tag-mascara-ventilacao","16":"product_tag-suporte-respiratorio","17":"product_tag-ventilacao-assistida","18":"mbf-entry","20":"first","21":"outofstock","22":"shipping-taxable","23":"purchasable","24":"product-type-simple"},"_links":{"self":[{"href":"https:\/\/hospitalariars.com.br\/index.php\/wp-json\/wp\/v2\/product\/8473","targetHints":{"allow":["GET"]}}],"collection":[{"href":"https:\/\/hospitalariars.com.br\/index.php\/wp-json\/wp\/v2\/product"}],"about":[{"href":"https:\/\/hospitalariars.com.br\/index.php\/wp-json\/wp\/v2\/types\/product"}],"replies":[{"embeddable":true,"href":"https:\/\/hospitalariars.com.br\/index.php\/wp-json\/wp\/v2\/comments?post=8473"}],"wp:featuredmedia":[{"embeddable":true,"href":"https:\/\/hospitalariars.com.br\/index.php\/wp-json\/wp\/v2\/media\/8466"}],"wp:attachment":[{"href":"https:\/\/hospitalariars.com.br\/index.php\/wp-json\/wp\/v2\/media?parent=8473"}],"wp:term":[{"taxonomy":"product_brand","embeddable":true,"href":"https:\/\/hospitalariars.com.br\/index.php\/wp-json\/wp\/v2\/product_brand?post=8473"},{"taxonomy":"product_cat","embeddable":true,"href":"https:\/\/hospitalariars.com.br\/index.php\/wp-json\/wp\/v2\/product_cat?post=8473"},{"taxonomy":"product_tag","embeddable":true,"href":"https:\/\/hospitalariars.com.br\/index.php\/wp-json\/wp\/v2\/product_tag?post=8473"}],"curies":[{"name":"wp","href":"https:\/\/api.w.org\/{rel}","templated":true}]}}