{"id":8474,"date":"2025-07-07T14:40:03","date_gmt":"2025-07-07T17:40:03","guid":{"rendered":"https:\/\/hospitalariars.com.br\/?post_type=product&#038;p=8474"},"modified":"2026-03-27T16:03:31","modified_gmt":"2026-03-27T19:03:31","slug":"sistema-baraka-infantil-com-balao-em-silicone-500-ml-traqueia-e-mascara-em-silicone-n-2-haoxi","status":"publish","type":"product","link":"https:\/\/hospitalariars.com.br\/index.php\/produto\/sistema-baraka-infantil-com-balao-em-silicone-500-ml-traqueia-e-mascara-em-silicone-n-2-haoxi\/","title":{"rendered":"Sistema Baraka Infantil com Bal\u00e3o em Silicone 500 mL, Traqueia e M\u00e1scara em Silicone N\u00b0 2 \u2013 Haoxi"},"content":{"rendered":"<p data-start=\"241\" data-end=\"694\"><strong data-start=\"241\" data-end=\"255\">Descri\u00e7\u00e3o:<\/strong><br data-start=\"255\" data-end=\"258\" \/>O Sistema Baraka Infantil HAOXI \u00e9 indicado para ventila\u00e7\u00e3o manual em pacientes pedi\u00e1tricos. Este conjunto completo inclui bal\u00e3o (reanimador) em silicone com capacidade de 500 mL, traqueia flex\u00edvel e m\u00e1scara facial em silicone tamanho N\u00b0 2, garantindo efic\u00e1cia e seguran\u00e7a na oxigena\u00e7\u00e3o do paciente. Ideal para emerg\u00eancias e uso hospitalar, o sistema oferece alto desempenho, veda\u00e7\u00e3o anat\u00f4mica e reutiliza\u00e7\u00e3o ap\u00f3s correta higieniza\u00e7\u00e3o.<\/p>\n<p data-start=\"696\" data-end=\"726\"><strong data-start=\"696\" data-end=\"724\">Especifica\u00e7\u00f5es T\u00e9cnicas:<\/strong><\/p>\n<ul data-start=\"727\" data-end=\"1040\">\n<li data-start=\"727\" data-end=\"814\">\n<p data-start=\"729\" data-end=\"814\">Composi\u00e7\u00e3o: Bal\u00e3o (reanimador) em silicone, traqueia flex\u00edvel e m\u00e1scara em silicone<\/p>\n<\/li>\n<li data-start=\"815\" data-end=\"846\">\n<p data-start=\"817\" data-end=\"846\">Capacidade do bal\u00e3o: 500 mL<\/p>\n<\/li>\n<li data-start=\"847\" data-end=\"886\">\n<p data-start=\"849\" data-end=\"886\">Tamanho da m\u00e1scara: N\u00b0 2 \u2013 Infantil<\/p>\n<\/li>\n<li data-start=\"887\" data-end=\"930\">\n<p data-start=\"889\" data-end=\"930\">Material: Silicone m\u00e9dico e PVC at\u00f3xico<\/p>\n<\/li>\n<li data-start=\"931\" data-end=\"967\">\n<p data-start=\"933\" data-end=\"967\">Uso: Reutiliz\u00e1vel, esteriliz\u00e1vel<\/p>\n<\/li>\n<li data-start=\"968\" data-end=\"1023\">\n<p data-start=\"970\" data-end=\"1023\">Aplica\u00e7\u00e3o: Ventila\u00e7\u00e3o manual e suporte respirat\u00f3rio<\/p>\n<\/li>\n<li data-start=\"1024\" data-end=\"1040\">\n<p data-start=\"1026\" data-end=\"1040\">Marca: HAOXI<\/p>\n<\/li>\n<\/ul>\n","protected":false},"excerpt":{"rendered":"Descri\u00e7\u00e3o:O Sistema Baraka Infantil HAOXI \u00e9 indicado para ventila\u00e7\u00e3o manual em pacientes pedi\u00e1tricos. Este conjunto completo inclui bal\u00e3o&hellip;","protected":false},"featured_media":8475,"comment_status":"open","ping_status":"closed","template":"","meta":{"slim_seo":{"title":"Sistema Baraka Infantil com Bal\u00e3o em Silicone 500 mL, Traqueia e M\u00e1scara em Silicone N\u00b0 2 \u2013 Haoxi - Hospitalaria RS","description":"Descri\u00e7\u00e3o: O Sistema Baraka Infantil HAOXI \u00e9 indicado para ventila\u00e7\u00e3o manual em pacientes pedi\u00e1tricos. Este conjunto completo inclui bal\u00e3o (reanimador) em silic"}},"product_brand":[1065],"product_cat":[38],"product_tag":[1271,1071,1073,1272,1250,1270,1274,1269,1273,1243],"class_list":{"0":"post-8474","1":"product","2":"type-product","3":"status-publish","4":"has-post-thumbnail","6":"product_brand-haoxi","7":"product_cat-oxigenoterapia","8":"product_tag-balao-em-silicone-500ml","9":"product_tag-equipamento-hospitalar","10":"product_tag-haoxi","11":"product_tag-mascara-em-silicone-n2","12":"product_tag-mascara-infantil","13":"product_tag-reanimador-manual-infantil","14":"product_tag-sistema-baraka-haoxi","15":"product_tag-sistema-baraka-infantil","16":"product_tag-sistema-de-ventilacao-infantil","17":"product_tag-suporte-respiratorio","18":"mbf-entry","20":"first","21":"outofstock","22":"shipping-taxable","23":"purchasable","24":"product-type-simple"},"_links":{"self":[{"href":"https:\/\/hospitalariars.com.br\/index.php\/wp-json\/wp\/v2\/product\/8474","targetHints":{"allow":["GET"]}}],"collection":[{"href":"https:\/\/hospitalariars.com.br\/index.php\/wp-json\/wp\/v2\/product"}],"about":[{"href":"https:\/\/hospitalariars.com.br\/index.php\/wp-json\/wp\/v2\/types\/product"}],"replies":[{"embeddable":true,"href":"https:\/\/hospitalariars.com.br\/index.php\/wp-json\/wp\/v2\/comments?post=8474"}],"wp:featuredmedia":[{"embeddable":true,"href":"https:\/\/hospitalariars.com.br\/index.php\/wp-json\/wp\/v2\/media\/8475"}],"wp:attachment":[{"href":"https:\/\/hospitalariars.com.br\/index.php\/wp-json\/wp\/v2\/media?parent=8474"}],"wp:term":[{"taxonomy":"product_brand","embeddable":true,"href":"https:\/\/hospitalariars.com.br\/index.php\/wp-json\/wp\/v2\/product_brand?post=8474"},{"taxonomy":"product_cat","embeddable":true,"href":"https:\/\/hospitalariars.com.br\/index.php\/wp-json\/wp\/v2\/product_cat?post=8474"},{"taxonomy":"product_tag","embeddable":true,"href":"https:\/\/hospitalariars.com.br\/index.php\/wp-json\/wp\/v2\/product_tag?post=8474"}],"curies":[{"name":"wp","href":"https:\/\/api.w.org\/{rel}","templated":true}]}}