{"id":8477,"date":"2025-07-07T14:42:44","date_gmt":"2025-07-07T17:42:44","guid":{"rendered":"https:\/\/hospitalariars.com.br\/?post_type=product&#038;p=8477"},"modified":"2026-03-27T16:03:30","modified_gmt":"2026-03-27T19:03:30","slug":"mascara-de-venturi-adulto-haoxi","status":"publish","type":"product","link":"https:\/\/hospitalariars.com.br\/index.php\/produto\/mascara-de-venturi-adulto-haoxi\/","title":{"rendered":"M\u00e1scara de Venturi \u2013 Adulto Haoxi"},"content":{"rendered":"<p data-start=\"159\" data-end=\"651\"><strong data-start=\"159\" data-end=\"173\">Descri\u00e7\u00e3o:<\/strong><br data-start=\"173\" data-end=\"176\" \/>A M\u00e1scara de Venturi HAOXI \u2013 Adulto \u00e9 indicada para oxigenoterapia controlada, permitindo a administra\u00e7\u00e3o precisa de concentra\u00e7\u00f5es de oxig\u00eanio. Ideal para pacientes que necessitam de controle rigoroso da FiO\u2082 (fra\u00e7\u00e3o inspirada de oxig\u00eanio), o kit acompanha conectores coloridos com diferentes porcentagens de fluxo, seguindo padr\u00e3o internacional. Fabricada em material macio e anat\u00f4mico, proporciona conforto, seguran\u00e7a e excelente veda\u00e7\u00e3o durante o uso cl\u00ednico e hospitalar.<\/p>\n<p data-start=\"653\" data-end=\"683\"><strong data-start=\"653\" data-end=\"681\">Especifica\u00e7\u00f5es T\u00e9cnicas:<\/strong><\/p>\n<ul data-start=\"684\" data-end=\"1041\">\n<li data-start=\"684\" data-end=\"717\">\n<p data-start=\"686\" data-end=\"717\">Material: PVC macio e at\u00f3xico<\/p>\n<\/li>\n<li data-start=\"718\" data-end=\"737\">\n<p data-start=\"720\" data-end=\"737\">Tamanho: Adulto<\/p>\n<\/li>\n<li data-start=\"738\" data-end=\"807\">\n<p data-start=\"740\" data-end=\"807\">Tipo: M\u00e1scara de Venturi com controle de concentra\u00e7\u00e3o de oxig\u00eanio<\/p>\n<\/li>\n<li data-start=\"808\" data-end=\"897\">\n<p data-start=\"810\" data-end=\"897\">Inclusos: Conectores coloridos para ajuste de FiO\u2082 (ex: 24%, 28%, 31%, 35%, 40%, 50%)<\/p>\n<\/li>\n<li data-start=\"898\" data-end=\"971\">\n<p data-start=\"900\" data-end=\"971\">Compatibilidade: Equipamentos de oxigenoterapia com fonte de oxig\u00eanio<\/p>\n<\/li>\n<li data-start=\"972\" data-end=\"1024\">\n<p data-start=\"974\" data-end=\"1024\">Uso: Reutiliz\u00e1vel mediante higieniza\u00e7\u00e3o adequada<\/p>\n<\/li>\n<li data-start=\"1025\" data-end=\"1041\">\n<p data-start=\"1027\" data-end=\"1041\">Marca: HAOXI<\/p>\n<\/li>\n<\/ul>\n","protected":false},"excerpt":{"rendered":"Descri\u00e7\u00e3o:A M\u00e1scara de Venturi HAOXI \u2013 Adulto \u00e9 indicada para oxigenoterapia controlada, permitindo a administra\u00e7\u00e3o precisa de concentra\u00e7\u00f5es&hellip;","protected":false},"featured_media":8478,"comment_status":"open","ping_status":"closed","template":"","meta":{"slim_seo":{"title":"M\u00e1scara de Venturi \u2013 Adulto Haoxi - Hospitalaria RS","description":"Descri\u00e7\u00e3o: A M\u00e1scara de Venturi HAOXI \u2013 Adulto \u00e9 indicada para oxigenoterapia controlada, permitindo a administra\u00e7\u00e3o precisa de concentra\u00e7\u00f5es de oxig\u00eanio. Ideal"}},"product_brand":[1065],"product_cat":[38],"product_tag":[1012,1278,1279,1280,1239,1253,1277,1276,1069,1243],"class_list":{"0":"post-8477","1":"product","2":"type-product","3":"status-publish","4":"has-post-thumbnail","6":"product_brand-haoxi","7":"product_cat-oxigenoterapia","8":"product_tag-equipamento-medico","9":"product_tag-mascara-com-conectores","10":"product_tag-mascara-de-concentracao-fixa","11":"product_tag-mascara-de-oxigenio-adulto","12":"product_tag-mascara-haoxi","13":"product_tag-mascara-hospitalar","14":"product_tag-mascara-oxigenio-controlado","15":"product_tag-mascara-venturi-adulto","16":"product_tag-oxigenoterapia","17":"product_tag-suporte-respiratorio","18":"mbf-entry","20":"first","21":"outofstock","22":"shipping-taxable","23":"purchasable","24":"product-type-simple"},"_links":{"self":[{"href":"https:\/\/hospitalariars.com.br\/index.php\/wp-json\/wp\/v2\/product\/8477","targetHints":{"allow":["GET"]}}],"collection":[{"href":"https:\/\/hospitalariars.com.br\/index.php\/wp-json\/wp\/v2\/product"}],"about":[{"href":"https:\/\/hospitalariars.com.br\/index.php\/wp-json\/wp\/v2\/types\/product"}],"replies":[{"embeddable":true,"href":"https:\/\/hospitalariars.com.br\/index.php\/wp-json\/wp\/v2\/comments?post=8477"}],"wp:featuredmedia":[{"embeddable":true,"href":"https:\/\/hospitalariars.com.br\/index.php\/wp-json\/wp\/v2\/media\/8478"}],"wp:attachment":[{"href":"https:\/\/hospitalariars.com.br\/index.php\/wp-json\/wp\/v2\/media?parent=8477"}],"wp:term":[{"taxonomy":"product_brand","embeddable":true,"href":"https:\/\/hospitalariars.com.br\/index.php\/wp-json\/wp\/v2\/product_brand?post=8477"},{"taxonomy":"product_cat","embeddable":true,"href":"https:\/\/hospitalariars.com.br\/index.php\/wp-json\/wp\/v2\/product_cat?post=8477"},{"taxonomy":"product_tag","embeddable":true,"href":"https:\/\/hospitalariars.com.br\/index.php\/wp-json\/wp\/v2\/product_tag?post=8477"}],"curies":[{"name":"wp","href":"https:\/\/api.w.org\/{rel}","templated":true}]}}