{"id":8481,"date":"2025-07-07T14:45:08","date_gmt":"2025-07-07T17:45:08","guid":{"rendered":"https:\/\/hospitalariars.com.br\/?post_type=product&#038;p=8481"},"modified":"2026-03-27T16:03:30","modified_gmt":"2026-03-27T19:03:30","slug":"conjunto-macronebulizador-500-ml-com-traqueia-em-pvc-1200-mm-e-mascara-adulto-haoxi","status":"publish","type":"product","link":"https:\/\/hospitalariars.com.br\/index.php\/produto\/conjunto-macronebulizador-500-ml-com-traqueia-em-pvc-1200-mm-e-mascara-adulto-haoxi\/","title":{"rendered":"Conjunto Macronebulizador 500\u202fmL com Traqueia em PVC 1200\u202fmm e M\u00e1scara Adulto \u2013 Haoxi"},"content":{"rendered":"<p data-start=\"245\" data-end=\"683\"><strong data-start=\"245\" data-end=\"259\">Descri\u00e7\u00e3o:<\/strong><br data-start=\"259\" data-end=\"262\" \/>O Conjunto Macronebulizador HAOXI \u00e9 indicado para terapia inalat\u00f3ria em pacientes adultos, promovendo a administra\u00e7\u00e3o eficiente de medicamentos via oxig\u00eanio ou ar comprimido. Composto por frasco macronebulizador com capacidade de 500\u202fmL, traqueia flex\u00edvel em PVC de 1200\u202fmm e m\u00e1scara facial adulto, o kit oferece montagem pr\u00e1tica, fluxo uniforme e excelente veda\u00e7\u00e3o. Ideal para uso hospitalar, ambulatorial ou domiciliar.<\/p>\n<p data-start=\"685\" data-end=\"715\"><strong data-start=\"685\" data-end=\"713\">Especifica\u00e7\u00f5es T\u00e9cnicas:<\/strong><\/p>\n<ul data-start=\"716\" data-end=\"1033\">\n<li data-start=\"716\" data-end=\"865\">\n<p data-start=\"718\" data-end=\"731\">Composi\u00e7\u00e3o:<\/p>\n<ul data-start=\"734\" data-end=\"865\">\n<li data-start=\"734\" data-end=\"771\">\n<p data-start=\"736\" data-end=\"771\">Frasco macronebulizador de 500\u202fmL<\/p>\n<\/li>\n<li data-start=\"774\" data-end=\"829\">\n<p data-start=\"776\" data-end=\"829\">Traqueia em PVC flex\u00edvel com 1200\u202fmm de comprimento<\/p>\n<\/li>\n<li data-start=\"832\" data-end=\"865\">\n<p data-start=\"834\" data-end=\"865\">M\u00e1scara facial tamanho adulto<\/p>\n<\/li>\n<\/ul>\n<\/li>\n<li data-start=\"866\" data-end=\"906\">\n<p data-start=\"868\" data-end=\"906\">Material: PVC at\u00f3xico e transparente<\/p>\n<\/li>\n<li data-start=\"907\" data-end=\"963\">\n<p data-start=\"909\" data-end=\"963\">Aplica\u00e7\u00e3o: Nebuliza\u00e7\u00e3o com oxig\u00eanio ou ar comprimido<\/p>\n<\/li>\n<li data-start=\"964\" data-end=\"1016\">\n<p data-start=\"966\" data-end=\"1016\">Uso: Reutiliz\u00e1vel mediante higieniza\u00e7\u00e3o adequada<\/p>\n<\/li>\n<li data-start=\"1017\" data-end=\"1033\">\n<p data-start=\"1019\" data-end=\"1033\">Marca: HAOXI<\/p>\n<\/li>\n<\/ul>\n","protected":false},"excerpt":{"rendered":"Descri\u00e7\u00e3o:O Conjunto Macronebulizador HAOXI \u00e9 indicado para terapia inalat\u00f3ria em pacientes adultos, promovendo a administra\u00e7\u00e3o eficiente de medicamentos&hellip;","protected":false},"featured_media":8482,"comment_status":"open","ping_status":"closed","template":"","meta":{"slim_seo":{"title":"Conjunto Macronebulizador 500\u202fmL com Traqueia em PVC 1200\u202fmm e M\u00e1scara Adulto \u2013 Haoxi - Hospitalaria RS","description":"Descri\u00e7\u00e3o: O Conjunto Macronebulizador HAOXI \u00e9 indicado para terapia inalat\u00f3ria em pacientes adultos, promovendo a administra\u00e7\u00e3o eficiente de medicamentos via o"}},"product_brand":[1065],"product_cat":[38],"product_tag":[1284,1012,1286,1283,1076,1239,1287,1243,1288,1285],"class_list":{"0":"post-8481","1":"product","2":"type-product","3":"status-publish","4":"has-post-thumbnail","6":"product_brand-haoxi","7":"product_cat-oxigenoterapia","8":"product_tag-conjunto-de-nebulizacao","9":"product_tag-equipamento-medico","10":"product_tag-kit-nebulizacao-hospitalar","11":"product_tag-macronebulizador-500ml","12":"product_tag-mascara-adulto","13":"product_tag-mascara-haoxi","14":"product_tag-nebulizador-haoxi","15":"product_tag-suporte-respiratorio","16":"product_tag-terapia-inalatoria","17":"product_tag-traqueia-1200mm","18":"mbf-entry","20":"first","21":"outofstock","22":"shipping-taxable","23":"purchasable","24":"product-type-simple"},"_links":{"self":[{"href":"https:\/\/hospitalariars.com.br\/index.php\/wp-json\/wp\/v2\/product\/8481","targetHints":{"allow":["GET"]}}],"collection":[{"href":"https:\/\/hospitalariars.com.br\/index.php\/wp-json\/wp\/v2\/product"}],"about":[{"href":"https:\/\/hospitalariars.com.br\/index.php\/wp-json\/wp\/v2\/types\/product"}],"replies":[{"embeddable":true,"href":"https:\/\/hospitalariars.com.br\/index.php\/wp-json\/wp\/v2\/comments?post=8481"}],"wp:featuredmedia":[{"embeddable":true,"href":"https:\/\/hospitalariars.com.br\/index.php\/wp-json\/wp\/v2\/media\/8482"}],"wp:attachment":[{"href":"https:\/\/hospitalariars.com.br\/index.php\/wp-json\/wp\/v2\/media?parent=8481"}],"wp:term":[{"taxonomy":"product_brand","embeddable":true,"href":"https:\/\/hospitalariars.com.br\/index.php\/wp-json\/wp\/v2\/product_brand?post=8481"},{"taxonomy":"product_cat","embeddable":true,"href":"https:\/\/hospitalariars.com.br\/index.php\/wp-json\/wp\/v2\/product_cat?post=8481"},{"taxonomy":"product_tag","embeddable":true,"href":"https:\/\/hospitalariars.com.br\/index.php\/wp-json\/wp\/v2\/product_tag?post=8481"}],"curies":[{"name":"wp","href":"https:\/\/api.w.org\/{rel}","templated":true}]}}