{"id":8483,"date":"2025-07-07T14:48:23","date_gmt":"2025-07-07T17:48:23","guid":{"rendered":"https:\/\/hospitalariars.com.br\/?post_type=product&#038;p=8483"},"modified":"2026-03-27T16:03:30","modified_gmt":"2026-03-27T19:03:30","slug":"conjunto-macronebulizador-de-500-ml-para-ar-comprimido-com-traqueia-em-pvc-1200-mm-e-mascara-adulto-haoxi","status":"publish","type":"product","link":"https:\/\/hospitalariars.com.br\/index.php\/produto\/conjunto-macronebulizador-de-500-ml-para-ar-comprimido-com-traqueia-em-pvc-1200-mm-e-mascara-adulto-haoxi\/","title":{"rendered":"Conjunto Macronebulizador de 500\u202fmL para Ar Comprimido com Traqueia em PVC 1200\u202fmm e M\u00e1scara Adulto \u2013 Haoxi"},"content":{"rendered":"<div class=\"flex basis-auto flex-col -mb-(--composer-overlap-px) [--composer-overlap-px:55px] grow overflow-hidden\">\n<div class=\"relative h-full\">\n<div class=\"flex h-full flex-col overflow-y-auto [scrollbar-gutter:stable_both-edges] @[84rem]\/thread:pt-(--header-height)\">\n<div class=\"@thread-xl\/thread:pt-header-height flex flex-col text-sm pb-25\">\n<article class=\"text-token-text-primary w-full\" dir=\"auto\" data-testid=\"conversation-turn-54\" data-scroll-anchor=\"true\">\n<div class=\"text-base my-auto mx-auto py-5 [--thread-content-margin:--spacing(4)] @[37rem]:[--thread-content-margin:--spacing(6)] @[72rem]:[--thread-content-margin:--spacing(16)] px-(--thread-content-margin)\">\n<div class=\"[--thread-content-max-width:32rem] @[34rem]:[--thread-content-max-width:40rem] @[64rem]:[--thread-content-max-width:48rem] mx-auto flex max-w-(--thread-content-max-width) flex-1 text-base gap-4 md:gap-5 lg:gap-6 group\/turn-messages focus-visible:outline-hidden\" tabindex=\"-1\">\n<div class=\"group\/conversation-turn relative flex w-full min-w-0 flex-col agent-turn\">\n<div class=\"relative flex-col gap-1 md:gap-3\">\n<div class=\"flex max-w-full flex-col grow\">\n<div class=\"min-h-8 text-message relative flex w-full flex-col items-end gap-2 text-start break-words whitespace-normal [.text-message+&amp;]:mt-5\" dir=\"auto\" data-message-author-role=\"assistant\" data-message-id=\"03be9090-30e4-46eb-87e6-6c0034671f39\" data-message-model-slug=\"gpt-4o\">\n<div class=\"flex w-full flex-col gap-1 empty:hidden first:pt-[3px]\">\n<div class=\"markdown prose dark:prose-invert w-full break-words light\">\n<p data-start=\"280\" data-end=\"765\"><strong data-start=\"280\" data-end=\"294\">Descri\u00e7\u00e3o:<\/strong><br data-start=\"294\" data-end=\"297\" \/>O Conjunto Macronebulizador de 500\u202fmL para Ar Comprimido HAOXI \u00e9 indicado para terapias inalat\u00f3rias em pacientes adultos. Ideal para uso em ambientes hospitalares, ambulatoriais ou domiciliares, o conjunto \u00e9 composto por frasco macronebulizador com capacidade de 500\u202fmL, traqueia em PVC com 1200\u202fmm de comprimento e m\u00e1scara facial adulto. Proporciona fluxo eficiente de ar comprimido com distribui\u00e7\u00e3o uniforme da medica\u00e7\u00e3o, oferecendo conforto e seguran\u00e7a ao paciente.<\/p>\n<p data-start=\"767\" data-end=\"797\"><strong data-start=\"767\" data-end=\"795\">Especifica\u00e7\u00f5es T\u00e9cnicas:<\/strong><\/p>\n<ul data-start=\"798\" data-end=\"1086\">\n<li data-start=\"798\" data-end=\"923\">\n<p data-start=\"800\" data-end=\"813\">Composi\u00e7\u00e3o:<\/p>\n<ul data-start=\"816\" data-end=\"923\">\n<li data-start=\"816\" data-end=\"853\">\n<p data-start=\"818\" data-end=\"853\">Frasco macronebulizador de 500\u202fmL<\/p>\n<\/li>\n<li data-start=\"856\" data-end=\"895\">\n<p data-start=\"858\" data-end=\"895\">Traqueia em PVC flex\u00edvel de 1200\u202fmm<\/p>\n<\/li>\n<li data-start=\"898\" data-end=\"923\">\n<p data-start=\"900\" data-end=\"923\">M\u00e1scara facial adulto<\/p>\n<\/li>\n<\/ul>\n<\/li>\n<li data-start=\"924\" data-end=\"975\">\n<p data-start=\"926\" data-end=\"975\">Indica\u00e7\u00e3o: Terapia inalat\u00f3ria com ar comprimido<\/p>\n<\/li>\n<li data-start=\"976\" data-end=\"1016\">\n<p data-start=\"978\" data-end=\"1016\">Material: PVC at\u00f3xico e transparente<\/p>\n<\/li>\n<li data-start=\"1017\" data-end=\"1069\">\n<p data-start=\"1019\" data-end=\"1069\">Uso: Reutiliz\u00e1vel mediante higieniza\u00e7\u00e3o adequada<\/p>\n<\/li>\n<li data-start=\"1070\" data-end=\"1086\">\n<p data-start=\"1072\" data-end=\"1086\">Marca: HAOXI<\/p>\n<\/li>\n<\/ul>\n<\/div>\n<\/div>\n<\/div>\n<\/div>\n<\/div>\n<\/div>\n<\/div>\n<\/div>\n<\/article>\n<div class=\"pointer-events-none h-px w-px\" aria-hidden=\"true\" data-edge=\"true\"><\/div>\n<div><\/div>\n<div><\/div>\n<\/div>\n<\/div>\n<\/div>\n<\/div>\n<div id=\"thread-bottom-container\" class=\"content-fade relative isolate z-10 w-full basis-auto has-data-has-thread-error:pt-2 has-data-has-thread-error:[box-shadow:var(--sharp-edge-bottom-shadow)] md:border-transparent md:pt-0 dark:border-white\/20 md:dark:border-transparent flex flex-col\">\n<div id=\"thread-bottom\">\n<div class=\"text-base mx-auto [--thread-content-margin:--spacing(4)] @[37rem]:[--thread-content-margin:--spacing(6)] @[72rem]:[--thread-content-margin:--spacing(16)] px-(--thread-content-margin)\">\n<div class=\"[--thread-content-max-width:32rem] @[34rem]:[--thread-content-max-width:40rem] @[64rem]:[--thread-content-max-width:48rem] mx-auto flex max-w-(--thread-content-max-width) flex-1 text-base gap-4 md:gap-5 lg:gap-6\">\n<div class=\"flex justify-center empty:hidden\"><\/div>\n<div class=\"max-xs:[--force-hide-label:none] relative z-1 flex h-full max-w-full flex-1 flex-col\" role=\"button\" aria-haspopup=\"dialog\" aria-expanded=\"false\" aria-controls=\"radix-\u00abrim\u00bb\" data-state=\"closed\">\n<div class=\"absolute start-0 end-0 bottom-full z-20\"><\/div>\n<form class=\"w-full [view-transition-name:var(--vt-composer)]\" role=\"region\" aria-label=\"Editor de mensagens\" data-type=\"unified-composer\">\n<div class=\"bg-token-bg-primary flex w-full cursor-text flex-col items-center justify-center overflow-clip bg-clip-padding contain-inline-size dark:bg-[#303030] shadow-short rounded-[28px]\">\n<div class=\"relative flex w-full items-end px-2.5 py-2.5\">\n<div class=\"relative flex w-full flex-auto flex-col\">\n<div class=\"relative mx-2.5 grid grid-cols-[auto_minmax(0,1fr)]\">\n<div class=\"items-top flex justify-center\">\n<div><\/div>\n<\/div>\n<\/div>\n<\/div>\n<\/div>\n<\/div>\n<\/form>\n<\/div>\n<\/div>\n<\/div>\n<\/div>\n<\/div>\n","protected":false},"excerpt":{"rendered":"Descri\u00e7\u00e3o:O Conjunto Macronebulizador de 500\u202fmL para Ar Comprimido HAOXI \u00e9 indicado para terapias inalat\u00f3rias em pacientes adultos. Ideal&hellip;","protected":false},"featured_media":8484,"comment_status":"open","ping_status":"closed","template":"","meta":{"slim_seo":{"title":"Conjunto Macronebulizador de 500\u202fmL para Ar Comprimido com Traqueia em PVC 1200\u202fmm e M\u00e1scara Adulto \u2013 Haoxi - Hospitalaria RS","description":"Descri\u00e7\u00e3o: O Conjunto Macronebulizador de 500\u202fmL para Ar Comprimido HAOXI \u00e9 indicado para terapias inalat\u00f3rias em pacientes adultos. Ideal para uso em ambientes"}},"product_brand":[1065],"product_cat":[38],"product_tag":[1290,1292,1073,1293,1283,1076,1289,1291,1243,1285],"class_list":{"0":"post-8483","1":"product","2":"type-product","3":"status-publish","4":"has-post-thumbnail","6":"product_brand-haoxi","7":"product_cat-oxigenoterapia","8":"product_tag-conjunto-nebulizador-adulto","9":"product_tag-equipamento-inalatoria","10":"product_tag-haoxi","11":"product_tag-kit-nebulizacao","12":"product_tag-macronebulizador-500ml","13":"product_tag-mascara-adulto","14":"product_tag-nebulizacao-ar-comprimido","15":"product_tag-nebulizador-hospitalar","16":"product_tag-suporte-respiratorio","17":"product_tag-traqueia-1200mm","18":"mbf-entry","20":"first","21":"outofstock","22":"shipping-taxable","23":"purchasable","24":"product-type-simple"},"_links":{"self":[{"href":"https:\/\/hospitalariars.com.br\/index.php\/wp-json\/wp\/v2\/product\/8483","targetHints":{"allow":["GET"]}}],"collection":[{"href":"https:\/\/hospitalariars.com.br\/index.php\/wp-json\/wp\/v2\/product"}],"about":[{"href":"https:\/\/hospitalariars.com.br\/index.php\/wp-json\/wp\/v2\/types\/product"}],"replies":[{"embeddable":true,"href":"https:\/\/hospitalariars.com.br\/index.php\/wp-json\/wp\/v2\/comments?post=8483"}],"wp:featuredmedia":[{"embeddable":true,"href":"https:\/\/hospitalariars.com.br\/index.php\/wp-json\/wp\/v2\/media\/8484"}],"wp:attachment":[{"href":"https:\/\/hospitalariars.com.br\/index.php\/wp-json\/wp\/v2\/media?parent=8483"}],"wp:term":[{"taxonomy":"product_brand","embeddable":true,"href":"https:\/\/hospitalariars.com.br\/index.php\/wp-json\/wp\/v2\/product_brand?post=8483"},{"taxonomy":"product_cat","embeddable":true,"href":"https:\/\/hospitalariars.com.br\/index.php\/wp-json\/wp\/v2\/product_cat?post=8483"},{"taxonomy":"product_tag","embeddable":true,"href":"https:\/\/hospitalariars.com.br\/index.php\/wp-json\/wp\/v2\/product_tag?post=8483"}],"curies":[{"name":"wp","href":"https:\/\/api.w.org\/{rel}","templated":true}]}}