{"id":8485,"date":"2025-07-07T14:54:27","date_gmt":"2025-07-07T17:54:27","guid":{"rendered":"https:\/\/hospitalariars.com.br\/?post_type=product&#038;p=8485"},"modified":"2026-03-27T16:03:30","modified_gmt":"2026-03-27T19:03:30","slug":"vacuometro-com-frasco-plastico-500-ml-haoxi","status":"publish","type":"product","link":"https:\/\/hospitalariars.com.br\/index.php\/produto\/vacuometro-com-frasco-plastico-500-ml-haoxi\/","title":{"rendered":"Vacu\u00f4metro com Frasco Pl\u00e1stico 500\u202fmL \u2013 Haoxi"},"content":{"rendered":"<p data-start=\"213\" data-end=\"697\"><strong data-start=\"213\" data-end=\"227\">Descri\u00e7\u00e3o:<\/strong><br data-start=\"227\" data-end=\"230\" \/>O Vacu\u00f4metro com Frasco Pl\u00e1stico 500\u202fml HAOXI \u00e9 indicado para controle e monitoramento de press\u00e3o negativa em sistemas de aspira\u00e7\u00e3o a v\u00e1cuo, utilizado em hospitais, cl\u00ednicas e centros cir\u00fargicos. Equipado com man\u00f4metro de f\u00e1cil leitura e frasco coletor em pl\u00e1stico resistente com capacidade para 500\u202fmL, o equipamento garante seguran\u00e7a e precis\u00e3o durante procedimentos de drenagem e aspira\u00e7\u00e3o. Ideal para uso em aspira\u00e7\u00e3o traqueal e procedimentos cir\u00fargicos diversos.<\/p>\n<p data-start=\"699\" data-end=\"729\"><strong data-start=\"699\" data-end=\"727\">Especifica\u00e7\u00f5es T\u00e9cnicas:<\/strong><\/p>\n<ul data-start=\"730\" data-end=\"1058\">\n<li data-start=\"730\" data-end=\"762\">\n<p data-start=\"732\" data-end=\"762\">Capacidade do frasco: 500\u202fmL<\/p>\n<\/li>\n<li data-start=\"763\" data-end=\"817\">\n<p data-start=\"765\" data-end=\"817\">Material do frasco: Pl\u00e1stico r\u00edgido e transparente<\/p>\n<\/li>\n<li data-start=\"818\" data-end=\"871\">\n<p data-start=\"820\" data-end=\"871\">Tipo: Vacu\u00f4metro anal\u00f3gico para aspira\u00e7\u00e3o a v\u00e1cuo<\/p>\n<\/li>\n<li data-start=\"872\" data-end=\"940\">\n<p data-start=\"874\" data-end=\"940\">Indica\u00e7\u00e3o: Controle de press\u00e3o negativa em procedimentos m\u00e9dicos<\/p>\n<\/li>\n<li data-start=\"941\" data-end=\"997\">\n<p data-start=\"943\" data-end=\"997\">Aplica\u00e7\u00f5es: Aspira\u00e7\u00e3o traqueal, drenagens, cirurgias<\/p>\n<\/li>\n<li data-start=\"998\" data-end=\"1041\">\n<p data-start=\"1000\" data-end=\"1041\">Uso: Reutiliz\u00e1vel mediante higieniza\u00e7\u00e3o<\/p>\n<\/li>\n<li data-start=\"1042\" data-end=\"1058\">\n<p data-start=\"1044\" data-end=\"1058\">Marca: HAOXI<\/p>\n<\/li>\n<\/ul>\n","protected":false},"excerpt":{"rendered":"Descri\u00e7\u00e3o:O Vacu\u00f4metro com Frasco Pl\u00e1stico 500\u202fml HAOXI \u00e9 indicado para controle e monitoramento de press\u00e3o negativa em sistemas&hellip;","protected":false},"featured_media":8486,"comment_status":"open","ping_status":"closed","template":"","meta":{"slim_seo":{"title":"Vacu\u00f4metro com Frasco Pl\u00e1stico 500\u202fmL \u2013 Haoxi - Hospitalaria RS","description":"Descri\u00e7\u00e3o: O Vacu\u00f4metro com Frasco Pl\u00e1stico 500\u202fml HAOXI \u00e9 indicado para controle e monitoramento de press\u00e3o negativa em sistemas de aspira\u00e7\u00e3o a v\u00e1cuo, utilizad"}},"product_brand":[1065],"product_cat":[38],"product_tag":[1297,1298,1299,1301,1071,1296,1300,1295,1302,1294],"class_list":{"0":"post-8485","1":"product","2":"type-product","3":"status-publish","4":"has-post-thumbnail","6":"product_brand-haoxi","7":"product_cat-oxigenoterapia","8":"product_tag-aspiracao-cirurgica","9":"product_tag-aspiracao-traqueal","10":"product_tag-controle-de-vacuo","11":"product_tag-drenagem-medica","12":"product_tag-equipamento-hospitalar","13":"product_tag-frasco-plastico-500ml","14":"product_tag-sistema-de-aspiracao","15":"product_tag-vacuometro-com-frasco","16":"product_tag-vacuometro-haoxi","17":"product_tag-vacuometro-hospitalar","18":"mbf-entry","20":"first","21":"outofstock","22":"shipping-taxable","23":"purchasable","24":"product-type-simple"},"_links":{"self":[{"href":"https:\/\/hospitalariars.com.br\/index.php\/wp-json\/wp\/v2\/product\/8485","targetHints":{"allow":["GET"]}}],"collection":[{"href":"https:\/\/hospitalariars.com.br\/index.php\/wp-json\/wp\/v2\/product"}],"about":[{"href":"https:\/\/hospitalariars.com.br\/index.php\/wp-json\/wp\/v2\/types\/product"}],"replies":[{"embeddable":true,"href":"https:\/\/hospitalariars.com.br\/index.php\/wp-json\/wp\/v2\/comments?post=8485"}],"wp:featuredmedia":[{"embeddable":true,"href":"https:\/\/hospitalariars.com.br\/index.php\/wp-json\/wp\/v2\/media\/8486"}],"wp:attachment":[{"href":"https:\/\/hospitalariars.com.br\/index.php\/wp-json\/wp\/v2\/media?parent=8485"}],"wp:term":[{"taxonomy":"product_brand","embeddable":true,"href":"https:\/\/hospitalariars.com.br\/index.php\/wp-json\/wp\/v2\/product_brand?post=8485"},{"taxonomy":"product_cat","embeddable":true,"href":"https:\/\/hospitalariars.com.br\/index.php\/wp-json\/wp\/v2\/product_cat?post=8485"},{"taxonomy":"product_tag","embeddable":true,"href":"https:\/\/hospitalariars.com.br\/index.php\/wp-json\/wp\/v2\/product_tag?post=8485"}],"curies":[{"name":"wp","href":"https:\/\/api.w.org\/{rel}","templated":true}]}}