{"id":8487,"date":"2025-07-07T15:21:00","date_gmt":"2025-07-07T18:21:00","guid":{"rendered":"https:\/\/hospitalariars.com.br\/?post_type=product&#038;p=8487"},"modified":"2026-03-27T16:03:30","modified_gmt":"2026-03-27T19:03:30","slug":"vacuometro-com-frasco-de-vidro-500-ml-haoxi","status":"publish","type":"product","link":"https:\/\/hospitalariars.com.br\/index.php\/produto\/vacuometro-com-frasco-de-vidro-500-ml-haoxi\/","title":{"rendered":"Vacu\u00f4metro com Frasco de Vidro 500\u202fmL \u2013 Haoxi"},"content":{"rendered":"<p data-start=\"180\" data-end=\"659\"><strong data-start=\"180\" data-end=\"194\">Descri\u00e7\u00e3o:<\/strong><br data-start=\"194\" data-end=\"197\" \/>O Vacu\u00f4metro com Frasco de Vidro 500\u202fmL HAOXI \u00e9 utilizado para controle e monitoramento de press\u00e3o negativa em sistemas de aspira\u00e7\u00e3o a v\u00e1cuo, sendo essencial em procedimentos cir\u00fargicos, de drenagem e aspira\u00e7\u00e3o traqueal. Equipado com man\u00f4metro de alta precis\u00e3o e frasco coletor em vidro resistente, garante seguran\u00e7a, durabilidade e visualiza\u00e7\u00e3o clara dos res\u00edduos aspirados. Indicado para uso hospitalar e cl\u00ednico, oferece excelente desempenho e confiabilidade.<\/p>\n<p data-start=\"661\" data-end=\"691\"><strong data-start=\"661\" data-end=\"689\">Especifica\u00e7\u00f5es T\u00e9cnicas:<\/strong><\/p>\n<ul data-start=\"692\" data-end=\"1031\">\n<li data-start=\"692\" data-end=\"724\">\n<p data-start=\"694\" data-end=\"724\">Capacidade do frasco: 500\u202fmL<\/p>\n<\/li>\n<li data-start=\"725\" data-end=\"787\">\n<p data-start=\"727\" data-end=\"787\">Material do frasco: Vidro transparente de alta resist\u00eancia<\/p>\n<\/li>\n<li data-start=\"788\" data-end=\"841\">\n<p data-start=\"790\" data-end=\"841\">Tipo: Vacu\u00f4metro anal\u00f3gico para aspira\u00e7\u00e3o a v\u00e1cuo<\/p>\n<\/li>\n<li data-start=\"842\" data-end=\"910\">\n<p data-start=\"844\" data-end=\"910\">Indica\u00e7\u00e3o: Controle de press\u00e3o negativa em procedimentos m\u00e9dicos<\/p>\n<\/li>\n<li data-start=\"911\" data-end=\"976\">\n<p data-start=\"913\" data-end=\"976\">Aplica\u00e7\u00f5es: Aspira\u00e7\u00e3o cir\u00fargica, drenagem, aspira\u00e7\u00e3o traqueal<\/p>\n<\/li>\n<li data-start=\"977\" data-end=\"1014\">\n<p data-start=\"979\" data-end=\"1014\">Uso: Reutiliz\u00e1vel e esteriliz\u00e1vel<\/p>\n<\/li>\n<li data-start=\"1015\" data-end=\"1031\">\n<p data-start=\"1017\" data-end=\"1031\">Marca: HAOXI<\/p>\n<\/li>\n<\/ul>\n","protected":false},"excerpt":{"rendered":"Descri\u00e7\u00e3o:O Vacu\u00f4metro com Frasco de Vidro 500\u202fmL HAOXI \u00e9 utilizado para controle e monitoramento de press\u00e3o negativa em&hellip;","protected":false},"featured_media":8488,"comment_status":"open","ping_status":"closed","template":"","meta":{"slim_seo":{"title":"Vacu\u00f4metro com Frasco de Vidro 500\u202fmL \u2013 Haoxi - Hospitalaria RS","description":"Descri\u00e7\u00e3o: O Vacu\u00f4metro com Frasco de Vidro 500\u202fmL HAOXI \u00e9 utilizado para controle e monitoramento de press\u00e3o negativa em sistemas de aspira\u00e7\u00e3o a v\u00e1cuo, sendo e"}},"product_brand":[1065],"product_cat":[38],"product_tag":[1297,1305,1299,1306,1071,1304,1300,1303,1302,1294],"class_list":{"0":"post-8487","1":"product","2":"type-product","3":"status-publish","4":"has-post-thumbnail","6":"product_brand-haoxi","7":"product_cat-oxigenoterapia","8":"product_tag-aspiracao-cirurgica","9":"product_tag-aspiracao-medica","10":"product_tag-controle-de-vacuo","11":"product_tag-drenagem-hospitalar","12":"product_tag-equipamento-hospitalar","13":"product_tag-frasco-vidro-500ml","14":"product_tag-sistema-de-aspiracao","15":"product_tag-vacuometro-com-frasco-de-vidro","16":"product_tag-vacuometro-haoxi","17":"product_tag-vacuometro-hospitalar","18":"mbf-entry","20":"first","21":"outofstock","22":"shipping-taxable","23":"purchasable","24":"product-type-simple"},"_links":{"self":[{"href":"https:\/\/hospitalariars.com.br\/index.php\/wp-json\/wp\/v2\/product\/8487","targetHints":{"allow":["GET"]}}],"collection":[{"href":"https:\/\/hospitalariars.com.br\/index.php\/wp-json\/wp\/v2\/product"}],"about":[{"href":"https:\/\/hospitalariars.com.br\/index.php\/wp-json\/wp\/v2\/types\/product"}],"replies":[{"embeddable":true,"href":"https:\/\/hospitalariars.com.br\/index.php\/wp-json\/wp\/v2\/comments?post=8487"}],"wp:featuredmedia":[{"embeddable":true,"href":"https:\/\/hospitalariars.com.br\/index.php\/wp-json\/wp\/v2\/media\/8488"}],"wp:attachment":[{"href":"https:\/\/hospitalariars.com.br\/index.php\/wp-json\/wp\/v2\/media?parent=8487"}],"wp:term":[{"taxonomy":"product_brand","embeddable":true,"href":"https:\/\/hospitalariars.com.br\/index.php\/wp-json\/wp\/v2\/product_brand?post=8487"},{"taxonomy":"product_cat","embeddable":true,"href":"https:\/\/hospitalariars.com.br\/index.php\/wp-json\/wp\/v2\/product_cat?post=8487"},{"taxonomy":"product_tag","embeddable":true,"href":"https:\/\/hospitalariars.com.br\/index.php\/wp-json\/wp\/v2\/product_tag?post=8487"}],"curies":[{"name":"wp","href":"https:\/\/api.w.org\/{rel}","templated":true}]}}