{"id":8491,"date":"2025-07-07T15:51:17","date_gmt":"2025-07-07T18:51:17","guid":{"rendered":"https:\/\/hospitalariars.com.br\/?post_type=product&#038;p=8491"},"modified":"2026-03-27T16:03:30","modified_gmt":"2026-03-27T19:03:30","slug":"aspirador-venturi-para-o2-com-frasco-em-pvc-500-ml-haoxi","status":"publish","type":"product","link":"https:\/\/hospitalariars.com.br\/index.php\/produto\/aspirador-venturi-para-o2-com-frasco-em-pvc-500-ml-haoxi\/","title":{"rendered":"Aspirador Venturi para O2 com Frasco em PVC 500\u202fml  &#8211; Haoxi"},"content":{"rendered":"<p data-start=\"195\" data-end=\"614\"><strong data-start=\"195\" data-end=\"209\">Descri\u00e7\u00e3o:<\/strong><br data-start=\"209\" data-end=\"212\" \/>O Aspirador Venturi Haoxi para O2 com Frasco em PVC 500\u202fmL \u00e9 indicado para aspira\u00e7\u00e3o de secre\u00e7\u00f5es em ambiente hospitalar, utilizando o efeito Venturi com oxig\u00eanio como fonte de v\u00e1cuo. O frasco coletor em PVC transparente e resistente possui capacidade para 500\u202fmL, proporcionando seguran\u00e7a, durabilidade e facilidade na higieniza\u00e7\u00e3o. Ideal para uso em procedimentos cl\u00ednicos, cir\u00fargicos e emergenciais.<\/p>\n<p data-start=\"616\" data-end=\"646\"><strong data-start=\"616\" data-end=\"644\">Especifica\u00e7\u00f5es T\u00e9cnicas:<\/strong><\/p>\n<ul data-start=\"647\" data-end=\"914\">\n<li data-start=\"647\" data-end=\"692\">\n<p data-start=\"649\" data-end=\"692\">Sistema: Efeito Venturi com oxig\u00eanio (O2)<\/p>\n<\/li>\n<li data-start=\"693\" data-end=\"725\">\n<p data-start=\"695\" data-end=\"725\">Capacidade do frasco: 500\u202fmL<\/p>\n<\/li>\n<li data-start=\"726\" data-end=\"779\">\n<p data-start=\"728\" data-end=\"779\">Material do frasco: PVC transparente e resistente<\/p>\n<\/li>\n<li data-start=\"780\" data-end=\"854\">\n<p data-start=\"782\" data-end=\"854\">Aplica\u00e7\u00f5es: Aspira\u00e7\u00e3o de secre\u00e7\u00f5es, drenagens, uso cl\u00ednico e cir\u00fargico<\/p>\n<\/li>\n<li data-start=\"855\" data-end=\"897\">\n<p data-start=\"857\" data-end=\"897\">Uso: Reutiliz\u00e1vel e f\u00e1cil higieniza\u00e7\u00e3o<\/p>\n<\/li>\n<li data-start=\"898\" data-end=\"914\">\n<p data-start=\"900\" data-end=\"914\">Marca: Haoxi<\/p>\n<\/li>\n<\/ul>\n","protected":false},"excerpt":{"rendered":"Descri\u00e7\u00e3o:O Aspirador Venturi Haoxi para O2 com Frasco em PVC 500\u202fmL \u00e9 indicado para aspira\u00e7\u00e3o de secre\u00e7\u00f5es em&hellip;","protected":false},"featured_media":8492,"comment_status":"open","ping_status":"closed","template":"","meta":{"slim_seo":{"title":"Aspirador Venturi para O2 com Frasco em PVC 500\u202fml - Haoxi - Hospitalaria RS","description":"Descri\u00e7\u00e3o: O Aspirador Venturi Haoxi para O2 com Frasco em PVC 500\u202fmL \u00e9 indicado para aspira\u00e7\u00e3o de secre\u00e7\u00f5es em ambiente hospitalar, utilizando o efeito Venturi"}},"product_brand":[1065],"product_cat":[38],"product_tag":[1011,1312,1314,1307,1301,1316,1311,1315,1310,1243],"class_list":{"0":"post-8491","1":"product","2":"type-product","3":"status-publish","4":"has-post-thumbnail","6":"product_brand-haoxi","7":"product_cat-oxigenoterapia","8":"product_tag-aspiracao-hospitalar","9":"product_tag-aspirador-haoxi","10":"product_tag-aspirador-para-oxigenio","11":"product_tag-aspirador-venturi","12":"product_tag-drenagem-medica","13":"product_tag-equipamento-clinico","14":"product_tag-equipamento-de-succao","15":"product_tag-frasco-pvc-500ml","16":"product_tag-sistema-venturi","17":"product_tag-suporte-respiratorio","18":"mbf-entry","20":"first","21":"outofstock","22":"shipping-taxable","23":"purchasable","24":"product-type-simple"},"_links":{"self":[{"href":"https:\/\/hospitalariars.com.br\/index.php\/wp-json\/wp\/v2\/product\/8491","targetHints":{"allow":["GET"]}}],"collection":[{"href":"https:\/\/hospitalariars.com.br\/index.php\/wp-json\/wp\/v2\/product"}],"about":[{"href":"https:\/\/hospitalariars.com.br\/index.php\/wp-json\/wp\/v2\/types\/product"}],"replies":[{"embeddable":true,"href":"https:\/\/hospitalariars.com.br\/index.php\/wp-json\/wp\/v2\/comments?post=8491"}],"wp:featuredmedia":[{"embeddable":true,"href":"https:\/\/hospitalariars.com.br\/index.php\/wp-json\/wp\/v2\/media\/8492"}],"wp:attachment":[{"href":"https:\/\/hospitalariars.com.br\/index.php\/wp-json\/wp\/v2\/media?parent=8491"}],"wp:term":[{"taxonomy":"product_brand","embeddable":true,"href":"https:\/\/hospitalariars.com.br\/index.php\/wp-json\/wp\/v2\/product_brand?post=8491"},{"taxonomy":"product_cat","embeddable":true,"href":"https:\/\/hospitalariars.com.br\/index.php\/wp-json\/wp\/v2\/product_cat?post=8491"},{"taxonomy":"product_tag","embeddable":true,"href":"https:\/\/hospitalariars.com.br\/index.php\/wp-json\/wp\/v2\/product_tag?post=8491"}],"curies":[{"name":"wp","href":"https:\/\/api.w.org\/{rel}","templated":true}]}}