{"id":8497,"date":"2025-07-07T17:07:23","date_gmt":"2025-07-07T20:07:23","guid":{"rendered":"https:\/\/hospitalariars.com.br\/?post_type=product&#038;p=8497"},"modified":"2026-03-27T16:03:30","modified_gmt":"2026-03-27T19:03:30","slug":"extensao-em-nylon-trancado-1-m-para-oxigenio-haoxi","status":"publish","type":"product","link":"https:\/\/hospitalariars.com.br\/index.php\/produto\/extensao-em-nylon-trancado-1-m-para-oxigenio-haoxi\/","title":{"rendered":"Extens\u00e3o em Nylon Tran\u00e7ado 1\u202fm para Oxig\u00eanio &#8211; Haoxi"},"content":{"rendered":"<p data-start=\"176\" data-end=\"603\"><strong data-start=\"176\" data-end=\"190\">Descri\u00e7\u00e3o:<\/strong><br data-start=\"190\" data-end=\"193\" \/>A Extens\u00e3o em Nylon Tran\u00e7ado 1\u202fm para Oxig\u00eanio Haoxi \u00e9 indicada para condu\u00e7\u00e3o segura de oxig\u00eanio entre a fonte e o paciente ou equipamento, garantindo resist\u00eancia e flexibilidade durante o uso. Fabricada em nylon refor\u00e7ado com malha tran\u00e7ada, \u00e9 altamente dur\u00e1vel, leve e compat\u00edvel com conex\u00f5es padr\u00e3o hospitalares. Ideal para uso em oxigenoterapia e suporte respirat\u00f3rio em hospitais, cl\u00ednicas e consult\u00f3rios.<\/p>\n<p data-start=\"605\" data-end=\"635\"><strong data-start=\"605\" data-end=\"633\">Especifica\u00e7\u00f5es T\u00e9cnicas:<\/strong><\/p>\n<ul data-start=\"636\" data-end=\"946\">\n<li data-start=\"636\" data-end=\"660\">\n<p data-start=\"638\" data-end=\"660\">Comprimento: 1 metro<\/p>\n<\/li>\n<li data-start=\"661\" data-end=\"709\">\n<p data-start=\"663\" data-end=\"709\">Material: Nylon tran\u00e7ado de alta resist\u00eancia<\/p>\n<\/li>\n<li data-start=\"710\" data-end=\"755\">\n<p data-start=\"712\" data-end=\"755\">Aplica\u00e7\u00e3o: Condu\u00e7\u00e3o de oxig\u00eanio medicinal<\/p>\n<\/li>\n<li data-start=\"756\" data-end=\"813\">\n<p data-start=\"758\" data-end=\"813\">Cor: Transparente ou transl\u00facida (dependendo do lote)<\/p>\n<\/li>\n<li data-start=\"814\" data-end=\"876\">\n<p data-start=\"816\" data-end=\"876\">Conex\u00f5es: Compat\u00edveis com padr\u00f5es hospitalares de oxig\u00eanio<\/p>\n<\/li>\n<li data-start=\"877\" data-end=\"929\">\n<p data-start=\"879\" data-end=\"929\">Uso: Reutiliz\u00e1vel mediante higieniza\u00e7\u00e3o adequada<\/p>\n<\/li>\n<li data-start=\"930\" data-end=\"946\">\n<p data-start=\"932\" data-end=\"946\">Marca: Haoxi<\/p>\n<\/li>\n<\/ul>\n","protected":false},"excerpt":{"rendered":"Descri\u00e7\u00e3o:A Extens\u00e3o em Nylon Tran\u00e7ado 1\u202fm para Oxig\u00eanio Haoxi \u00e9 indicada para condu\u00e7\u00e3o segura de oxig\u00eanio entre a&hellip;","protected":false},"featured_media":8498,"comment_status":"open","ping_status":"closed","template":"","meta":{"slim_seo":{"title":"Extens\u00e3o em Nylon Tran\u00e7ado 1\u202fm para Oxig\u00eanio - Haoxi - Hospitalaria RS","description":"Descri\u00e7\u00e3o: A Extens\u00e3o em Nylon Tran\u00e7ado 1\u202fm para Oxig\u00eanio Haoxi \u00e9 indicada para condu\u00e7\u00e3o segura de oxig\u00eanio entre a fonte e o paciente ou equipamento, garantind"}},"product_brand":[1065],"product_cat":[38],"product_tag":[1333,1251,1329,1332,1328,1327,1334,1243,1331,1330],"class_list":{"0":"post-8497","1":"product","2":"type-product","3":"status-publish","4":"has-post-thumbnail","6":"product_brand-haoxi","7":"product_cat-oxigenoterapia","8":"product_tag-conduite-oxigenio","9":"product_tag-equipamento-de-oxigenoterapia","10":"product_tag-extensao-1-metro","11":"product_tag-extensao-haoxi","12":"product_tag-extensao-nylon-trancado","13":"product_tag-extensao-oxigenio","14":"product_tag-mangueira-reforcada","15":"product_tag-suporte-respiratorio","16":"product_tag-tubo-hospitalar","17":"product_tag-tubo-para-oxigenio","18":"mbf-entry","20":"first","21":"outofstock","22":"shipping-taxable","23":"purchasable","24":"product-type-simple"},"_links":{"self":[{"href":"https:\/\/hospitalariars.com.br\/index.php\/wp-json\/wp\/v2\/product\/8497","targetHints":{"allow":["GET"]}}],"collection":[{"href":"https:\/\/hospitalariars.com.br\/index.php\/wp-json\/wp\/v2\/product"}],"about":[{"href":"https:\/\/hospitalariars.com.br\/index.php\/wp-json\/wp\/v2\/types\/product"}],"replies":[{"embeddable":true,"href":"https:\/\/hospitalariars.com.br\/index.php\/wp-json\/wp\/v2\/comments?post=8497"}],"wp:featuredmedia":[{"embeddable":true,"href":"https:\/\/hospitalariars.com.br\/index.php\/wp-json\/wp\/v2\/media\/8498"}],"wp:attachment":[{"href":"https:\/\/hospitalariars.com.br\/index.php\/wp-json\/wp\/v2\/media?parent=8497"}],"wp:term":[{"taxonomy":"product_brand","embeddable":true,"href":"https:\/\/hospitalariars.com.br\/index.php\/wp-json\/wp\/v2\/product_brand?post=8497"},{"taxonomy":"product_cat","embeddable":true,"href":"https:\/\/hospitalariars.com.br\/index.php\/wp-json\/wp\/v2\/product_cat?post=8497"},{"taxonomy":"product_tag","embeddable":true,"href":"https:\/\/hospitalariars.com.br\/index.php\/wp-json\/wp\/v2\/product_tag?post=8497"}],"curies":[{"name":"wp","href":"https:\/\/api.w.org\/{rel}","templated":true}]}}